{"id":1267,"date":"2023-11-28T06:03:45","date_gmt":"2023-11-28T06:03:45","guid":{"rendered":"https:\/\/esledprofile.com\/?post_type=product&#038;p=1267"},"modified":"2023-12-13T01:06:28","modified_gmt":"2023-12-13T01:06:28","slug":"es-7030ud","status":"publish","type":"product","link":"https:\/\/esledprofile.com\/de\/produkt\/es-7030ud\/","title":{"rendered":"ES-7030UD"},"content":{"rendered":"","protected":false},"excerpt":{"rendered":"<table width=\"288\">\n<tbody>\n<tr>\n<td width=\"143\">Material<\/td>\n<td width=\"145\">Alu 6063-T5<\/td>\n<\/tr>\n<tr>\n<td>Oberfl\u00e4chenbehandlung<\/td>\n<td>Eloxiert\/Lackiert<\/td>\n<\/tr>\n<tr>\n<td>Material des Diffusors<\/td>\n<td>PC<\/td>\n<\/tr>\n<tr>\n<td>Anwenden auf<\/td>\n<td>Anwendung in Innenr\u00e4umen<\/td>\n<\/tr>\n<tr>\n<td>MOQ<\/td>\n<td>100Meter\/Artikel<\/td>\n<\/tr>\n<tr>\n<td>Garantie<\/td>\n<td>3 Jahre<\/td>\n<\/tr>\n<tr>\n<td>Zertifizierung<\/td>\n<td>CE,RoHS<\/td>\n<\/tr>\n<\/tbody>\n<\/table>\n<h4 class=\"elementor-heading-title elementor-size-default\"><span style=\"color: #cc0033;\">Produktmerkmale<\/span><\/h4>\n<p>Frei biegbare LED Einbauband aus Aluminium Typ 7030UD, die Gr\u00f6\u00dfe ist 30*17.1mm. Die Gesamtbreite ist 70mm mit einer einzigartigen Form und Design. Die innere Gr\u00f6\u00dfe ist 20,6, sollten Sie breitere Breite LED-Leuchtb\u00e4nder w\u00e4hlen. Kann in drei Durchmessern von kreisf\u00f6rmigen Form, Lichtstrom flexibel angepasst werden, enth\u00fcllt neue visuelle Effekte.<\/p>","protected":false},"featured_media":1268,"template":"","meta":{"_kad_post_transparent":"default","_kad_post_title":"hide","_kad_post_layout":"fullwidth","_kad_post_sidebar_id":"","_kad_post_content_style":"unboxed","_kad_post_vertical_padding":"hide","_kad_post_feature":"hide","_kad_post_feature_position":"","_kad_post_header":false,"_kad_post_footer":false,"_kad_post_classname":""},"product_brand":[],"product_cat":[30,33],"product_tag":[117,112,115],"class_list":{"0":"post-1267","1":"product","2":"type-product","3":"status-publish","4":"has-post-thumbnail","6":"product_cat-22mm-series","7":"product_cat-free-bending-series","8":"product_tag-bendable-and-flexible-led-strip-channels","9":"product_tag-bendable-led-profile-extrusion","10":"product_tag-bendable-serrated-aluminum-profile","12":"first","13":"instock","14":"shipping-taxable","15":"product-type-simple","16":"entry","17":"content-bg","18":"loop-entry"},"yoast_head":"<!-- This site is optimized with the Yoast SEO Premium plugin v24.7 (Yoast SEO v26.7) - https:\/\/yoast.com\/wordpress\/plugins\/seo\/ -->\n<title>Free Bending Recessed LED tape extrusion aluminum ES-7030UD<\/title>\n<meta name=\"description\" content=\"Free bending Recessed LED tape extrusion aluminum type 7030UD, Can be customized in three diameters of circular shape, light flow flexible.\" \/>\n<meta name=\"robots\" content=\"index, follow, max-snippet:-1, max-image-preview:large, max-video-preview:-1\" \/>\n<link rel=\"canonical\" href=\"https:\/\/esledprofile.com\/de\/produkt\/es-7030ud\/\" \/>\n<meta property=\"og:locale\" content=\"de_DE\" \/>\n<meta property=\"og:type\" content=\"article\" \/>\n<meta property=\"og:title\" content=\"ES-7030UD\" \/>\n<meta property=\"og:description\" content=\"Free bending Recessed LED tape extrusion aluminum type 7030UD, Can be customized in three diameters of circular shape, light flow flexible.\" \/>\n<meta property=\"og:url\" content=\"https:\/\/esledprofile.com\/de\/produkt\/es-7030ud\/\" \/>\n<meta property=\"og:site_name\" content=\"LED PROFILE Manufacturer\" \/>\n<meta property=\"article:modified_time\" content=\"2023-12-13T01:06:28+00:00\" \/>\n<meta property=\"og:image\" content=\"https:\/\/esledprofile.com\/wp-content\/uploads\/2023\/11\/Bendable-LED-profile-extrusion-ES-7030UD.webp\" \/>\n\t<meta property=\"og:image:width\" content=\"800\" \/>\n\t<meta property=\"og:image:height\" content=\"800\" \/>\n\t<meta property=\"og:image:type\" content=\"image\/webp\" \/>\n<meta name=\"twitter:card\" content=\"summary_large_image\" \/>\n<script type=\"application\/ld+json\" class=\"yoast-schema-graph\">{\"@context\":\"https:\/\/schema.org\",\"@graph\":[{\"@type\":\"WebPage\",\"@id\":\"https:\/\/esledprofile.com\/product\/es-7030ud\/\",\"url\":\"https:\/\/esledprofile.com\/product\/es-7030ud\/\",\"name\":\"Free Bending Recessed LED tape extrusion aluminum ES-7030UD\",\"isPartOf\":{\"@id\":\"https:\/\/esledprofile.com\/#website\"},\"primaryImageOfPage\":{\"@id\":\"https:\/\/esledprofile.com\/product\/es-7030ud\/#primaryimage\"},\"image\":{\"@id\":\"https:\/\/esledprofile.com\/product\/es-7030ud\/#primaryimage\"},\"thumbnailUrl\":\"https:\/\/esledprofile.com\/wp-content\/uploads\/2023\/11\/Bendable-LED-profile-extrusion-ES-7030UD.webp\",\"datePublished\":\"2023-11-28T06:03:45+00:00\",\"dateModified\":\"2023-12-13T01:06:28+00:00\",\"description\":\"Free bending Recessed LED tape extrusion aluminum type 7030UD, Can be customized in three diameters of circular shape, light flow flexible.\",\"breadcrumb\":{\"@id\":\"https:\/\/esledprofile.com\/product\/es-7030ud\/#breadcrumb\"},\"inLanguage\":\"de\",\"potentialAction\":[{\"@type\":\"ReadAction\",\"target\":[\"https:\/\/esledprofile.com\/product\/es-7030ud\/\"]}]},{\"@type\":\"ImageObject\",\"inLanguage\":\"de\",\"@id\":\"https:\/\/esledprofile.com\/product\/es-7030ud\/#primaryimage\",\"url\":\"https:\/\/esledprofile.com\/wp-content\/uploads\/2023\/11\/Bendable-LED-profile-extrusion-ES-7030UD.webp\",\"contentUrl\":\"https:\/\/esledprofile.com\/wp-content\/uploads\/2023\/11\/Bendable-LED-profile-extrusion-ES-7030UD.webp\",\"width\":800,\"height\":800,\"caption\":\"Bendable LED profile extrusion ES-7030UD\"},{\"@type\":\"BreadcrumbList\",\"@id\":\"https:\/\/esledprofile.com\/product\/es-7030ud\/#breadcrumb\",\"itemListElement\":[{\"@type\":\"ListItem\",\"position\":1,\"name\":\"Home\",\"item\":\"https:\/\/esledprofile.com\/\"},{\"@type\":\"ListItem\",\"position\":2,\"name\":\"Product\",\"item\":\"https:\/\/esledprofile.com\/product\/\"},{\"@type\":\"ListItem\",\"position\":3,\"name\":\"ES-7030UD\"}]},{\"@type\":\"WebSite\",\"@id\":\"https:\/\/esledprofile.com\/#website\",\"url\":\"https:\/\/esledprofile.com\/\",\"name\":\"LED PROFILE Manufacturer\",\"description\":\"\",\"publisher\":{\"@id\":\"https:\/\/esledprofile.com\/#organization\"},\"potentialAction\":[{\"@type\":\"SearchAction\",\"target\":{\"@type\":\"EntryPoint\",\"urlTemplate\":\"https:\/\/esledprofile.com\/?s={search_term_string}\"},\"query-input\":{\"@type\":\"PropertyValueSpecification\",\"valueRequired\":true,\"valueName\":\"search_term_string\"}}],\"inLanguage\":\"de\"},{\"@type\":\"Organization\",\"@id\":\"https:\/\/esledprofile.com\/#organization\",\"name\":\"LED PROFILE Manufacturer\",\"url\":\"https:\/\/esledprofile.com\/\",\"logo\":{\"@type\":\"ImageObject\",\"inLanguage\":\"de\",\"@id\":\"https:\/\/esledprofile.com\/#\/schema\/logo\/image\/\",\"url\":\"https:\/\/esledprofile.com\/wp-content\/uploads\/2023\/11\/logo1-removebg-preview.png\",\"contentUrl\":\"https:\/\/esledprofile.com\/wp-content\/uploads\/2023\/11\/logo1-removebg-preview.png\",\"width\":350,\"height\":100,\"caption\":\"LED PROFILE Manufacturer\"},\"image\":{\"@id\":\"https:\/\/esledprofile.com\/#\/schema\/logo\/image\/\"}}]}<\/script>\n<!-- \/ Yoast SEO Premium plugin. -->","yoast_head_json":{"title":"Freies Biegen LED-Band aus Aluminium ES-7030UD","description":"Free bending Recessed LED Band Extrusion Aluminium Typ 7030UD, kann in drei Durchmessern von kreisf\u00f6rmigen Form, Lichtstrom flexibel angepasst werden.","robots":{"index":"index","follow":"follow","max-snippet":"max-snippet:-1","max-image-preview":"max-image-preview:large","max-video-preview":"max-video-preview:-1"},"canonical":"https:\/\/esledprofile.com\/de\/produkt\/es-7030ud\/","og_locale":"de_DE","og_type":"article","og_title":"ES-7030UD","og_description":"Free bending Recessed LED tape extrusion aluminum type 7030UD, Can be customized in three diameters of circular shape, light flow flexible.","og_url":"https:\/\/esledprofile.com\/de\/produkt\/es-7030ud\/","og_site_name":"LED PROFILE Manufacturer","article_modified_time":"2023-12-13T01:06:28+00:00","og_image":[{"width":800,"height":800,"url":"https:\/\/esledprofile.com\/wp-content\/uploads\/2023\/11\/Bendable-LED-profile-extrusion-ES-7030UD.webp","type":"image\/webp"}],"twitter_card":"summary_large_image","schema":{"@context":"https:\/\/schema.org","@graph":[{"@type":"WebPage","@id":"https:\/\/esledprofile.com\/product\/es-7030ud\/","url":"https:\/\/esledprofile.com\/product\/es-7030ud\/","name":"Freies Biegen LED-Band aus Aluminium ES-7030UD","isPartOf":{"@id":"https:\/\/esledprofile.com\/#website"},"primaryImageOfPage":{"@id":"https:\/\/esledprofile.com\/product\/es-7030ud\/#primaryimage"},"image":{"@id":"https:\/\/esledprofile.com\/product\/es-7030ud\/#primaryimage"},"thumbnailUrl":"https:\/\/esledprofile.com\/wp-content\/uploads\/2023\/11\/Bendable-LED-profile-extrusion-ES-7030UD.webp","datePublished":"2023-11-28T06:03:45+00:00","dateModified":"2023-12-13T01:06:28+00:00","description":"Free bending Recessed LED Band Extrusion Aluminium Typ 7030UD, kann in drei Durchmessern von kreisf\u00f6rmigen Form, Lichtstrom flexibel angepasst werden.","breadcrumb":{"@id":"https:\/\/esledprofile.com\/product\/es-7030ud\/#breadcrumb"},"inLanguage":"de","potentialAction":[{"@type":"ReadAction","target":["https:\/\/esledprofile.com\/product\/es-7030ud\/"]}]},{"@type":"ImageObject","inLanguage":"de","@id":"https:\/\/esledprofile.com\/product\/es-7030ud\/#primaryimage","url":"https:\/\/esledprofile.com\/wp-content\/uploads\/2023\/11\/Bendable-LED-profile-extrusion-ES-7030UD.webp","contentUrl":"https:\/\/esledprofile.com\/wp-content\/uploads\/2023\/11\/Bendable-LED-profile-extrusion-ES-7030UD.webp","width":800,"height":800,"caption":"Bendable LED profile extrusion ES-7030UD"},{"@type":"BreadcrumbList","@id":"https:\/\/esledprofile.com\/product\/es-7030ud\/#breadcrumb","itemListElement":[{"@type":"ListItem","position":1,"name":"Home","item":"https:\/\/esledprofile.com\/"},{"@type":"ListItem","position":2,"name":"Product","item":"https:\/\/esledprofile.com\/product\/"},{"@type":"ListItem","position":3,"name":"ES-7030UD"}]},{"@type":"WebSite","@id":"https:\/\/esledprofile.com\/#website","url":"https:\/\/esledprofile.com\/","name":"LED PROFILE Hersteller","description":"","publisher":{"@id":"https:\/\/esledprofile.com\/#organization"},"potentialAction":[{"@type":"SearchAction","target":{"@type":"EntryPoint","urlTemplate":"https:\/\/esledprofile.com\/?s={search_term_string}"},"query-input":{"@type":"PropertyValueSpecification","valueRequired":true,"valueName":"search_term_string"}}],"inLanguage":"de"},{"@type":"Organization","@id":"https:\/\/esledprofile.com\/#organization","name":"LED PROFILE Hersteller","url":"https:\/\/esledprofile.com\/","logo":{"@type":"ImageObject","inLanguage":"de","@id":"https:\/\/esledprofile.com\/#\/schema\/logo\/image\/","url":"https:\/\/esledprofile.com\/wp-content\/uploads\/2023\/11\/logo1-removebg-preview.png","contentUrl":"https:\/\/esledprofile.com\/wp-content\/uploads\/2023\/11\/logo1-removebg-preview.png","width":350,"height":100,"caption":"LED PROFILE Manufacturer"},"image":{"@id":"https:\/\/esledprofile.com\/#\/schema\/logo\/image\/"}}]}},"_links":{"self":[{"href":"https:\/\/esledprofile.com\/de\/wp-json\/wp\/v2\/product\/1267","targetHints":{"allow":["GET"]}}],"collection":[{"href":"https:\/\/esledprofile.com\/de\/wp-json\/wp\/v2\/product"}],"about":[{"href":"https:\/\/esledprofile.com\/de\/wp-json\/wp\/v2\/types\/product"}],"version-history":[{"count":0,"href":"https:\/\/esledprofile.com\/de\/wp-json\/wp\/v2\/product\/1267\/revisions"}],"wp:featuredmedia":[{"embeddable":true,"href":"https:\/\/esledprofile.com\/de\/wp-json\/wp\/v2\/media\/1268"}],"wp:attachment":[{"href":"https:\/\/esledprofile.com\/de\/wp-json\/wp\/v2\/media?parent=1267"}],"wp:term":[{"taxonomy":"product_brand","embeddable":true,"href":"https:\/\/esledprofile.com\/de\/wp-json\/wp\/v2\/product_brand?post=1267"},{"taxonomy":"product_cat","embeddable":true,"href":"https:\/\/esledprofile.com\/de\/wp-json\/wp\/v2\/product_cat?post=1267"},{"taxonomy":"product_tag","embeddable":true,"href":"https:\/\/esledprofile.com\/de\/wp-json\/wp\/v2\/product_tag?post=1267"}],"curies":[{"name":"wp","href":"https:\/\/api.w.org\/{rel}","templated":true}]}}