{"id":1297,"date":"2023-11-28T06:54:21","date_gmt":"2023-11-28T06:54:21","guid":{"rendered":"https:\/\/esledprofile.com\/?post_type=product&#038;p=1297"},"modified":"2023-12-13T06:21:06","modified_gmt":"2023-12-13T06:21:06","slug":"es-4013lr","status":"publish","type":"product","link":"https:\/\/esledprofile.com\/de\/produkt\/es-4013lr\/","title":{"rendered":"ES-4013LR"},"content":{"rendered":"","protected":false},"excerpt":{"rendered":"<table width=\"288\">\n<tbody>\n<tr>\n<td width=\"143\">Material<\/td>\n<td width=\"145\">Alu 6063-T5<\/td>\n<\/tr>\n<tr>\n<td>Oberfl\u00e4chenbehandlung<\/td>\n<td>Eloxiert\/Lackiert<\/td>\n<\/tr>\n<tr>\n<td>Material des Diffusors<\/td>\n<td>PC<\/td>\n<\/tr>\n<tr>\n<td>Anwenden auf<\/td>\n<td>Anwendung in Innenr\u00e4umen<\/td>\n<\/tr>\n<tr>\n<td>MOQ<\/td>\n<td>100Meter\/Artikel<\/td>\n<\/tr>\n<tr>\n<td>Garantie<\/td>\n<td>3 Jahre<\/td>\n<\/tr>\n<tr>\n<td>Zertifizierung<\/td>\n<td>CE,RoHS<\/td>\n<\/tr>\n<\/tbody>\n<\/table>\n<h4 class=\"elementor-heading-title elementor-size-default\"><span style=\"color: #cc0033;\">Produktmerkmale<\/span><\/h4>\n<p>Freies Biegen LED-Streifen Aluminium-Profile Modell 4013LR, die Gr\u00f6\u00dfe ist 12,8 * 39,4 mm. Die H\u00f6he von bis zu 40mm, wird haupts\u00e4chlich verwendet, um den Rand der Wand zu biegen, um ein sch\u00f6nes und einzigartiges Licht zu bilden. Bitte beachten Sie, dass die innere Gr\u00f6\u00dfe 7.9mm ist, so m\u00fcssen Sie die geeignete Breite LED-Streifen Lichter 4-6mm w\u00e4hlen.<\/p>","protected":false},"featured_media":1300,"template":"","meta":{"_kad_post_transparent":"default","_kad_post_title":"hide","_kad_post_layout":"fullwidth","_kad_post_sidebar_id":"","_kad_post_content_style":"unboxed","_kad_post_vertical_padding":"hide","_kad_post_feature":"hide","_kad_post_feature_position":"","_kad_post_header":false,"_kad_post_footer":false,"_kad_post_classname":""},"product_brand":[],"product_cat":[33,32],"product_tag":[117,114,79],"class_list":{"0":"post-1297","1":"product","2":"type-product","3":"status-publish","4":"has-post-thumbnail","6":"product_cat-free-bending-series","7":"product_cat-special-series","8":"product_tag-bendable-and-flexible-led-strip-channels","9":"product_tag-bendable-lighting-profile","10":"product_tag-channel-profiles","12":"first","13":"instock","14":"shipping-taxable","15":"product-type-simple","16":"entry","17":"content-bg","18":"loop-entry"},"yoast_head":"<!-- This site is optimized with the Yoast SEO Premium plugin v24.7 (Yoast SEO v26.7) - https:\/\/yoast.com\/wordpress\/plugins\/seo\/ -->\n<title>Free bending LED strip Aluminium Profiles ES-4013LR - LED PROFILE Manufacturer<\/title>\n<meta name=\"description\" content=\"Free bending LED strip Aluminium Profiles model 4013LR,size is 12.8*39.4mm. the inner size is 7.9mm, and suitable width LED strip lights 4-6mm.\" \/>\n<meta name=\"robots\" content=\"index, follow, max-snippet:-1, max-image-preview:large, max-video-preview:-1\" \/>\n<link rel=\"canonical\" href=\"https:\/\/esledprofile.com\/de\/produkt\/es-4013lr\/\" \/>\n<meta property=\"og:locale\" content=\"de_DE\" \/>\n<meta property=\"og:type\" content=\"article\" \/>\n<meta property=\"og:title\" content=\"ES-4013LR\" \/>\n<meta property=\"og:description\" content=\"Free bending LED strip Aluminium Profiles model 4013LR,size is 12.8*39.4mm. the inner size is 7.9mm, and suitable width LED strip lights 4-6mm.\" \/>\n<meta property=\"og:url\" content=\"https:\/\/esledprofile.com\/de\/produkt\/es-4013lr\/\" \/>\n<meta property=\"og:site_name\" content=\"LED PROFILE Manufacturer\" \/>\n<meta property=\"article:modified_time\" content=\"2023-12-13T06:21:06+00:00\" \/>\n<meta property=\"og:image\" content=\"https:\/\/esledprofile.com\/wp-content\/uploads\/2023\/11\/flexible-aluminum-LED-profile-ES-4013LR.webp\" \/>\n\t<meta property=\"og:image:width\" content=\"800\" \/>\n\t<meta property=\"og:image:height\" content=\"800\" \/>\n\t<meta property=\"og:image:type\" content=\"image\/webp\" \/>\n<meta name=\"twitter:card\" content=\"summary_large_image\" \/>\n<script type=\"application\/ld+json\" class=\"yoast-schema-graph\">{\"@context\":\"https:\/\/schema.org\",\"@graph\":[{\"@type\":\"WebPage\",\"@id\":\"https:\/\/esledprofile.com\/product\/es-4013lr\/\",\"url\":\"https:\/\/esledprofile.com\/product\/es-4013lr\/\",\"name\":\"Free bending LED strip Aluminium Profiles ES-4013LR - LED PROFILE Manufacturer\",\"isPartOf\":{\"@id\":\"https:\/\/esledprofile.com\/#website\"},\"primaryImageOfPage\":{\"@id\":\"https:\/\/esledprofile.com\/product\/es-4013lr\/#primaryimage\"},\"image\":{\"@id\":\"https:\/\/esledprofile.com\/product\/es-4013lr\/#primaryimage\"},\"thumbnailUrl\":\"https:\/\/esledprofile.com\/wp-content\/uploads\/2023\/11\/flexible-aluminum-LED-profile-ES-4013LR.webp\",\"datePublished\":\"2023-11-28T06:54:21+00:00\",\"dateModified\":\"2023-12-13T06:21:06+00:00\",\"description\":\"Free bending LED strip Aluminium Profiles model 4013LR,size is 12.8*39.4mm. the inner size is 7.9mm, and suitable width LED strip lights 4-6mm.\",\"breadcrumb\":{\"@id\":\"https:\/\/esledprofile.com\/product\/es-4013lr\/#breadcrumb\"},\"inLanguage\":\"de\",\"potentialAction\":[{\"@type\":\"ReadAction\",\"target\":[\"https:\/\/esledprofile.com\/product\/es-4013lr\/\"]}]},{\"@type\":\"ImageObject\",\"inLanguage\":\"de\",\"@id\":\"https:\/\/esledprofile.com\/product\/es-4013lr\/#primaryimage\",\"url\":\"https:\/\/esledprofile.com\/wp-content\/uploads\/2023\/11\/flexible-aluminum-LED-profile-ES-4013LR.webp\",\"contentUrl\":\"https:\/\/esledprofile.com\/wp-content\/uploads\/2023\/11\/flexible-aluminum-LED-profile-ES-4013LR.webp\",\"width\":800,\"height\":800,\"caption\":\"flexible aluminum LED profile ES-4013LR\"},{\"@type\":\"BreadcrumbList\",\"@id\":\"https:\/\/esledprofile.com\/product\/es-4013lr\/#breadcrumb\",\"itemListElement\":[{\"@type\":\"ListItem\",\"position\":1,\"name\":\"Home\",\"item\":\"https:\/\/esledprofile.com\/\"},{\"@type\":\"ListItem\",\"position\":2,\"name\":\"Product\",\"item\":\"https:\/\/esledprofile.com\/product\/\"},{\"@type\":\"ListItem\",\"position\":3,\"name\":\"ES-4013LR\"}]},{\"@type\":\"WebSite\",\"@id\":\"https:\/\/esledprofile.com\/#website\",\"url\":\"https:\/\/esledprofile.com\/\",\"name\":\"LED PROFILE Manufacturer\",\"description\":\"\",\"publisher\":{\"@id\":\"https:\/\/esledprofile.com\/#organization\"},\"potentialAction\":[{\"@type\":\"SearchAction\",\"target\":{\"@type\":\"EntryPoint\",\"urlTemplate\":\"https:\/\/esledprofile.com\/?s={search_term_string}\"},\"query-input\":{\"@type\":\"PropertyValueSpecification\",\"valueRequired\":true,\"valueName\":\"search_term_string\"}}],\"inLanguage\":\"de\"},{\"@type\":\"Organization\",\"@id\":\"https:\/\/esledprofile.com\/#organization\",\"name\":\"LED PROFILE Manufacturer\",\"url\":\"https:\/\/esledprofile.com\/\",\"logo\":{\"@type\":\"ImageObject\",\"inLanguage\":\"de\",\"@id\":\"https:\/\/esledprofile.com\/#\/schema\/logo\/image\/\",\"url\":\"https:\/\/esledprofile.com\/wp-content\/uploads\/2023\/11\/logo1-removebg-preview.png\",\"contentUrl\":\"https:\/\/esledprofile.com\/wp-content\/uploads\/2023\/11\/logo1-removebg-preview.png\",\"width\":350,\"height\":100,\"caption\":\"LED PROFILE Manufacturer\"},\"image\":{\"@id\":\"https:\/\/esledprofile.com\/#\/schema\/logo\/image\/\"}}]}<\/script>\n<!-- \/ Yoast SEO Premium plugin. -->","yoast_head_json":{"title":"Free bending LED strip Aluminium Profiles ES-4013LR - LED PROFILE Manufacturer","description":"Free bending LED strip Aluminium Profiles model 4013LR,size is 12.8*39.4mm. the inner size is 7.9mm, and suitable width LED strip lights 4-6mm.","robots":{"index":"index","follow":"follow","max-snippet":"max-snippet:-1","max-image-preview":"max-image-preview:large","max-video-preview":"max-video-preview:-1"},"canonical":"https:\/\/esledprofile.com\/de\/produkt\/es-4013lr\/","og_locale":"de_DE","og_type":"article","og_title":"ES-4013LR","og_description":"Free bending LED strip Aluminium Profiles model 4013LR,size is 12.8*39.4mm. the inner size is 7.9mm, and suitable width LED strip lights 4-6mm.","og_url":"https:\/\/esledprofile.com\/de\/produkt\/es-4013lr\/","og_site_name":"LED PROFILE Manufacturer","article_modified_time":"2023-12-13T06:21:06+00:00","og_image":[{"width":800,"height":800,"url":"https:\/\/esledprofile.com\/wp-content\/uploads\/2023\/11\/flexible-aluminum-LED-profile-ES-4013LR.webp","type":"image\/webp"}],"twitter_card":"summary_large_image","schema":{"@context":"https:\/\/schema.org","@graph":[{"@type":"WebPage","@id":"https:\/\/esledprofile.com\/product\/es-4013lr\/","url":"https:\/\/esledprofile.com\/product\/es-4013lr\/","name":"Free bending LED strip Aluminium Profiles ES-4013LR - LED PROFILE Manufacturer","isPartOf":{"@id":"https:\/\/esledprofile.com\/#website"},"primaryImageOfPage":{"@id":"https:\/\/esledprofile.com\/product\/es-4013lr\/#primaryimage"},"image":{"@id":"https:\/\/esledprofile.com\/product\/es-4013lr\/#primaryimage"},"thumbnailUrl":"https:\/\/esledprofile.com\/wp-content\/uploads\/2023\/11\/flexible-aluminum-LED-profile-ES-4013LR.webp","datePublished":"2023-11-28T06:54:21+00:00","dateModified":"2023-12-13T06:21:06+00:00","description":"Free bending LED strip Aluminium Profiles model 4013LR,size is 12.8*39.4mm. the inner size is 7.9mm, and suitable width LED strip lights 4-6mm.","breadcrumb":{"@id":"https:\/\/esledprofile.com\/product\/es-4013lr\/#breadcrumb"},"inLanguage":"de","potentialAction":[{"@type":"ReadAction","target":["https:\/\/esledprofile.com\/product\/es-4013lr\/"]}]},{"@type":"ImageObject","inLanguage":"de","@id":"https:\/\/esledprofile.com\/product\/es-4013lr\/#primaryimage","url":"https:\/\/esledprofile.com\/wp-content\/uploads\/2023\/11\/flexible-aluminum-LED-profile-ES-4013LR.webp","contentUrl":"https:\/\/esledprofile.com\/wp-content\/uploads\/2023\/11\/flexible-aluminum-LED-profile-ES-4013LR.webp","width":800,"height":800,"caption":"flexible aluminum LED profile ES-4013LR"},{"@type":"BreadcrumbList","@id":"https:\/\/esledprofile.com\/product\/es-4013lr\/#breadcrumb","itemListElement":[{"@type":"ListItem","position":1,"name":"Home","item":"https:\/\/esledprofile.com\/"},{"@type":"ListItem","position":2,"name":"Product","item":"https:\/\/esledprofile.com\/product\/"},{"@type":"ListItem","position":3,"name":"ES-4013LR"}]},{"@type":"WebSite","@id":"https:\/\/esledprofile.com\/#website","url":"https:\/\/esledprofile.com\/","name":"LED PROFILE Hersteller","description":"","publisher":{"@id":"https:\/\/esledprofile.com\/#organization"},"potentialAction":[{"@type":"SearchAction","target":{"@type":"EntryPoint","urlTemplate":"https:\/\/esledprofile.com\/?s={search_term_string}"},"query-input":{"@type":"PropertyValueSpecification","valueRequired":true,"valueName":"search_term_string"}}],"inLanguage":"de"},{"@type":"Organization","@id":"https:\/\/esledprofile.com\/#organization","name":"LED PROFILE Hersteller","url":"https:\/\/esledprofile.com\/","logo":{"@type":"ImageObject","inLanguage":"de","@id":"https:\/\/esledprofile.com\/#\/schema\/logo\/image\/","url":"https:\/\/esledprofile.com\/wp-content\/uploads\/2023\/11\/logo1-removebg-preview.png","contentUrl":"https:\/\/esledprofile.com\/wp-content\/uploads\/2023\/11\/logo1-removebg-preview.png","width":350,"height":100,"caption":"LED PROFILE Manufacturer"},"image":{"@id":"https:\/\/esledprofile.com\/#\/schema\/logo\/image\/"}}]}},"_links":{"self":[{"href":"https:\/\/esledprofile.com\/de\/wp-json\/wp\/v2\/product\/1297","targetHints":{"allow":["GET"]}}],"collection":[{"href":"https:\/\/esledprofile.com\/de\/wp-json\/wp\/v2\/product"}],"about":[{"href":"https:\/\/esledprofile.com\/de\/wp-json\/wp\/v2\/types\/product"}],"version-history":[{"count":0,"href":"https:\/\/esledprofile.com\/de\/wp-json\/wp\/v2\/product\/1297\/revisions"}],"wp:featuredmedia":[{"embeddable":true,"href":"https:\/\/esledprofile.com\/de\/wp-json\/wp\/v2\/media\/1300"}],"wp:attachment":[{"href":"https:\/\/esledprofile.com\/de\/wp-json\/wp\/v2\/media?parent=1297"}],"wp:term":[{"taxonomy":"product_brand","embeddable":true,"href":"https:\/\/esledprofile.com\/de\/wp-json\/wp\/v2\/product_brand?post=1297"},{"taxonomy":"product_cat","embeddable":true,"href":"https:\/\/esledprofile.com\/de\/wp-json\/wp\/v2\/product_cat?post=1297"},{"taxonomy":"product_tag","embeddable":true,"href":"https:\/\/esledprofile.com\/de\/wp-json\/wp\/v2\/product_tag?post=1297"}],"curies":[{"name":"wp","href":"https:\/\/api.w.org\/{rel}","templated":true}]}}