{"id":1477,"date":"2023-11-29T01:38:51","date_gmt":"2023-11-29T01:38:51","guid":{"rendered":"https:\/\/esledprofile.com\/?post_type=product&#038;p=1477"},"modified":"2023-12-15T06:37:09","modified_gmt":"2023-12-15T06:37:09","slug":"es-0811","status":"publish","type":"product","link":"https:\/\/esledprofile.com\/de\/produkt\/es-0811\/","title":{"rendered":"ES-0811"},"content":{"rendered":"","protected":false},"excerpt":{"rendered":"<table width=\"288\">\n<tbody>\n<tr>\n<td width=\"143\">Material<\/td>\n<td width=\"145\">Alu 6063-T5<\/td>\n<\/tr>\n<tr>\n<td>Oberfl\u00e4chenbehandlung<\/td>\n<td>Eloxiert\/Lackiert<\/td>\n<\/tr>\n<tr>\n<td>Material des Diffusors<\/td>\n<td>PC<\/td>\n<\/tr>\n<tr>\n<td>Anwenden auf<\/td>\n<td>Anwendung in Innenr\u00e4umen<\/td>\n<\/tr>\n<tr>\n<td>MOQ<\/td>\n<td>100Meter\/Artikel<\/td>\n<\/tr>\n<tr>\n<td>Garantie<\/td>\n<td>3 Jahre<\/td>\n<\/tr>\n<tr>\n<td>Zertifizierung<\/td>\n<td>CE,RoHS<\/td>\n<\/tr>\n<\/tbody>\n<\/table>\n<h4 class=\"elementor-heading-title elementor-size-default\"><span style=\"color: #cc0033;\">Produktmerkmale<\/span><\/h4>\n<p>Architektonisches LED-Einbauprofil Typ 0811, die Gr\u00f6\u00dfe ist 8,3*11,9mm. Diese LED-Aluminium-Profil ist klein und geeignet f\u00fcr die Installation in engen Orten. Die Form ultrad\u00fcnne Gr\u00f6\u00dfe nimmt keinen Platz, k\u00f6nnen Sie beachten, die innere Gr\u00f6\u00dfe ist 5,3 mm, so dass eine Breite von 4-5 mm LED-Leuchtb\u00e4nder geeignet sein wird.<\/p>","protected":false},"featured_media":1479,"template":"","meta":{"_kad_post_transparent":"default","_kad_post_title":"hide","_kad_post_layout":"fullwidth","_kad_post_sidebar_id":"","_kad_post_content_style":"unboxed","_kad_post_vertical_padding":"hide","_kad_post_feature":"hide","_kad_post_feature_position":"","_kad_post_header":false,"_kad_post_footer":false,"_kad_post_classname":""},"product_brand":[],"product_cat":[46,47],"product_tag":[77,87,88],"class_list":{"0":"post-1477","1":"product","2":"type-product","3":"status-publish","4":"has-post-thumbnail","6":"product_cat-architectural-series-2-0","7":"product_cat-without-edge-series-architectural-series-2-0","8":"product_tag-led-channel","9":"product_tag-led-channel-systems","10":"product_tag-led-profiles","12":"first","13":"instock","14":"shipping-taxable","15":"product-type-simple","16":"entry","17":"content-bg","18":"loop-entry"},"yoast_head":"<!-- This site is optimized with the Yoast SEO Premium plugin v24.7 (Yoast SEO v26.7) - https:\/\/yoast.com\/wordpress\/plugins\/seo\/ -->\n<title>Architectural Recessed LED profile ES-0811 - LED PROFILE Manufacturer<\/title>\n<meta name=\"description\" content=\"Architectural Recessed LED profile type 0811, 8.3*11.9mm. This LED aluminum profile is small and suitable for installation in narrow places.\" \/>\n<meta name=\"robots\" content=\"index, follow, max-snippet:-1, max-image-preview:large, max-video-preview:-1\" \/>\n<link rel=\"canonical\" href=\"https:\/\/esledprofile.com\/de\/produkt\/es-0811\/\" \/>\n<meta property=\"og:locale\" content=\"de_DE\" \/>\n<meta property=\"og:type\" content=\"article\" \/>\n<meta property=\"og:title\" content=\"ES-0811\" \/>\n<meta property=\"og:description\" content=\"Architectural Recessed LED profile type 0811, 8.3*11.9mm. This LED aluminum profile is small and suitable for installation in narrow places.\" \/>\n<meta property=\"og:url\" content=\"https:\/\/esledprofile.com\/de\/produkt\/es-0811\/\" \/>\n<meta property=\"og:site_name\" content=\"LED PROFILE Manufacturer\" \/>\n<meta property=\"article:modified_time\" content=\"2023-12-15T06:37:09+00:00\" \/>\n<meta property=\"og:image\" content=\"https:\/\/esledprofile.com\/wp-content\/uploads\/2023\/11\/LED-Channel-Systems-ES-0811.webp\" \/>\n\t<meta property=\"og:image:width\" content=\"800\" \/>\n\t<meta property=\"og:image:height\" content=\"800\" \/>\n\t<meta property=\"og:image:type\" content=\"image\/webp\" \/>\n<meta name=\"twitter:card\" content=\"summary_large_image\" \/>\n<meta name=\"twitter:label1\" content=\"Gesch\u00e4tzte Lesezeit\" \/>\n\t<meta name=\"twitter:data1\" content=\"1\u00a0Minute\" \/>\n<script type=\"application\/ld+json\" class=\"yoast-schema-graph\">{\"@context\":\"https:\/\/schema.org\",\"@graph\":[{\"@type\":\"WebPage\",\"@id\":\"https:\/\/esledprofile.com\/product\/es-0811\/\",\"url\":\"https:\/\/esledprofile.com\/product\/es-0811\/\",\"name\":\"Architectural Recessed LED profile ES-0811 - LED PROFILE Manufacturer\",\"isPartOf\":{\"@id\":\"https:\/\/esledprofile.com\/#website\"},\"primaryImageOfPage\":{\"@id\":\"https:\/\/esledprofile.com\/product\/es-0811\/#primaryimage\"},\"image\":{\"@id\":\"https:\/\/esledprofile.com\/product\/es-0811\/#primaryimage\"},\"thumbnailUrl\":\"https:\/\/esledprofile.com\/wp-content\/uploads\/2023\/11\/LED-Channel-Systems-ES-0811.webp\",\"datePublished\":\"2023-11-29T01:38:51+00:00\",\"dateModified\":\"2023-12-15T06:37:09+00:00\",\"description\":\"Architectural Recessed LED profile type 0811, 8.3*11.9mm. This LED aluminum profile is small and suitable for installation in narrow places.\",\"breadcrumb\":{\"@id\":\"https:\/\/esledprofile.com\/product\/es-0811\/#breadcrumb\"},\"inLanguage\":\"de\",\"potentialAction\":[{\"@type\":\"ReadAction\",\"target\":[\"https:\/\/esledprofile.com\/product\/es-0811\/\"]}]},{\"@type\":\"ImageObject\",\"inLanguage\":\"de\",\"@id\":\"https:\/\/esledprofile.com\/product\/es-0811\/#primaryimage\",\"url\":\"https:\/\/esledprofile.com\/wp-content\/uploads\/2023\/11\/LED-Channel-Systems-ES-0811.webp\",\"contentUrl\":\"https:\/\/esledprofile.com\/wp-content\/uploads\/2023\/11\/LED-Channel-Systems-ES-0811.webp\",\"width\":800,\"height\":800,\"caption\":\"LED Channel Systems ES-0811\"},{\"@type\":\"BreadcrumbList\",\"@id\":\"https:\/\/esledprofile.com\/product\/es-0811\/#breadcrumb\",\"itemListElement\":[{\"@type\":\"ListItem\",\"position\":1,\"name\":\"Home\",\"item\":\"https:\/\/esledprofile.com\/\"},{\"@type\":\"ListItem\",\"position\":2,\"name\":\"Product\",\"item\":\"https:\/\/esledprofile.com\/product\/\"},{\"@type\":\"ListItem\",\"position\":3,\"name\":\"ES-0811\"}]},{\"@type\":\"WebSite\",\"@id\":\"https:\/\/esledprofile.com\/#website\",\"url\":\"https:\/\/esledprofile.com\/\",\"name\":\"LED PROFILE Manufacturer\",\"description\":\"\",\"publisher\":{\"@id\":\"https:\/\/esledprofile.com\/#organization\"},\"potentialAction\":[{\"@type\":\"SearchAction\",\"target\":{\"@type\":\"EntryPoint\",\"urlTemplate\":\"https:\/\/esledprofile.com\/?s={search_term_string}\"},\"query-input\":{\"@type\":\"PropertyValueSpecification\",\"valueRequired\":true,\"valueName\":\"search_term_string\"}}],\"inLanguage\":\"de\"},{\"@type\":\"Organization\",\"@id\":\"https:\/\/esledprofile.com\/#organization\",\"name\":\"LED PROFILE Manufacturer\",\"url\":\"https:\/\/esledprofile.com\/\",\"logo\":{\"@type\":\"ImageObject\",\"inLanguage\":\"de\",\"@id\":\"https:\/\/esledprofile.com\/#\/schema\/logo\/image\/\",\"url\":\"https:\/\/esledprofile.com\/wp-content\/uploads\/2023\/11\/logo1-removebg-preview.png\",\"contentUrl\":\"https:\/\/esledprofile.com\/wp-content\/uploads\/2023\/11\/logo1-removebg-preview.png\",\"width\":350,\"height\":100,\"caption\":\"LED PROFILE Manufacturer\"},\"image\":{\"@id\":\"https:\/\/esledprofile.com\/#\/schema\/logo\/image\/\"}}]}<\/script>\n<!-- \/ Yoast SEO Premium plugin. -->","yoast_head_json":{"title":"Architectural Recessed LED profile ES-0811 - LED PROFILE Manufacturer","description":"Architectural Recessed LED profile type 0811, 8.3*11.9mm. This LED aluminum profile is small and suitable for installation in narrow places.","robots":{"index":"index","follow":"follow","max-snippet":"max-snippet:-1","max-image-preview":"max-image-preview:large","max-video-preview":"max-video-preview:-1"},"canonical":"https:\/\/esledprofile.com\/de\/produkt\/es-0811\/","og_locale":"de_DE","og_type":"article","og_title":"ES-0811","og_description":"Architectural Recessed LED profile type 0811, 8.3*11.9mm. This LED aluminum profile is small and suitable for installation in narrow places.","og_url":"https:\/\/esledprofile.com\/de\/produkt\/es-0811\/","og_site_name":"LED PROFILE Manufacturer","article_modified_time":"2023-12-15T06:37:09+00:00","og_image":[{"width":800,"height":800,"url":"https:\/\/esledprofile.com\/wp-content\/uploads\/2023\/11\/LED-Channel-Systems-ES-0811.webp","type":"image\/webp"}],"twitter_card":"summary_large_image","twitter_misc":{"Gesch\u00e4tzte Lesezeit":"1\u00a0Minute"},"schema":{"@context":"https:\/\/schema.org","@graph":[{"@type":"WebPage","@id":"https:\/\/esledprofile.com\/product\/es-0811\/","url":"https:\/\/esledprofile.com\/product\/es-0811\/","name":"Architectural Recessed LED profile ES-0811 - LED PROFILE Manufacturer","isPartOf":{"@id":"https:\/\/esledprofile.com\/#website"},"primaryImageOfPage":{"@id":"https:\/\/esledprofile.com\/product\/es-0811\/#primaryimage"},"image":{"@id":"https:\/\/esledprofile.com\/product\/es-0811\/#primaryimage"},"thumbnailUrl":"https:\/\/esledprofile.com\/wp-content\/uploads\/2023\/11\/LED-Channel-Systems-ES-0811.webp","datePublished":"2023-11-29T01:38:51+00:00","dateModified":"2023-12-15T06:37:09+00:00","description":"Architectural Recessed LED profile type 0811, 8.3*11.9mm. This LED aluminum profile is small and suitable for installation in narrow places.","breadcrumb":{"@id":"https:\/\/esledprofile.com\/product\/es-0811\/#breadcrumb"},"inLanguage":"de","potentialAction":[{"@type":"ReadAction","target":["https:\/\/esledprofile.com\/product\/es-0811\/"]}]},{"@type":"ImageObject","inLanguage":"de","@id":"https:\/\/esledprofile.com\/product\/es-0811\/#primaryimage","url":"https:\/\/esledprofile.com\/wp-content\/uploads\/2023\/11\/LED-Channel-Systems-ES-0811.webp","contentUrl":"https:\/\/esledprofile.com\/wp-content\/uploads\/2023\/11\/LED-Channel-Systems-ES-0811.webp","width":800,"height":800,"caption":"LED Channel Systems ES-0811"},{"@type":"BreadcrumbList","@id":"https:\/\/esledprofile.com\/product\/es-0811\/#breadcrumb","itemListElement":[{"@type":"ListItem","position":1,"name":"Home","item":"https:\/\/esledprofile.com\/"},{"@type":"ListItem","position":2,"name":"Product","item":"https:\/\/esledprofile.com\/product\/"},{"@type":"ListItem","position":3,"name":"ES-0811"}]},{"@type":"WebSite","@id":"https:\/\/esledprofile.com\/#website","url":"https:\/\/esledprofile.com\/","name":"LED PROFILE Hersteller","description":"","publisher":{"@id":"https:\/\/esledprofile.com\/#organization"},"potentialAction":[{"@type":"SearchAction","target":{"@type":"EntryPoint","urlTemplate":"https:\/\/esledprofile.com\/?s={search_term_string}"},"query-input":{"@type":"PropertyValueSpecification","valueRequired":true,"valueName":"search_term_string"}}],"inLanguage":"de"},{"@type":"Organization","@id":"https:\/\/esledprofile.com\/#organization","name":"LED PROFILE Hersteller","url":"https:\/\/esledprofile.com\/","logo":{"@type":"ImageObject","inLanguage":"de","@id":"https:\/\/esledprofile.com\/#\/schema\/logo\/image\/","url":"https:\/\/esledprofile.com\/wp-content\/uploads\/2023\/11\/logo1-removebg-preview.png","contentUrl":"https:\/\/esledprofile.com\/wp-content\/uploads\/2023\/11\/logo1-removebg-preview.png","width":350,"height":100,"caption":"LED PROFILE Manufacturer"},"image":{"@id":"https:\/\/esledprofile.com\/#\/schema\/logo\/image\/"}}]}},"_links":{"self":[{"href":"https:\/\/esledprofile.com\/de\/wp-json\/wp\/v2\/product\/1477","targetHints":{"allow":["GET"]}}],"collection":[{"href":"https:\/\/esledprofile.com\/de\/wp-json\/wp\/v2\/product"}],"about":[{"href":"https:\/\/esledprofile.com\/de\/wp-json\/wp\/v2\/types\/product"}],"version-history":[{"count":0,"href":"https:\/\/esledprofile.com\/de\/wp-json\/wp\/v2\/product\/1477\/revisions"}],"wp:featuredmedia":[{"embeddable":true,"href":"https:\/\/esledprofile.com\/de\/wp-json\/wp\/v2\/media\/1479"}],"wp:attachment":[{"href":"https:\/\/esledprofile.com\/de\/wp-json\/wp\/v2\/media?parent=1477"}],"wp:term":[{"taxonomy":"product_brand","embeddable":true,"href":"https:\/\/esledprofile.com\/de\/wp-json\/wp\/v2\/product_brand?post=1477"},{"taxonomy":"product_cat","embeddable":true,"href":"https:\/\/esledprofile.com\/de\/wp-json\/wp\/v2\/product_cat?post=1477"},{"taxonomy":"product_tag","embeddable":true,"href":"https:\/\/esledprofile.com\/de\/wp-json\/wp\/v2\/product_tag?post=1477"}],"curies":[{"name":"wp","href":"https:\/\/api.w.org\/{rel}","templated":true}]}}