{"id":1869,"date":"2023-11-30T06:50:56","date_gmt":"2023-11-30T06:50:56","guid":{"rendered":"https:\/\/esledprofile.com\/?post_type=product&#038;p=1869"},"modified":"2023-12-18T08:55:15","modified_gmt":"2023-12-18T08:55:15","slug":"es-1159","status":"publish","type":"product","link":"https:\/\/esledprofile.com\/de\/produkt\/es-1159\/","title":{"rendered":"ES-1159"},"content":{"rendered":"","protected":false},"excerpt":{"rendered":"<table width=\"288\">\n<tbody>\n<tr>\n<td width=\"143\">Material<\/td>\n<td width=\"145\">Alu 6063-T5<\/td>\n<\/tr>\n<tr>\n<td>Oberfl\u00e4chenbehandlung<\/td>\n<td>Eloxiert\/Lackiert<\/td>\n<\/tr>\n<tr>\n<td>Material des Diffusors<\/td>\n<td>PC<\/td>\n<\/tr>\n<tr>\n<td>Anwenden auf<\/td>\n<td>Anwendung in Innenr\u00e4umen<\/td>\n<\/tr>\n<tr>\n<td>MOQ<\/td>\n<td>100Meter\/Artikel<\/td>\n<\/tr>\n<tr>\n<td>Garantie<\/td>\n<td>3 Jahre<\/td>\n<\/tr>\n<tr>\n<td>Zertifizierung<\/td>\n<td>CE,RoHS<\/td>\n<\/tr>\n<\/tbody>\n<\/table>\n<h4 class=\"elementor-heading-title elementor-size-default\"><span style=\"color: #cc0033;\">Produktmerkmale<\/span><\/h4>\n<p>Cabinet Lighting Aluminiumprofil f\u00fchrte Beleuchtung Typ 1159, die Gr\u00f6\u00dfe ist 11,4 * 59mm. Dieses LED-Aluminiumprofil wird verwendet, um 18mm Glas zu kleben, und Licht von oben und unten oder von drei Seiten zu emittieren, die Licht emittierende Oberfl\u00e4che kann die Glasoberfl\u00e4che gegen\u00fcberliegen. Es kann als eine Beleuchtung und tragende Halterung dienen.<\/p>","protected":false},"featured_media":1870,"template":"","meta":{"_kad_post_transparent":"default","_kad_post_title":"hide","_kad_post_layout":"fullwidth","_kad_post_sidebar_id":"","_kad_post_content_style":"unboxed","_kad_post_vertical_padding":"hide","_kad_post_feature":"hide","_kad_post_feature_position":"","_kad_post_header":false,"_kad_post_footer":false,"_kad_post_classname":""},"product_brand":[],"product_cat":[63,58],"product_tag":[79,81,87],"class_list":{"0":"post-1869","1":"product","2":"type-product","3":"status-publish","4":"has-post-thumbnail","6":"product_cat-18mm-light-series","7":"product_cat-cabinet-series","8":"product_tag-channel-profiles","9":"product_tag-led-aluminium-extrusion","10":"product_tag-led-channel-systems","12":"first","13":"instock","14":"shipping-taxable","15":"product-type-simple","16":"entry","17":"content-bg","18":"loop-entry"},"yoast_head":"<!-- This site is optimized with the Yoast SEO Premium plugin v24.7 (Yoast SEO v26.7) - https:\/\/yoast.com\/wordpress\/plugins\/seo\/ -->\n<title>Cabinet Lighting Aluminum Profile LED Lighting ES-1159 - LED PROFILE Manufacturer<\/title>\n<meta name=\"description\" content=\"Cabinet Lighting aluminum profile led lighting type 1159, the size is 11.4*59mm. It can serve as a lighting and load-bearing bracket.\" \/>\n<meta name=\"robots\" content=\"index, follow, max-snippet:-1, max-image-preview:large, max-video-preview:-1\" \/>\n<link rel=\"canonical\" href=\"https:\/\/esledprofile.com\/de\/produkt\/es-1159\/\" \/>\n<meta property=\"og:locale\" content=\"de_DE\" \/>\n<meta property=\"og:type\" content=\"article\" \/>\n<meta property=\"og:title\" content=\"ES-1159\" \/>\n<meta property=\"og:description\" content=\"Cabinet Lighting aluminum profile led lighting type 1159, the size is 11.4*59mm. It can serve as a lighting and load-bearing bracket.\" \/>\n<meta property=\"og:url\" content=\"https:\/\/esledprofile.com\/de\/produkt\/es-1159\/\" \/>\n<meta property=\"og:site_name\" content=\"LED PROFILE Manufacturer\" \/>\n<meta property=\"article:modified_time\" content=\"2023-12-18T08:55:15+00:00\" \/>\n<meta property=\"og:image\" content=\"https:\/\/esledprofile.com\/wp-content\/uploads\/2023\/11\/Cabinet-Light-Diffuser-Channel-Series-ES-1159.webp\" \/>\n\t<meta property=\"og:image:width\" content=\"800\" \/>\n\t<meta property=\"og:image:height\" content=\"800\" \/>\n\t<meta property=\"og:image:type\" content=\"image\/webp\" \/>\n<meta name=\"twitter:card\" content=\"summary_large_image\" \/>\n<meta name=\"twitter:label1\" content=\"Gesch\u00e4tzte Lesezeit\" \/>\n\t<meta name=\"twitter:data1\" content=\"1\u00a0Minute\" \/>\n<script type=\"application\/ld+json\" class=\"yoast-schema-graph\">{\"@context\":\"https:\/\/schema.org\",\"@graph\":[{\"@type\":\"WebPage\",\"@id\":\"https:\/\/esledprofile.com\/product\/es-1159\/\",\"url\":\"https:\/\/esledprofile.com\/product\/es-1159\/\",\"name\":\"Cabinet Lighting Aluminum Profile LED Lighting ES-1159 - LED PROFILE Manufacturer\",\"isPartOf\":{\"@id\":\"https:\/\/esledprofile.com\/#website\"},\"primaryImageOfPage\":{\"@id\":\"https:\/\/esledprofile.com\/product\/es-1159\/#primaryimage\"},\"image\":{\"@id\":\"https:\/\/esledprofile.com\/product\/es-1159\/#primaryimage\"},\"thumbnailUrl\":\"https:\/\/esledprofile.com\/wp-content\/uploads\/2023\/11\/Cabinet-Light-Diffuser-Channel-Series-ES-1159.webp\",\"datePublished\":\"2023-11-30T06:50:56+00:00\",\"dateModified\":\"2023-12-18T08:55:15+00:00\",\"description\":\"Cabinet Lighting aluminum profile led lighting type 1159, the size is 11.4*59mm. It can serve as a lighting and load-bearing bracket.\",\"breadcrumb\":{\"@id\":\"https:\/\/esledprofile.com\/product\/es-1159\/#breadcrumb\"},\"inLanguage\":\"de\",\"potentialAction\":[{\"@type\":\"ReadAction\",\"target\":[\"https:\/\/esledprofile.com\/product\/es-1159\/\"]}]},{\"@type\":\"ImageObject\",\"inLanguage\":\"de\",\"@id\":\"https:\/\/esledprofile.com\/product\/es-1159\/#primaryimage\",\"url\":\"https:\/\/esledprofile.com\/wp-content\/uploads\/2023\/11\/Cabinet-Light-Diffuser-Channel-Series-ES-1159.webp\",\"contentUrl\":\"https:\/\/esledprofile.com\/wp-content\/uploads\/2023\/11\/Cabinet-Light-Diffuser-Channel-Series-ES-1159.webp\",\"width\":800,\"height\":800,\"caption\":\"Cabinet Light Diffuser Channel Series ES-1159\"},{\"@type\":\"BreadcrumbList\",\"@id\":\"https:\/\/esledprofile.com\/product\/es-1159\/#breadcrumb\",\"itemListElement\":[{\"@type\":\"ListItem\",\"position\":1,\"name\":\"Home\",\"item\":\"https:\/\/esledprofile.com\/\"},{\"@type\":\"ListItem\",\"position\":2,\"name\":\"Product\",\"item\":\"https:\/\/esledprofile.com\/product\/\"},{\"@type\":\"ListItem\",\"position\":3,\"name\":\"ES-1159\"}]},{\"@type\":\"WebSite\",\"@id\":\"https:\/\/esledprofile.com\/#website\",\"url\":\"https:\/\/esledprofile.com\/\",\"name\":\"LED PROFILE Manufacturer\",\"description\":\"\",\"publisher\":{\"@id\":\"https:\/\/esledprofile.com\/#organization\"},\"potentialAction\":[{\"@type\":\"SearchAction\",\"target\":{\"@type\":\"EntryPoint\",\"urlTemplate\":\"https:\/\/esledprofile.com\/?s={search_term_string}\"},\"query-input\":{\"@type\":\"PropertyValueSpecification\",\"valueRequired\":true,\"valueName\":\"search_term_string\"}}],\"inLanguage\":\"de\"},{\"@type\":\"Organization\",\"@id\":\"https:\/\/esledprofile.com\/#organization\",\"name\":\"LED PROFILE Manufacturer\",\"url\":\"https:\/\/esledprofile.com\/\",\"logo\":{\"@type\":\"ImageObject\",\"inLanguage\":\"de\",\"@id\":\"https:\/\/esledprofile.com\/#\/schema\/logo\/image\/\",\"url\":\"https:\/\/esledprofile.com\/wp-content\/uploads\/2023\/11\/logo1-removebg-preview.png\",\"contentUrl\":\"https:\/\/esledprofile.com\/wp-content\/uploads\/2023\/11\/logo1-removebg-preview.png\",\"width\":350,\"height\":100,\"caption\":\"LED PROFILE Manufacturer\"},\"image\":{\"@id\":\"https:\/\/esledprofile.com\/#\/schema\/logo\/image\/\"}}]}<\/script>\n<!-- \/ Yoast SEO Premium plugin. -->","yoast_head_json":{"title":"Cabinet Lighting Aluminum Profile LED Lighting ES-1159 - LED PROFILE Manufacturer","description":"Cabinet Lighting aluminum profile led lighting type 1159, the size is 11.4*59mm. It can serve as a lighting and load-bearing bracket.","robots":{"index":"index","follow":"follow","max-snippet":"max-snippet:-1","max-image-preview":"max-image-preview:large","max-video-preview":"max-video-preview:-1"},"canonical":"https:\/\/esledprofile.com\/de\/produkt\/es-1159\/","og_locale":"de_DE","og_type":"article","og_title":"ES-1159","og_description":"Cabinet Lighting aluminum profile led lighting type 1159, the size is 11.4*59mm. It can serve as a lighting and load-bearing bracket.","og_url":"https:\/\/esledprofile.com\/de\/produkt\/es-1159\/","og_site_name":"LED PROFILE Manufacturer","article_modified_time":"2023-12-18T08:55:15+00:00","og_image":[{"width":800,"height":800,"url":"https:\/\/esledprofile.com\/wp-content\/uploads\/2023\/11\/Cabinet-Light-Diffuser-Channel-Series-ES-1159.webp","type":"image\/webp"}],"twitter_card":"summary_large_image","twitter_misc":{"Gesch\u00e4tzte Lesezeit":"1\u00a0Minute"},"schema":{"@context":"https:\/\/schema.org","@graph":[{"@type":"WebPage","@id":"https:\/\/esledprofile.com\/product\/es-1159\/","url":"https:\/\/esledprofile.com\/product\/es-1159\/","name":"Cabinet Lighting Aluminum Profile LED Lighting ES-1159 - LED PROFILE Manufacturer","isPartOf":{"@id":"https:\/\/esledprofile.com\/#website"},"primaryImageOfPage":{"@id":"https:\/\/esledprofile.com\/product\/es-1159\/#primaryimage"},"image":{"@id":"https:\/\/esledprofile.com\/product\/es-1159\/#primaryimage"},"thumbnailUrl":"https:\/\/esledprofile.com\/wp-content\/uploads\/2023\/11\/Cabinet-Light-Diffuser-Channel-Series-ES-1159.webp","datePublished":"2023-11-30T06:50:56+00:00","dateModified":"2023-12-18T08:55:15+00:00","description":"Cabinet Lighting aluminum profile led lighting type 1159, the size is 11.4*59mm. It can serve as a lighting and load-bearing bracket.","breadcrumb":{"@id":"https:\/\/esledprofile.com\/product\/es-1159\/#breadcrumb"},"inLanguage":"de","potentialAction":[{"@type":"ReadAction","target":["https:\/\/esledprofile.com\/product\/es-1159\/"]}]},{"@type":"ImageObject","inLanguage":"de","@id":"https:\/\/esledprofile.com\/product\/es-1159\/#primaryimage","url":"https:\/\/esledprofile.com\/wp-content\/uploads\/2023\/11\/Cabinet-Light-Diffuser-Channel-Series-ES-1159.webp","contentUrl":"https:\/\/esledprofile.com\/wp-content\/uploads\/2023\/11\/Cabinet-Light-Diffuser-Channel-Series-ES-1159.webp","width":800,"height":800,"caption":"Cabinet Light Diffuser Channel Series ES-1159"},{"@type":"BreadcrumbList","@id":"https:\/\/esledprofile.com\/product\/es-1159\/#breadcrumb","itemListElement":[{"@type":"ListItem","position":1,"name":"Home","item":"https:\/\/esledprofile.com\/"},{"@type":"ListItem","position":2,"name":"Product","item":"https:\/\/esledprofile.com\/product\/"},{"@type":"ListItem","position":3,"name":"ES-1159"}]},{"@type":"WebSite","@id":"https:\/\/esledprofile.com\/#website","url":"https:\/\/esledprofile.com\/","name":"LED PROFILE Hersteller","description":"","publisher":{"@id":"https:\/\/esledprofile.com\/#organization"},"potentialAction":[{"@type":"SearchAction","target":{"@type":"EntryPoint","urlTemplate":"https:\/\/esledprofile.com\/?s={search_term_string}"},"query-input":{"@type":"PropertyValueSpecification","valueRequired":true,"valueName":"search_term_string"}}],"inLanguage":"de"},{"@type":"Organization","@id":"https:\/\/esledprofile.com\/#organization","name":"LED PROFILE Hersteller","url":"https:\/\/esledprofile.com\/","logo":{"@type":"ImageObject","inLanguage":"de","@id":"https:\/\/esledprofile.com\/#\/schema\/logo\/image\/","url":"https:\/\/esledprofile.com\/wp-content\/uploads\/2023\/11\/logo1-removebg-preview.png","contentUrl":"https:\/\/esledprofile.com\/wp-content\/uploads\/2023\/11\/logo1-removebg-preview.png","width":350,"height":100,"caption":"LED PROFILE Manufacturer"},"image":{"@id":"https:\/\/esledprofile.com\/#\/schema\/logo\/image\/"}}]}},"_links":{"self":[{"href":"https:\/\/esledprofile.com\/de\/wp-json\/wp\/v2\/product\/1869","targetHints":{"allow":["GET"]}}],"collection":[{"href":"https:\/\/esledprofile.com\/de\/wp-json\/wp\/v2\/product"}],"about":[{"href":"https:\/\/esledprofile.com\/de\/wp-json\/wp\/v2\/types\/product"}],"version-history":[{"count":0,"href":"https:\/\/esledprofile.com\/de\/wp-json\/wp\/v2\/product\/1869\/revisions"}],"wp:featuredmedia":[{"embeddable":true,"href":"https:\/\/esledprofile.com\/de\/wp-json\/wp\/v2\/media\/1870"}],"wp:attachment":[{"href":"https:\/\/esledprofile.com\/de\/wp-json\/wp\/v2\/media?parent=1869"}],"wp:term":[{"taxonomy":"product_brand","embeddable":true,"href":"https:\/\/esledprofile.com\/de\/wp-json\/wp\/v2\/product_brand?post=1869"},{"taxonomy":"product_cat","embeddable":true,"href":"https:\/\/esledprofile.com\/de\/wp-json\/wp\/v2\/product_cat?post=1869"},{"taxonomy":"product_tag","embeddable":true,"href":"https:\/\/esledprofile.com\/de\/wp-json\/wp\/v2\/product_tag?post=1869"}],"curies":[{"name":"wp","href":"https:\/\/api.w.org\/{rel}","templated":true}]}}