{"id":1544,"date":"2023-11-29T05:48:50","date_gmt":"2023-11-29T05:48:50","guid":{"rendered":"https:\/\/esledprofile.com\/?post_type=product&#038;p=1544"},"modified":"2023-12-15T08:58:13","modified_gmt":"2023-12-15T08:58:13","slug":"es-2217","status":"publish","type":"product","link":"https:\/\/esledprofile.com\/es\/producto\/es-2217\/","title":{"rendered":"ES-2217"},"content":{"rendered":"","protected":false},"excerpt":{"rendered":"<table width=\"288\">\n<tbody>\n<tr>\n<td width=\"143\">Material<\/td>\n<td width=\"145\">Alu 6063-T5<\/td>\n<\/tr>\n<tr>\n<td>Tratamiento de superficies<\/td>\n<td>Anodizado\/pintado<\/td>\n<\/tr>\n<tr>\n<td>Material del difusor<\/td>\n<td>PC<\/td>\n<\/tr>\n<tr>\n<td>Solicitar<\/td>\n<td>Aplicaci\u00f3n en interiores<\/td>\n<\/tr>\n<tr>\n<td>MOQ<\/td>\n<td>100Metros\/art\u00edculo<\/td>\n<\/tr>\n<tr>\n<td>Garant\u00eda<\/td>\n<td>3 a\u00f1os<\/td>\n<\/tr>\n<tr>\n<td>Certificaci\u00f3n<\/td>\n<td>CE,RoHS<\/td>\n<\/tr>\n<\/tbody>\n<\/table>\n<h4 class=\"elementor-heading-title elementor-size-default\"><span style=\"color: #cc0033;\">Caracter\u00edsticas del producto<\/span><\/h4>\n<p>Iluminaci\u00f3n de pared LED cinta de aluminio tipo 2217, el tama\u00f1o es de 27.7*8.6mm, el tama\u00f1o interior es de 12.3mm, con 10-12mm de ancho las tiras de luces LED ser\u00e1n adecuadas. Este perfil aluninio LED se utiliza principalmente para iluminar la pared. El efecto es que solo se ve la luz pero no la luz principal.<\/p>","protected":false},"featured_media":1546,"template":"","meta":{"_kad_post_transparent":"default","_kad_post_title":"hide","_kad_post_layout":"fullwidth","_kad_post_sidebar_id":"","_kad_post_content_style":"unboxed","_kad_post_vertical_padding":"hide","_kad_post_feature":"hide","_kad_post_feature_position":"","_kad_post_header":false,"_kad_post_footer":false,"_kad_post_classname":""},"product_brand":[],"product_cat":[50,46],"product_tag":[83,113,84],"class_list":{"0":"post-1544","1":"product","2":"type-product","3":"status-publish","4":"has-post-thumbnail","6":"product_cat-anti-glare-polarized-light-series-architectural-series-2-0","7":"product_cat-architectural-series-2-0","8":"product_tag-aluminum-mounting-channels","9":"product_tag-bendable-led-strip-aluminium-profile","10":"product_tag-most-popular-led-aluminum-channels","12":"first","13":"instock","14":"shipping-taxable","15":"product-type-simple","16":"entry","17":"content-bg","18":"loop-entry"},"yoast_head":"<!-- This site is optimized with the Yoast SEO Premium plugin v24.7 (Yoast SEO v26.7) - https:\/\/yoast.com\/wordpress\/plugins\/seo\/ -->\n<title>Wall lighting LED Aluminum Tape ES-2217 - LED PROFILE Manufacturer<\/title>\n<meta name=\"description\" content=\"Wall lighting LED aluminum tape type 2217, 27.7*8.6mm, the inner size is 12.3mm, with 10-12mm width LED strip lights will be suitable.\" \/>\n<meta name=\"robots\" content=\"index, follow, max-snippet:-1, max-image-preview:large, max-video-preview:-1\" \/>\n<link rel=\"canonical\" href=\"https:\/\/esledprofile.com\/es\/producto\/es-2217\/\" \/>\n<meta property=\"og:locale\" content=\"es_ES\" \/>\n<meta property=\"og:type\" content=\"article\" \/>\n<meta property=\"og:title\" content=\"ES-2217\" \/>\n<meta property=\"og:description\" content=\"Wall lighting LED aluminum tape type 2217, 27.7*8.6mm, the inner size is 12.3mm, with 10-12mm width LED strip lights will be suitable.\" \/>\n<meta property=\"og:url\" content=\"https:\/\/esledprofile.com\/es\/producto\/es-2217\/\" \/>\n<meta property=\"og:site_name\" content=\"LED PROFILE Manufacturer\" \/>\n<meta property=\"article:modified_time\" content=\"2023-12-15T08:58:13+00:00\" \/>\n<meta property=\"og:image\" content=\"https:\/\/esledprofile.com\/wp-content\/uploads\/2023\/11\/led-channel-ES-2217.webp\" \/>\n\t<meta property=\"og:image:width\" content=\"800\" \/>\n\t<meta property=\"og:image:height\" content=\"800\" \/>\n\t<meta property=\"og:image:type\" content=\"image\/webp\" \/>\n<meta name=\"twitter:card\" content=\"summary_large_image\" \/>\n<meta name=\"twitter:label1\" content=\"Tiempo de lectura\" \/>\n\t<meta name=\"twitter:data1\" content=\"1 minuto\" \/>\n<script type=\"application\/ld+json\" class=\"yoast-schema-graph\">{\"@context\":\"https:\/\/schema.org\",\"@graph\":[{\"@type\":\"WebPage\",\"@id\":\"https:\/\/esledprofile.com\/product\/es-2217\/\",\"url\":\"https:\/\/esledprofile.com\/product\/es-2217\/\",\"name\":\"Wall lighting LED Aluminum Tape ES-2217 - LED PROFILE Manufacturer\",\"isPartOf\":{\"@id\":\"https:\/\/esledprofile.com\/#website\"},\"primaryImageOfPage\":{\"@id\":\"https:\/\/esledprofile.com\/product\/es-2217\/#primaryimage\"},\"image\":{\"@id\":\"https:\/\/esledprofile.com\/product\/es-2217\/#primaryimage\"},\"thumbnailUrl\":\"https:\/\/esledprofile.com\/wp-content\/uploads\/2023\/11\/led-channel-ES-2217.webp\",\"datePublished\":\"2023-11-29T05:48:50+00:00\",\"dateModified\":\"2023-12-15T08:58:13+00:00\",\"description\":\"Wall lighting LED aluminum tape type 2217, 27.7*8.6mm, the inner size is 12.3mm, with 10-12mm width LED strip lights will be suitable.\",\"breadcrumb\":{\"@id\":\"https:\/\/esledprofile.com\/product\/es-2217\/#breadcrumb\"},\"inLanguage\":\"es\",\"potentialAction\":[{\"@type\":\"ReadAction\",\"target\":[\"https:\/\/esledprofile.com\/product\/es-2217\/\"]}]},{\"@type\":\"ImageObject\",\"inLanguage\":\"es\",\"@id\":\"https:\/\/esledprofile.com\/product\/es-2217\/#primaryimage\",\"url\":\"https:\/\/esledprofile.com\/wp-content\/uploads\/2023\/11\/led-channel-ES-2217.webp\",\"contentUrl\":\"https:\/\/esledprofile.com\/wp-content\/uploads\/2023\/11\/led-channel-ES-2217.webp\",\"width\":800,\"height\":800,\"caption\":\"led channel ES-2217\"},{\"@type\":\"BreadcrumbList\",\"@id\":\"https:\/\/esledprofile.com\/product\/es-2217\/#breadcrumb\",\"itemListElement\":[{\"@type\":\"ListItem\",\"position\":1,\"name\":\"Home\",\"item\":\"https:\/\/esledprofile.com\/\"},{\"@type\":\"ListItem\",\"position\":2,\"name\":\"Product\",\"item\":\"https:\/\/esledprofile.com\/product\/\"},{\"@type\":\"ListItem\",\"position\":3,\"name\":\"ES-2217\"}]},{\"@type\":\"WebSite\",\"@id\":\"https:\/\/esledprofile.com\/#website\",\"url\":\"https:\/\/esledprofile.com\/\",\"name\":\"LED PROFILE Manufacturer\",\"description\":\"\",\"publisher\":{\"@id\":\"https:\/\/esledprofile.com\/#organization\"},\"potentialAction\":[{\"@type\":\"SearchAction\",\"target\":{\"@type\":\"EntryPoint\",\"urlTemplate\":\"https:\/\/esledprofile.com\/?s={search_term_string}\"},\"query-input\":{\"@type\":\"PropertyValueSpecification\",\"valueRequired\":true,\"valueName\":\"search_term_string\"}}],\"inLanguage\":\"es\"},{\"@type\":\"Organization\",\"@id\":\"https:\/\/esledprofile.com\/#organization\",\"name\":\"LED PROFILE Manufacturer\",\"url\":\"https:\/\/esledprofile.com\/\",\"logo\":{\"@type\":\"ImageObject\",\"inLanguage\":\"es\",\"@id\":\"https:\/\/esledprofile.com\/#\/schema\/logo\/image\/\",\"url\":\"https:\/\/esledprofile.com\/wp-content\/uploads\/2023\/11\/logo1-removebg-preview.png\",\"contentUrl\":\"https:\/\/esledprofile.com\/wp-content\/uploads\/2023\/11\/logo1-removebg-preview.png\",\"width\":350,\"height\":100,\"caption\":\"LED PROFILE Manufacturer\"},\"image\":{\"@id\":\"https:\/\/esledprofile.com\/#\/schema\/logo\/image\/\"}}]}<\/script>\n<!-- \/ Yoast SEO Premium plugin. -->","yoast_head_json":{"title":"Wall lighting LED Aluminum Tape ES-2217 - LED PROFILE Manufacturer","description":"Wall lighting LED aluminum tape type 2217, 27.7*8.6mm, the inner size is 12.3mm, with 10-12mm width LED strip lights will be suitable.","robots":{"index":"index","follow":"follow","max-snippet":"max-snippet:-1","max-image-preview":"max-image-preview:large","max-video-preview":"max-video-preview:-1"},"canonical":"https:\/\/esledprofile.com\/es\/producto\/es-2217\/","og_locale":"es_ES","og_type":"article","og_title":"ES-2217","og_description":"Wall lighting LED aluminum tape type 2217, 27.7*8.6mm, the inner size is 12.3mm, with 10-12mm width LED strip lights will be suitable.","og_url":"https:\/\/esledprofile.com\/es\/producto\/es-2217\/","og_site_name":"LED PROFILE Manufacturer","article_modified_time":"2023-12-15T08:58:13+00:00","og_image":[{"width":800,"height":800,"url":"https:\/\/esledprofile.com\/wp-content\/uploads\/2023\/11\/led-channel-ES-2217.webp","type":"image\/webp"}],"twitter_card":"summary_large_image","twitter_misc":{"Tiempo de lectura":"1 minuto"},"schema":{"@context":"https:\/\/schema.org","@graph":[{"@type":"WebPage","@id":"https:\/\/esledprofile.com\/product\/es-2217\/","url":"https:\/\/esledprofile.com\/product\/es-2217\/","name":"Wall lighting LED Aluminum Tape ES-2217 - LED PROFILE Manufacturer","isPartOf":{"@id":"https:\/\/esledprofile.com\/#website"},"primaryImageOfPage":{"@id":"https:\/\/esledprofile.com\/product\/es-2217\/#primaryimage"},"image":{"@id":"https:\/\/esledprofile.com\/product\/es-2217\/#primaryimage"},"thumbnailUrl":"https:\/\/esledprofile.com\/wp-content\/uploads\/2023\/11\/led-channel-ES-2217.webp","datePublished":"2023-11-29T05:48:50+00:00","dateModified":"2023-12-15T08:58:13+00:00","description":"Wall lighting LED aluminum tape type 2217, 27.7*8.6mm, the inner size is 12.3mm, with 10-12mm width LED strip lights will be suitable.","breadcrumb":{"@id":"https:\/\/esledprofile.com\/product\/es-2217\/#breadcrumb"},"inLanguage":"es","potentialAction":[{"@type":"ReadAction","target":["https:\/\/esledprofile.com\/product\/es-2217\/"]}]},{"@type":"ImageObject","inLanguage":"es","@id":"https:\/\/esledprofile.com\/product\/es-2217\/#primaryimage","url":"https:\/\/esledprofile.com\/wp-content\/uploads\/2023\/11\/led-channel-ES-2217.webp","contentUrl":"https:\/\/esledprofile.com\/wp-content\/uploads\/2023\/11\/led-channel-ES-2217.webp","width":800,"height":800,"caption":"led channel ES-2217"},{"@type":"BreadcrumbList","@id":"https:\/\/esledprofile.com\/product\/es-2217\/#breadcrumb","itemListElement":[{"@type":"ListItem","position":1,"name":"Home","item":"https:\/\/esledprofile.com\/"},{"@type":"ListItem","position":2,"name":"Product","item":"https:\/\/esledprofile.com\/product\/"},{"@type":"ListItem","position":3,"name":"ES-2217"}]},{"@type":"WebSite","@id":"https:\/\/esledprofile.com\/#website","url":"https:\/\/esledprofile.com\/","name":"PERFIL LED Fabricante","description":"","publisher":{"@id":"https:\/\/esledprofile.com\/#organization"},"potentialAction":[{"@type":"SearchAction","target":{"@type":"EntryPoint","urlTemplate":"https:\/\/esledprofile.com\/?s={search_term_string}"},"query-input":{"@type":"PropertyValueSpecification","valueRequired":true,"valueName":"search_term_string"}}],"inLanguage":"es"},{"@type":"Organization","@id":"https:\/\/esledprofile.com\/#organization","name":"PERFIL LED Fabricante","url":"https:\/\/esledprofile.com\/","logo":{"@type":"ImageObject","inLanguage":"es","@id":"https:\/\/esledprofile.com\/#\/schema\/logo\/image\/","url":"https:\/\/esledprofile.com\/wp-content\/uploads\/2023\/11\/logo1-removebg-preview.png","contentUrl":"https:\/\/esledprofile.com\/wp-content\/uploads\/2023\/11\/logo1-removebg-preview.png","width":350,"height":100,"caption":"LED PROFILE Manufacturer"},"image":{"@id":"https:\/\/esledprofile.com\/#\/schema\/logo\/image\/"}}]}},"_links":{"self":[{"href":"https:\/\/esledprofile.com\/es\/wp-json\/wp\/v2\/product\/1544","targetHints":{"allow":["GET"]}}],"collection":[{"href":"https:\/\/esledprofile.com\/es\/wp-json\/wp\/v2\/product"}],"about":[{"href":"https:\/\/esledprofile.com\/es\/wp-json\/wp\/v2\/types\/product"}],"version-history":[{"count":0,"href":"https:\/\/esledprofile.com\/es\/wp-json\/wp\/v2\/product\/1544\/revisions"}],"wp:featuredmedia":[{"embeddable":true,"href":"https:\/\/esledprofile.com\/es\/wp-json\/wp\/v2\/media\/1546"}],"wp:attachment":[{"href":"https:\/\/esledprofile.com\/es\/wp-json\/wp\/v2\/media?parent=1544"}],"wp:term":[{"taxonomy":"product_brand","embeddable":true,"href":"https:\/\/esledprofile.com\/es\/wp-json\/wp\/v2\/product_brand?post=1544"},{"taxonomy":"product_cat","embeddable":true,"href":"https:\/\/esledprofile.com\/es\/wp-json\/wp\/v2\/product_cat?post=1544"},{"taxonomy":"product_tag","embeddable":true,"href":"https:\/\/esledprofile.com\/es\/wp-json\/wp\/v2\/product_tag?post=1544"}],"curies":[{"name":"wp","href":"https:\/\/api.w.org\/{rel}","templated":true}]}}