{"id":738,"date":"2023-11-17T06:23:32","date_gmt":"2023-11-17T06:23:32","guid":{"rendered":"https:\/\/esledprofile.com\/?post_type=product&#038;p=738"},"modified":"2023-12-06T06:49:52","modified_gmt":"2023-12-06T06:49:52","slug":"es-2515b","status":"publish","type":"product","link":"https:\/\/esledprofile.com\/es\/producto\/es-2515b\/","title":{"rendered":"ES-2515B"},"content":{"rendered":"","protected":false},"excerpt":{"rendered":"<table width=\"288\">\n<tbody>\n<tr>\n<td width=\"143\">Material<\/td>\n<td width=\"145\">Alu 6063-T5<\/td>\n<\/tr>\n<tr>\n<td>Tratamiento de superficies<\/td>\n<td>Anodizado\/pintado<\/td>\n<\/tr>\n<tr>\n<td>Material del difusor<\/td>\n<td>PC<\/td>\n<\/tr>\n<tr>\n<td>Solicitar<\/td>\n<td>Aplicaci\u00f3n en interiores<\/td>\n<\/tr>\n<tr>\n<td>MOQ<\/td>\n<td>100Metros\/art\u00edculo<\/td>\n<\/tr>\n<tr>\n<td>Garant\u00eda<\/td>\n<td>3 a\u00f1os<\/td>\n<\/tr>\n<tr>\n<td>Certificaci\u00f3n<\/td>\n<td>CE, RoHS<\/td>\n<\/tr>\n<\/tbody>\n<\/table>\n<h4 class=\"elementor-heading-title elementor-size-default\"><span style=\"color: #cc0033;\">Caracter\u00edsticas del producto<\/span><\/h4>\n<p>Perfiles de aluminio para tiras de LED modelo 2515B con una altura de 16 mm. Se trata de un perfil de aluminio para tiras LED empotradas. En primer lugar, debe tener en cuenta el tama\u00f1o del lugar de instalaci\u00f3n y, a continuaci\u00f3n, elegir la anchura adecuada de la tira de luz LED en funci\u00f3n de los efectos de su proyecto.<\/p>","protected":false},"featured_media":734,"template":"","meta":{"_kad_post_transparent":"default","_kad_post_title":"hide","_kad_post_layout":"fullwidth","_kad_post_sidebar_id":"","_kad_post_content_style":"unboxed","_kad_post_vertical_padding":"hide","_kad_post_feature":"hide","_kad_post_feature_position":"","_kad_post_header":false,"_kad_post_footer":false,"_kad_post_classname":""},"product_brand":[],"product_cat":[18,17],"product_tag":[92,94,91],"class_list":{"0":"post-738","1":"product","2":"type-product","3":"status-publish","4":"has-post-thumbnail","6":"product_cat-hot-sale-series","7":"product_cat-led-profile-light-series","8":"product_tag-embedded-led-channel","9":"product_tag-embedded-led-extrusions","10":"product_tag-embedded-led-profiles","12":"first","13":"instock","14":"shipping-taxable","15":"product-type-simple","16":"entry","17":"content-bg","18":"loop-entry"},"yoast_head":"<!-- This site is optimized with the Yoast SEO Premium plugin v24.7 (Yoast SEO v27.4) - https:\/\/yoast.com\/product\/yoast-seo-premium-wordpress\/ -->\n<title>Aluminum Profiles for LED Strips ES-2515B - LED PROFILE Manufacturer<\/title>\n<meta name=\"description\" content=\"Aluminum Profiles for LED Strips 2515B model with a height of 16mm. then choose the best LED light strip width based on your project effects.\" \/>\n<meta name=\"robots\" content=\"index, follow, max-snippet:-1, max-image-preview:large, max-video-preview:-1\" \/>\n<link rel=\"canonical\" href=\"https:\/\/esledprofile.com\/es\/producto\/es-2515b\/\" \/>\n<meta property=\"og:locale\" content=\"es_ES\" \/>\n<meta property=\"og:type\" content=\"article\" \/>\n<meta property=\"og:title\" content=\"ES-2515B\" \/>\n<meta property=\"og:description\" content=\"Aluminum Profiles for LED Strips 2515B model with a height of 16mm. then choose the best LED light strip width based on your project effects.\" \/>\n<meta property=\"og:url\" content=\"https:\/\/esledprofile.com\/es\/producto\/es-2515b\/\" \/>\n<meta property=\"og:site_name\" content=\"LED PROFILE Manufacturer\" \/>\n<meta property=\"article:modified_time\" content=\"2023-12-06T06:49:52+00:00\" \/>\n<meta property=\"og:image\" content=\"https:\/\/esledprofile.com\/wp-content\/uploads\/2023\/11\/Aluminium-Extrusion-ES-2515.webp\" \/>\n\t<meta property=\"og:image:width\" content=\"800\" \/>\n\t<meta property=\"og:image:height\" content=\"800\" \/>\n\t<meta property=\"og:image:type\" content=\"image\/webp\" \/>\n<meta name=\"twitter:card\" content=\"summary_large_image\" \/>\n<script type=\"application\/ld+json\" class=\"yoast-schema-graph\">{\"@context\":\"https:\\\/\\\/schema.org\",\"@graph\":[{\"@type\":\"WebPage\",\"@id\":\"https:\\\/\\\/esledprofile.com\\\/product\\\/es-2515b\\\/\",\"url\":\"https:\\\/\\\/esledprofile.com\\\/product\\\/es-2515b\\\/\",\"name\":\"Aluminum Profiles for LED Strips ES-2515B - LED PROFILE Manufacturer\",\"isPartOf\":{\"@id\":\"https:\\\/\\\/esledprofile.com\\\/#website\"},\"primaryImageOfPage\":{\"@id\":\"https:\\\/\\\/esledprofile.com\\\/product\\\/es-2515b\\\/#primaryimage\"},\"image\":{\"@id\":\"https:\\\/\\\/esledprofile.com\\\/product\\\/es-2515b\\\/#primaryimage\"},\"thumbnailUrl\":\"https:\\\/\\\/esledprofile.com\\\/wp-content\\\/uploads\\\/2023\\\/11\\\/Aluminium-Extrusion-ES-2515.webp\",\"datePublished\":\"2023-11-17T06:23:32+00:00\",\"dateModified\":\"2023-12-06T06:49:52+00:00\",\"description\":\"Aluminum Profiles for LED Strips 2515B model with a height of 16mm. then choose the best LED light strip width based on your project effects.\",\"breadcrumb\":{\"@id\":\"https:\\\/\\\/esledprofile.com\\\/product\\\/es-2515b\\\/#breadcrumb\"},\"inLanguage\":\"es\",\"potentialAction\":[{\"@type\":\"ReadAction\",\"target\":[\"https:\\\/\\\/esledprofile.com\\\/product\\\/es-2515b\\\/\"]}]},{\"@type\":\"ImageObject\",\"inLanguage\":\"es\",\"@id\":\"https:\\\/\\\/esledprofile.com\\\/product\\\/es-2515b\\\/#primaryimage\",\"url\":\"https:\\\/\\\/esledprofile.com\\\/wp-content\\\/uploads\\\/2023\\\/11\\\/Aluminium-Extrusion-ES-2515.webp\",\"contentUrl\":\"https:\\\/\\\/esledprofile.com\\\/wp-content\\\/uploads\\\/2023\\\/11\\\/Aluminium-Extrusion-ES-2515.webp\",\"width\":800,\"height\":800,\"caption\":\"Aluminium Extrusion ES-2515\"},{\"@type\":\"BreadcrumbList\",\"@id\":\"https:\\\/\\\/esledprofile.com\\\/product\\\/es-2515b\\\/#breadcrumb\",\"itemListElement\":[{\"@type\":\"ListItem\",\"position\":1,\"name\":\"Home\",\"item\":\"https:\\\/\\\/esledprofile.com\\\/\"},{\"@type\":\"ListItem\",\"position\":2,\"name\":\"Product\",\"item\":\"https:\\\/\\\/esledprofile.com\\\/product\\\/\"},{\"@type\":\"ListItem\",\"position\":3,\"name\":\"ES-2515B\"}]},{\"@type\":\"WebSite\",\"@id\":\"https:\\\/\\\/esledprofile.com\\\/#website\",\"url\":\"https:\\\/\\\/esledprofile.com\\\/\",\"name\":\"LED PROFILE Manufacturer\",\"description\":\"\",\"publisher\":{\"@id\":\"https:\\\/\\\/esledprofile.com\\\/#organization\"},\"potentialAction\":[{\"@type\":\"SearchAction\",\"target\":{\"@type\":\"EntryPoint\",\"urlTemplate\":\"https:\\\/\\\/esledprofile.com\\\/?s={search_term_string}\"},\"query-input\":{\"@type\":\"PropertyValueSpecification\",\"valueRequired\":true,\"valueName\":\"search_term_string\"}}],\"inLanguage\":\"es\"},{\"@type\":\"Organization\",\"@id\":\"https:\\\/\\\/esledprofile.com\\\/#organization\",\"name\":\"LED PROFILE Manufacturer\",\"url\":\"https:\\\/\\\/esledprofile.com\\\/\",\"logo\":{\"@type\":\"ImageObject\",\"inLanguage\":\"es\",\"@id\":\"https:\\\/\\\/esledprofile.com\\\/#\\\/schema\\\/logo\\\/image\\\/\",\"url\":\"https:\\\/\\\/esledprofile.com\\\/wp-content\\\/uploads\\\/2023\\\/11\\\/logo1-removebg-preview.png\",\"contentUrl\":\"https:\\\/\\\/esledprofile.com\\\/wp-content\\\/uploads\\\/2023\\\/11\\\/logo1-removebg-preview.png\",\"width\":350,\"height\":100,\"caption\":\"LED PROFILE Manufacturer\"},\"image\":{\"@id\":\"https:\\\/\\\/esledprofile.com\\\/#\\\/schema\\\/logo\\\/image\\\/\"}}]}<\/script>\n<!-- \/ Yoast SEO Premium plugin. -->","yoast_head_json":{"title":"Aluminum Profiles for LED Strips ES-2515B - LED PROFILE Manufacturer","description":"Perfiles de aluminio para tiras de LED modelo 2515B con una altura de 16 mm. a continuaci\u00f3n, elija el mejor ancho de tira de luz LED en funci\u00f3n de los efectos de su proyecto.","robots":{"index":"index","follow":"follow","max-snippet":"max-snippet:-1","max-image-preview":"max-image-preview:large","max-video-preview":"max-video-preview:-1"},"canonical":"https:\/\/esledprofile.com\/es\/producto\/es-2515b\/","og_locale":"es_ES","og_type":"article","og_title":"ES-2515B","og_description":"Aluminum Profiles for LED Strips 2515B model with a height of 16mm. then choose the best LED light strip width based on your project effects.","og_url":"https:\/\/esledprofile.com\/es\/producto\/es-2515b\/","og_site_name":"LED PROFILE Manufacturer","article_modified_time":"2023-12-06T06:49:52+00:00","og_image":[{"width":800,"height":800,"url":"https:\/\/esledprofile.com\/wp-content\/uploads\/2023\/11\/Aluminium-Extrusion-ES-2515.webp","type":"image\/webp"}],"twitter_card":"summary_large_image","schema":{"@context":"https:\/\/schema.org","@graph":[{"@type":"WebPage","@id":"https:\/\/esledprofile.com\/product\/es-2515b\/","url":"https:\/\/esledprofile.com\/product\/es-2515b\/","name":"Aluminum Profiles for LED Strips ES-2515B - LED PROFILE Manufacturer","isPartOf":{"@id":"https:\/\/esledprofile.com\/#website"},"primaryImageOfPage":{"@id":"https:\/\/esledprofile.com\/product\/es-2515b\/#primaryimage"},"image":{"@id":"https:\/\/esledprofile.com\/product\/es-2515b\/#primaryimage"},"thumbnailUrl":"https:\/\/esledprofile.com\/wp-content\/uploads\/2023\/11\/Aluminium-Extrusion-ES-2515.webp","datePublished":"2023-11-17T06:23:32+00:00","dateModified":"2023-12-06T06:49:52+00:00","description":"Perfiles de aluminio para tiras de LED modelo 2515B con una altura de 16 mm. a continuaci\u00f3n, elija el mejor ancho de tira de luz LED en funci\u00f3n de los efectos de su proyecto.","breadcrumb":{"@id":"https:\/\/esledprofile.com\/product\/es-2515b\/#breadcrumb"},"inLanguage":"es","potentialAction":[{"@type":"ReadAction","target":["https:\/\/esledprofile.com\/product\/es-2515b\/"]}]},{"@type":"ImageObject","inLanguage":"es","@id":"https:\/\/esledprofile.com\/product\/es-2515b\/#primaryimage","url":"https:\/\/esledprofile.com\/wp-content\/uploads\/2023\/11\/Aluminium-Extrusion-ES-2515.webp","contentUrl":"https:\/\/esledprofile.com\/wp-content\/uploads\/2023\/11\/Aluminium-Extrusion-ES-2515.webp","width":800,"height":800,"caption":"Aluminium Extrusion ES-2515"},{"@type":"BreadcrumbList","@id":"https:\/\/esledprofile.com\/product\/es-2515b\/#breadcrumb","itemListElement":[{"@type":"ListItem","position":1,"name":"Home","item":"https:\/\/esledprofile.com\/"},{"@type":"ListItem","position":2,"name":"Product","item":"https:\/\/esledprofile.com\/product\/"},{"@type":"ListItem","position":3,"name":"ES-2515B"}]},{"@type":"WebSite","@id":"https:\/\/esledprofile.com\/#website","url":"https:\/\/esledprofile.com\/","name":"PERFIL LED Fabricante","description":"","publisher":{"@id":"https:\/\/esledprofile.com\/#organization"},"potentialAction":[{"@type":"SearchAction","target":{"@type":"EntryPoint","urlTemplate":"https:\/\/esledprofile.com\/?s={search_term_string}"},"query-input":{"@type":"PropertyValueSpecification","valueRequired":true,"valueName":"search_term_string"}}],"inLanguage":"es"},{"@type":"Organization","@id":"https:\/\/esledprofile.com\/#organization","name":"PERFIL LED Fabricante","url":"https:\/\/esledprofile.com\/","logo":{"@type":"ImageObject","inLanguage":"es","@id":"https:\/\/esledprofile.com\/#\/schema\/logo\/image\/","url":"https:\/\/esledprofile.com\/wp-content\/uploads\/2023\/11\/logo1-removebg-preview.png","contentUrl":"https:\/\/esledprofile.com\/wp-content\/uploads\/2023\/11\/logo1-removebg-preview.png","width":350,"height":100,"caption":"LED PROFILE Manufacturer"},"image":{"@id":"https:\/\/esledprofile.com\/#\/schema\/logo\/image\/"}}]}},"_links":{"self":[{"href":"https:\/\/esledprofile.com\/es\/wp-json\/wp\/v2\/product\/738","targetHints":{"allow":["GET"]}}],"collection":[{"href":"https:\/\/esledprofile.com\/es\/wp-json\/wp\/v2\/product"}],"about":[{"href":"https:\/\/esledprofile.com\/es\/wp-json\/wp\/v2\/types\/product"}],"version-history":[{"count":0,"href":"https:\/\/esledprofile.com\/es\/wp-json\/wp\/v2\/product\/738\/revisions"}],"wp:featuredmedia":[{"embeddable":true,"href":"https:\/\/esledprofile.com\/es\/wp-json\/wp\/v2\/media\/734"}],"wp:attachment":[{"href":"https:\/\/esledprofile.com\/es\/wp-json\/wp\/v2\/media?parent=738"}],"wp:term":[{"taxonomy":"product_brand","embeddable":true,"href":"https:\/\/esledprofile.com\/es\/wp-json\/wp\/v2\/product_brand?post=738"},{"taxonomy":"product_cat","embeddable":true,"href":"https:\/\/esledprofile.com\/es\/wp-json\/wp\/v2\/product_cat?post=738"},{"taxonomy":"product_tag","embeddable":true,"href":"https:\/\/esledprofile.com\/es\/wp-json\/wp\/v2\/product_tag?post=738"}],"curies":[{"name":"wp","href":"https:\/\/api.w.org\/{rel}","templated":true}]}}