{"id":1076,"date":"2023-11-27T06:26:41","date_gmt":"2023-11-27T06:26:41","guid":{"rendered":"https:\/\/esledprofile.com\/?post_type=product&#038;p=1076"},"modified":"2023-12-08T03:13:56","modified_gmt":"2023-12-08T03:13:56","slug":"es-3737c","status":"publish","type":"product","link":"https:\/\/esledprofile.com\/fr\/produit\/es-3737c\/","title":{"rendered":"ES-3737C"},"content":{"rendered":"","protected":false},"excerpt":{"rendered":"<table width=\"288\">\n<tbody>\n<tr>\n<td width=\"143\">Mat\u00e9riau<\/td>\n<td width=\"145\">Alu 6063-T5<\/td>\n<\/tr>\n<tr>\n<td>Traitement de surface<\/td>\n<td>Anodis\u00e9\/peint<\/td>\n<\/tr>\n<tr>\n<td>Mat\u00e9riau du diffuseur<\/td>\n<td>PC<\/td>\n<\/tr>\n<tr>\n<td>Postuler<\/td>\n<td>Application int\u00e9rieure<\/td>\n<\/tr>\n<tr>\n<td>MOQ<\/td>\n<td>100 m\u00e8tres\/article<\/td>\n<\/tr>\n<tr>\n<td>Garantie<\/td>\n<td>3 ans<\/td>\n<\/tr>\n<tr>\n<td>Certification<\/td>\n<td>CE, RoHS<\/td>\n<\/tr>\n<\/tbody>\n<\/table>\n<h4 class=\"elementor-heading-title elementor-size-default\"><span style=\"color: #cc0033;\">Caract\u00e9ristiques du produit<\/span><\/h4>\n<p>Profil\u00e9 de montage encastr\u00e9 en aluminium, mod\u00e8le 3737C, dimensions d'installation 40,7*40,7mm. Il s'agit d'un canal encastr\u00e9 avec bande LED d'angle, avec une apparence unique qui est aussi belle que des ailes qui poussent. La taille int\u00e9rieure est de 5,2 mm, elle ne peut contenir que des bandes de LED de 4-5 mm, principalement pour l'installation en angle, elle s'adapte parfaitement \u00e0 l'espace.<\/p>","protected":false},"featured_media":1067,"template":"","meta":{"_kad_post_transparent":"default","_kad_post_title":"hide","_kad_post_layout":"fullwidth","_kad_post_sidebar_id":"","_kad_post_content_style":"unboxed","_kad_post_vertical_padding":"hide","_kad_post_feature":"hide","_kad_post_feature_position":"","_kad_post_header":false,"_kad_post_footer":false,"_kad_post_classname":""},"product_brand":[],"product_cat":[17,23],"product_tag":[83,78,89],"class_list":{"0":"post-1076","1":"product","2":"type-product","3":"status-publish","4":"has-post-thumbnail","6":"product_cat-led-profile-light-series","7":"product_cat-recessed-mounting-series","8":"product_tag-aluminum-mounting-channels","9":"product_tag-led-aluminum-channel","10":"product_tag-led-strip-profiles","12":"first","13":"instock","14":"shipping-taxable","15":"product-type-simple","16":"entry","17":"content-bg","18":"loop-entry"},"yoast_head":"<!-- This site is optimized with the Yoast SEO Premium plugin v24.7 (Yoast SEO v26.7) - https:\/\/yoast.com\/wordpress\/plugins\/seo\/ -->\n<title>Recessed Mounting Conner Aluminum Profile ES-3737C - LED PROFILE Manufacturer<\/title>\n<meta name=\"description\" content=\"Recessed Mounting Conner aluminum profile model 3737C, which is installation size 40.7*40.7mm. a recessed-mounted corner LED strip channel.\" \/>\n<meta name=\"robots\" content=\"index, follow, max-snippet:-1, max-image-preview:large, max-video-preview:-1\" \/>\n<link rel=\"canonical\" href=\"https:\/\/esledprofile.com\/fr\/produit\/es-3737c\/\" \/>\n<meta property=\"og:locale\" content=\"fr_FR\" \/>\n<meta property=\"og:type\" content=\"article\" \/>\n<meta property=\"og:title\" content=\"ES-3737C\" \/>\n<meta property=\"og:description\" content=\"Recessed Mounting Conner aluminum profile model 3737C, which is installation size 40.7*40.7mm. a recessed-mounted corner LED strip channel.\" \/>\n<meta property=\"og:url\" content=\"https:\/\/esledprofile.com\/fr\/produit\/es-3737c\/\" \/>\n<meta property=\"og:site_name\" content=\"LED PROFILE Manufacturer\" \/>\n<meta property=\"article:modified_time\" content=\"2023-12-08T03:13:56+00:00\" \/>\n<meta property=\"og:image\" content=\"https:\/\/esledprofile.com\/wp-content\/uploads\/2023\/11\/Embedded-Channel-Profiles-ES-3737.webp\" \/>\n\t<meta property=\"og:image:width\" content=\"800\" \/>\n\t<meta property=\"og:image:height\" content=\"800\" \/>\n\t<meta property=\"og:image:type\" content=\"image\/webp\" \/>\n<meta name=\"twitter:card\" content=\"summary_large_image\" \/>\n<script type=\"application\/ld+json\" class=\"yoast-schema-graph\">{\"@context\":\"https:\/\/schema.org\",\"@graph\":[{\"@type\":\"WebPage\",\"@id\":\"https:\/\/esledprofile.com\/product\/es-3737c\/\",\"url\":\"https:\/\/esledprofile.com\/product\/es-3737c\/\",\"name\":\"Recessed Mounting Conner Aluminum Profile ES-3737C - LED PROFILE Manufacturer\",\"isPartOf\":{\"@id\":\"https:\/\/esledprofile.com\/#website\"},\"primaryImageOfPage\":{\"@id\":\"https:\/\/esledprofile.com\/product\/es-3737c\/#primaryimage\"},\"image\":{\"@id\":\"https:\/\/esledprofile.com\/product\/es-3737c\/#primaryimage\"},\"thumbnailUrl\":\"https:\/\/esledprofile.com\/wp-content\/uploads\/2023\/11\/Embedded-Channel-Profiles-ES-3737.webp\",\"datePublished\":\"2023-11-27T06:26:41+00:00\",\"dateModified\":\"2023-12-08T03:13:56+00:00\",\"description\":\"Recessed Mounting Conner aluminum profile model 3737C, which is installation size 40.7*40.7mm. a recessed-mounted corner LED strip channel.\",\"breadcrumb\":{\"@id\":\"https:\/\/esledprofile.com\/product\/es-3737c\/#breadcrumb\"},\"inLanguage\":\"fr-FR\",\"potentialAction\":[{\"@type\":\"ReadAction\",\"target\":[\"https:\/\/esledprofile.com\/product\/es-3737c\/\"]}]},{\"@type\":\"ImageObject\",\"inLanguage\":\"fr-FR\",\"@id\":\"https:\/\/esledprofile.com\/product\/es-3737c\/#primaryimage\",\"url\":\"https:\/\/esledprofile.com\/wp-content\/uploads\/2023\/11\/Embedded-Channel-Profiles-ES-3737.webp\",\"contentUrl\":\"https:\/\/esledprofile.com\/wp-content\/uploads\/2023\/11\/Embedded-Channel-Profiles-ES-3737.webp\",\"width\":800,\"height\":800,\"caption\":\"Embedded Channel Profiles ES-3737\"},{\"@type\":\"BreadcrumbList\",\"@id\":\"https:\/\/esledprofile.com\/product\/es-3737c\/#breadcrumb\",\"itemListElement\":[{\"@type\":\"ListItem\",\"position\":1,\"name\":\"Home\",\"item\":\"https:\/\/esledprofile.com\/\"},{\"@type\":\"ListItem\",\"position\":2,\"name\":\"Product\",\"item\":\"https:\/\/esledprofile.com\/product\/\"},{\"@type\":\"ListItem\",\"position\":3,\"name\":\"ES-3737C\"}]},{\"@type\":\"WebSite\",\"@id\":\"https:\/\/esledprofile.com\/#website\",\"url\":\"https:\/\/esledprofile.com\/\",\"name\":\"LED PROFILE Manufacturer\",\"description\":\"\",\"publisher\":{\"@id\":\"https:\/\/esledprofile.com\/#organization\"},\"potentialAction\":[{\"@type\":\"SearchAction\",\"target\":{\"@type\":\"EntryPoint\",\"urlTemplate\":\"https:\/\/esledprofile.com\/?s={search_term_string}\"},\"query-input\":{\"@type\":\"PropertyValueSpecification\",\"valueRequired\":true,\"valueName\":\"search_term_string\"}}],\"inLanguage\":\"fr-FR\"},{\"@type\":\"Organization\",\"@id\":\"https:\/\/esledprofile.com\/#organization\",\"name\":\"LED PROFILE Manufacturer\",\"url\":\"https:\/\/esledprofile.com\/\",\"logo\":{\"@type\":\"ImageObject\",\"inLanguage\":\"fr-FR\",\"@id\":\"https:\/\/esledprofile.com\/#\/schema\/logo\/image\/\",\"url\":\"https:\/\/esledprofile.com\/wp-content\/uploads\/2023\/11\/logo1-removebg-preview.png\",\"contentUrl\":\"https:\/\/esledprofile.com\/wp-content\/uploads\/2023\/11\/logo1-removebg-preview.png\",\"width\":350,\"height\":100,\"caption\":\"LED PROFILE Manufacturer\"},\"image\":{\"@id\":\"https:\/\/esledprofile.com\/#\/schema\/logo\/image\/\"}}]}<\/script>\n<!-- \/ Yoast SEO Premium plugin. -->","yoast_head_json":{"title":"Recessed Mounting Conner Aluminum Profile ES-3737C - LED PROFILE Manufacturer","description":"Profil\u00e9 de montage encastr\u00e9 en aluminium, mod\u00e8le 3737C, de dimensions 40,7*40,7 mm, pour un canal de bande LED d'angle encastr\u00e9.","robots":{"index":"index","follow":"follow","max-snippet":"max-snippet:-1","max-image-preview":"max-image-preview:large","max-video-preview":"max-video-preview:-1"},"canonical":"https:\/\/esledprofile.com\/fr\/produit\/es-3737c\/","og_locale":"fr_FR","og_type":"article","og_title":"ES-3737C","og_description":"Recessed Mounting Conner aluminum profile model 3737C, which is installation size 40.7*40.7mm. a recessed-mounted corner LED strip channel.","og_url":"https:\/\/esledprofile.com\/fr\/produit\/es-3737c\/","og_site_name":"LED PROFILE Manufacturer","article_modified_time":"2023-12-08T03:13:56+00:00","og_image":[{"width":800,"height":800,"url":"https:\/\/esledprofile.com\/wp-content\/uploads\/2023\/11\/Embedded-Channel-Profiles-ES-3737.webp","type":"image\/webp"}],"twitter_card":"summary_large_image","schema":{"@context":"https:\/\/schema.org","@graph":[{"@type":"WebPage","@id":"https:\/\/esledprofile.com\/product\/es-3737c\/","url":"https:\/\/esledprofile.com\/product\/es-3737c\/","name":"Recessed Mounting Conner Aluminum Profile ES-3737C - LED PROFILE Manufacturer","isPartOf":{"@id":"https:\/\/esledprofile.com\/#website"},"primaryImageOfPage":{"@id":"https:\/\/esledprofile.com\/product\/es-3737c\/#primaryimage"},"image":{"@id":"https:\/\/esledprofile.com\/product\/es-3737c\/#primaryimage"},"thumbnailUrl":"https:\/\/esledprofile.com\/wp-content\/uploads\/2023\/11\/Embedded-Channel-Profiles-ES-3737.webp","datePublished":"2023-11-27T06:26:41+00:00","dateModified":"2023-12-08T03:13:56+00:00","description":"Profil\u00e9 de montage encastr\u00e9 en aluminium, mod\u00e8le 3737C, de dimensions 40,7*40,7 mm, pour un canal de bande LED d'angle encastr\u00e9.","breadcrumb":{"@id":"https:\/\/esledprofile.com\/product\/es-3737c\/#breadcrumb"},"inLanguage":"fr-FR","potentialAction":[{"@type":"ReadAction","target":["https:\/\/esledprofile.com\/product\/es-3737c\/"]}]},{"@type":"ImageObject","inLanguage":"fr-FR","@id":"https:\/\/esledprofile.com\/product\/es-3737c\/#primaryimage","url":"https:\/\/esledprofile.com\/wp-content\/uploads\/2023\/11\/Embedded-Channel-Profiles-ES-3737.webp","contentUrl":"https:\/\/esledprofile.com\/wp-content\/uploads\/2023\/11\/Embedded-Channel-Profiles-ES-3737.webp","width":800,"height":800,"caption":"Embedded Channel Profiles ES-3737"},{"@type":"BreadcrumbList","@id":"https:\/\/esledprofile.com\/product\/es-3737c\/#breadcrumb","itemListElement":[{"@type":"ListItem","position":1,"name":"Home","item":"https:\/\/esledprofile.com\/"},{"@type":"ListItem","position":2,"name":"Product","item":"https:\/\/esledprofile.com\/product\/"},{"@type":"ListItem","position":3,"name":"ES-3737C"}]},{"@type":"WebSite","@id":"https:\/\/esledprofile.com\/#website","url":"https:\/\/esledprofile.com\/","name":"PROFIL LED Fabricant","description":"","publisher":{"@id":"https:\/\/esledprofile.com\/#organization"},"potentialAction":[{"@type":"SearchAction","target":{"@type":"EntryPoint","urlTemplate":"https:\/\/esledprofile.com\/?s={search_term_string}"},"query-input":{"@type":"PropertyValueSpecification","valueRequired":true,"valueName":"search_term_string"}}],"inLanguage":"fr-FR"},{"@type":"Organization","@id":"https:\/\/esledprofile.com\/#organization","name":"PROFIL LED Fabricant","url":"https:\/\/esledprofile.com\/","logo":{"@type":"ImageObject","inLanguage":"fr-FR","@id":"https:\/\/esledprofile.com\/#\/schema\/logo\/image\/","url":"https:\/\/esledprofile.com\/wp-content\/uploads\/2023\/11\/logo1-removebg-preview.png","contentUrl":"https:\/\/esledprofile.com\/wp-content\/uploads\/2023\/11\/logo1-removebg-preview.png","width":350,"height":100,"caption":"LED PROFILE Manufacturer"},"image":{"@id":"https:\/\/esledprofile.com\/#\/schema\/logo\/image\/"}}]}},"_links":{"self":[{"href":"https:\/\/esledprofile.com\/fr\/wp-json\/wp\/v2\/product\/1076","targetHints":{"allow":["GET"]}}],"collection":[{"href":"https:\/\/esledprofile.com\/fr\/wp-json\/wp\/v2\/product"}],"about":[{"href":"https:\/\/esledprofile.com\/fr\/wp-json\/wp\/v2\/types\/product"}],"version-history":[{"count":0,"href":"https:\/\/esledprofile.com\/fr\/wp-json\/wp\/v2\/product\/1076\/revisions"}],"wp:featuredmedia":[{"embeddable":true,"href":"https:\/\/esledprofile.com\/fr\/wp-json\/wp\/v2\/media\/1067"}],"wp:attachment":[{"href":"https:\/\/esledprofile.com\/fr\/wp-json\/wp\/v2\/media?parent=1076"}],"wp:term":[{"taxonomy":"product_brand","embeddable":true,"href":"https:\/\/esledprofile.com\/fr\/wp-json\/wp\/v2\/product_brand?post=1076"},{"taxonomy":"product_cat","embeddable":true,"href":"https:\/\/esledprofile.com\/fr\/wp-json\/wp\/v2\/product_cat?post=1076"},{"taxonomy":"product_tag","embeddable":true,"href":"https:\/\/esledprofile.com\/fr\/wp-json\/wp\/v2\/product_tag?post=1076"}],"curies":[{"name":"wp","href":"https:\/\/api.w.org\/{rel}","templated":true}]}}