{"id":1222,"date":"2023-11-28T05:28:02","date_gmt":"2023-11-28T05:28:02","guid":{"rendered":"https:\/\/esledprofile.com\/?post_type=product&#038;p=1222"},"modified":"2023-12-12T02:07:03","modified_gmt":"2023-12-12T02:07:03","slug":"es-3612lr","status":"publish","type":"product","link":"https:\/\/esledprofile.com\/fr\/produit\/es-3612lr\/","title":{"rendered":"ES-3612LR"},"content":{"rendered":"","protected":false},"excerpt":{"rendered":"<table width=\"288\">\n<tbody>\n<tr>\n<td width=\"143\">Mat\u00e9riau<\/td>\n<td width=\"145\">Alu 6063-T5<\/td>\n<\/tr>\n<tr>\n<td>Traitement de surface<\/td>\n<td>Anodis\u00e9\/peint<\/td>\n<\/tr>\n<tr>\n<td>Mat\u00e9riau du diffuseur<\/td>\n<td>PC<\/td>\n<\/tr>\n<tr>\n<td>Postuler<\/td>\n<td>Application int\u00e9rieure<\/td>\n<\/tr>\n<tr>\n<td>MOQ<\/td>\n<td>100 m\u00e8tres\/article<\/td>\n<\/tr>\n<tr>\n<td>Garantie<\/td>\n<td>3 ans<\/td>\n<\/tr>\n<tr>\n<td>Certification<\/td>\n<td>CE, RoHS<\/td>\n<\/tr>\n<\/tbody>\n<\/table>\n<h4 class=\"elementor-heading-title elementor-size-default\"><span style=\"color: #cc0033;\">Caract\u00e9ristiques du produit<\/span><\/h4>\n<p>Profil\u00e9 d'extrusion en aluminium \u00e0 LED 3612LR, cintrage libre, dimensions 36.2*12.2mm. Veuillez noter que la largeur totale de ce profil\u00e9 LED est de 36.2mm, vous devez donc laisser un peu plus d'espace lors de l'installation. Vous pouvez le plier dans diff\u00e9rentes directions en fonction de votre projet, comme les murs et les plafonds.<\/p>","protected":false},"featured_media":1223,"template":"","meta":{"_kad_post_transparent":"default","_kad_post_title":"hide","_kad_post_layout":"fullwidth","_kad_post_sidebar_id":"","_kad_post_content_style":"unboxed","_kad_post_vertical_padding":"hide","_kad_post_feature":"hide","_kad_post_feature_position":"","_kad_post_header":false,"_kad_post_footer":false,"_kad_post_classname":""},"product_brand":[],"product_cat":[29,33],"product_tag":[112,113,114],"class_list":{"0":"post-1222","1":"product","2":"type-product","3":"status-publish","4":"has-post-thumbnail","6":"product_cat-12mm-series","7":"product_cat-free-bending-series","8":"product_tag-bendable-led-profile-extrusion","9":"product_tag-bendable-led-strip-aluminium-profile","10":"product_tag-bendable-lighting-profile","12":"first","13":"instock","14":"shipping-taxable","15":"product-type-simple","16":"entry","17":"content-bg","18":"loop-entry"},"yoast_head":"<!-- This site is optimized with the Yoast SEO Premium plugin v24.7 (Yoast SEO v27.4) - https:\/\/yoast.com\/product\/yoast-seo-premium-wordpress\/ -->\n<title>Free Bending LED Aluminum Extrusion Profiles ES-3612LR - LED PROFILE Manufacturer<\/title>\n<meta name=\"description\" content=\"Free bending LED Aluminum Extrusion Profiles 3612LR, the size is 36.2*12.2mm. Please note that the total width of this LED profile is 36.2mm.\" \/>\n<meta name=\"robots\" content=\"index, follow, max-snippet:-1, max-image-preview:large, max-video-preview:-1\" \/>\n<link rel=\"canonical\" href=\"https:\/\/esledprofile.com\/fr\/produit\/es-3612lr\/\" \/>\n<meta property=\"og:locale\" content=\"fr_FR\" \/>\n<meta property=\"og:type\" content=\"article\" \/>\n<meta property=\"og:title\" content=\"ES-3612LR\" \/>\n<meta property=\"og:description\" content=\"Free bending LED Aluminum Extrusion Profiles 3612LR, the size is 36.2*12.2mm. Please note that the total width of this LED profile is 36.2mm.\" \/>\n<meta property=\"og:url\" content=\"https:\/\/esledprofile.com\/fr\/produit\/es-3612lr\/\" \/>\n<meta property=\"og:site_name\" content=\"LED PROFILE Manufacturer\" \/>\n<meta property=\"article:modified_time\" content=\"2023-12-12T02:07:03+00:00\" \/>\n<meta property=\"og:image\" content=\"https:\/\/esledprofile.com\/wp-content\/uploads\/2023\/11\/Bendable-Aluminium-Channel-for-LED-strips-ES-3612LR.webp\" \/>\n\t<meta property=\"og:image:width\" content=\"800\" \/>\n\t<meta property=\"og:image:height\" content=\"800\" \/>\n\t<meta property=\"og:image:type\" content=\"image\/webp\" \/>\n<meta name=\"twitter:card\" content=\"summary_large_image\" \/>\n<script type=\"application\/ld+json\" class=\"yoast-schema-graph\">{\"@context\":\"https:\\\/\\\/schema.org\",\"@graph\":[{\"@type\":\"WebPage\",\"@id\":\"https:\\\/\\\/esledprofile.com\\\/product\\\/es-3612lr\\\/\",\"url\":\"https:\\\/\\\/esledprofile.com\\\/product\\\/es-3612lr\\\/\",\"name\":\"Free Bending LED Aluminum Extrusion Profiles ES-3612LR - LED PROFILE Manufacturer\",\"isPartOf\":{\"@id\":\"https:\\\/\\\/esledprofile.com\\\/#website\"},\"primaryImageOfPage\":{\"@id\":\"https:\\\/\\\/esledprofile.com\\\/product\\\/es-3612lr\\\/#primaryimage\"},\"image\":{\"@id\":\"https:\\\/\\\/esledprofile.com\\\/product\\\/es-3612lr\\\/#primaryimage\"},\"thumbnailUrl\":\"https:\\\/\\\/esledprofile.com\\\/wp-content\\\/uploads\\\/2023\\\/11\\\/Bendable-Aluminium-Channel-for-LED-strips-ES-3612LR.webp\",\"datePublished\":\"2023-11-28T05:28:02+00:00\",\"dateModified\":\"2023-12-12T02:07:03+00:00\",\"description\":\"Free bending LED Aluminum Extrusion Profiles 3612LR, the size is 36.2*12.2mm. Please note that the total width of this LED profile is 36.2mm.\",\"breadcrumb\":{\"@id\":\"https:\\\/\\\/esledprofile.com\\\/product\\\/es-3612lr\\\/#breadcrumb\"},\"inLanguage\":\"fr-FR\",\"potentialAction\":[{\"@type\":\"ReadAction\",\"target\":[\"https:\\\/\\\/esledprofile.com\\\/product\\\/es-3612lr\\\/\"]}]},{\"@type\":\"ImageObject\",\"inLanguage\":\"fr-FR\",\"@id\":\"https:\\\/\\\/esledprofile.com\\\/product\\\/es-3612lr\\\/#primaryimage\",\"url\":\"https:\\\/\\\/esledprofile.com\\\/wp-content\\\/uploads\\\/2023\\\/11\\\/Bendable-Aluminium-Channel-for-LED-strips-ES-3612LR.webp\",\"contentUrl\":\"https:\\\/\\\/esledprofile.com\\\/wp-content\\\/uploads\\\/2023\\\/11\\\/Bendable-Aluminium-Channel-for-LED-strips-ES-3612LR.webp\",\"width\":800,\"height\":800,\"caption\":\"Bendable Aluminium Channel for LED strips ES-3612LR\"},{\"@type\":\"BreadcrumbList\",\"@id\":\"https:\\\/\\\/esledprofile.com\\\/product\\\/es-3612lr\\\/#breadcrumb\",\"itemListElement\":[{\"@type\":\"ListItem\",\"position\":1,\"name\":\"Home\",\"item\":\"https:\\\/\\\/esledprofile.com\\\/\"},{\"@type\":\"ListItem\",\"position\":2,\"name\":\"Product\",\"item\":\"https:\\\/\\\/esledprofile.com\\\/product\\\/\"},{\"@type\":\"ListItem\",\"position\":3,\"name\":\"ES-3612LR\"}]},{\"@type\":\"WebSite\",\"@id\":\"https:\\\/\\\/esledprofile.com\\\/#website\",\"url\":\"https:\\\/\\\/esledprofile.com\\\/\",\"name\":\"LED PROFILE Manufacturer\",\"description\":\"\",\"publisher\":{\"@id\":\"https:\\\/\\\/esledprofile.com\\\/#organization\"},\"potentialAction\":[{\"@type\":\"SearchAction\",\"target\":{\"@type\":\"EntryPoint\",\"urlTemplate\":\"https:\\\/\\\/esledprofile.com\\\/?s={search_term_string}\"},\"query-input\":{\"@type\":\"PropertyValueSpecification\",\"valueRequired\":true,\"valueName\":\"search_term_string\"}}],\"inLanguage\":\"fr-FR\"},{\"@type\":\"Organization\",\"@id\":\"https:\\\/\\\/esledprofile.com\\\/#organization\",\"name\":\"LED PROFILE Manufacturer\",\"url\":\"https:\\\/\\\/esledprofile.com\\\/\",\"logo\":{\"@type\":\"ImageObject\",\"inLanguage\":\"fr-FR\",\"@id\":\"https:\\\/\\\/esledprofile.com\\\/#\\\/schema\\\/logo\\\/image\\\/\",\"url\":\"https:\\\/\\\/esledprofile.com\\\/wp-content\\\/uploads\\\/2023\\\/11\\\/logo1-removebg-preview.png\",\"contentUrl\":\"https:\\\/\\\/esledprofile.com\\\/wp-content\\\/uploads\\\/2023\\\/11\\\/logo1-removebg-preview.png\",\"width\":350,\"height\":100,\"caption\":\"LED PROFILE Manufacturer\"},\"image\":{\"@id\":\"https:\\\/\\\/esledprofile.com\\\/#\\\/schema\\\/logo\\\/image\\\/\"}}]}<\/script>\n<!-- \/ Yoast SEO Premium plugin. -->","yoast_head_json":{"title":"Free Bending LED Aluminum Extrusion Profiles ES-3612LR - LED PROFILE Manufacturer","description":"Profil\u00e9s d'extrusion en aluminium \u00e0 LED 3612LR, cintrage libre, dimensions 36.2*12.2mm. Veuillez noter que la largeur totale de ce profil\u00e9 LED est de 36.2mm.","robots":{"index":"index","follow":"follow","max-snippet":"max-snippet:-1","max-image-preview":"max-image-preview:large","max-video-preview":"max-video-preview:-1"},"canonical":"https:\/\/esledprofile.com\/fr\/produit\/es-3612lr\/","og_locale":"fr_FR","og_type":"article","og_title":"ES-3612LR","og_description":"Free bending LED Aluminum Extrusion Profiles 3612LR, the size is 36.2*12.2mm. Please note that the total width of this LED profile is 36.2mm.","og_url":"https:\/\/esledprofile.com\/fr\/produit\/es-3612lr\/","og_site_name":"LED PROFILE Manufacturer","article_modified_time":"2023-12-12T02:07:03+00:00","og_image":[{"width":800,"height":800,"url":"https:\/\/esledprofile.com\/wp-content\/uploads\/2023\/11\/Bendable-Aluminium-Channel-for-LED-strips-ES-3612LR.webp","type":"image\/webp"}],"twitter_card":"summary_large_image","schema":{"@context":"https:\/\/schema.org","@graph":[{"@type":"WebPage","@id":"https:\/\/esledprofile.com\/product\/es-3612lr\/","url":"https:\/\/esledprofile.com\/product\/es-3612lr\/","name":"Free Bending LED Aluminum Extrusion Profiles ES-3612LR - LED PROFILE Manufacturer","isPartOf":{"@id":"https:\/\/esledprofile.com\/#website"},"primaryImageOfPage":{"@id":"https:\/\/esledprofile.com\/product\/es-3612lr\/#primaryimage"},"image":{"@id":"https:\/\/esledprofile.com\/product\/es-3612lr\/#primaryimage"},"thumbnailUrl":"https:\/\/esledprofile.com\/wp-content\/uploads\/2023\/11\/Bendable-Aluminium-Channel-for-LED-strips-ES-3612LR.webp","datePublished":"2023-11-28T05:28:02+00:00","dateModified":"2023-12-12T02:07:03+00:00","description":"Profil\u00e9s d'extrusion en aluminium \u00e0 LED 3612LR, cintrage libre, dimensions 36.2*12.2mm. Veuillez noter que la largeur totale de ce profil\u00e9 LED est de 36.2mm.","breadcrumb":{"@id":"https:\/\/esledprofile.com\/product\/es-3612lr\/#breadcrumb"},"inLanguage":"fr-FR","potentialAction":[{"@type":"ReadAction","target":["https:\/\/esledprofile.com\/product\/es-3612lr\/"]}]},{"@type":"ImageObject","inLanguage":"fr-FR","@id":"https:\/\/esledprofile.com\/product\/es-3612lr\/#primaryimage","url":"https:\/\/esledprofile.com\/wp-content\/uploads\/2023\/11\/Bendable-Aluminium-Channel-for-LED-strips-ES-3612LR.webp","contentUrl":"https:\/\/esledprofile.com\/wp-content\/uploads\/2023\/11\/Bendable-Aluminium-Channel-for-LED-strips-ES-3612LR.webp","width":800,"height":800,"caption":"Bendable Aluminium Channel for LED strips ES-3612LR"},{"@type":"BreadcrumbList","@id":"https:\/\/esledprofile.com\/product\/es-3612lr\/#breadcrumb","itemListElement":[{"@type":"ListItem","position":1,"name":"Home","item":"https:\/\/esledprofile.com\/"},{"@type":"ListItem","position":2,"name":"Product","item":"https:\/\/esledprofile.com\/product\/"},{"@type":"ListItem","position":3,"name":"ES-3612LR"}]},{"@type":"WebSite","@id":"https:\/\/esledprofile.com\/#website","url":"https:\/\/esledprofile.com\/","name":"PROFIL LED Fabricant","description":"","publisher":{"@id":"https:\/\/esledprofile.com\/#organization"},"potentialAction":[{"@type":"SearchAction","target":{"@type":"EntryPoint","urlTemplate":"https:\/\/esledprofile.com\/?s={search_term_string}"},"query-input":{"@type":"PropertyValueSpecification","valueRequired":true,"valueName":"search_term_string"}}],"inLanguage":"fr-FR"},{"@type":"Organization","@id":"https:\/\/esledprofile.com\/#organization","name":"PROFIL LED Fabricant","url":"https:\/\/esledprofile.com\/","logo":{"@type":"ImageObject","inLanguage":"fr-FR","@id":"https:\/\/esledprofile.com\/#\/schema\/logo\/image\/","url":"https:\/\/esledprofile.com\/wp-content\/uploads\/2023\/11\/logo1-removebg-preview.png","contentUrl":"https:\/\/esledprofile.com\/wp-content\/uploads\/2023\/11\/logo1-removebg-preview.png","width":350,"height":100,"caption":"LED PROFILE Manufacturer"},"image":{"@id":"https:\/\/esledprofile.com\/#\/schema\/logo\/image\/"}}]}},"_links":{"self":[{"href":"https:\/\/esledprofile.com\/fr\/wp-json\/wp\/v2\/product\/1222","targetHints":{"allow":["GET"]}}],"collection":[{"href":"https:\/\/esledprofile.com\/fr\/wp-json\/wp\/v2\/product"}],"about":[{"href":"https:\/\/esledprofile.com\/fr\/wp-json\/wp\/v2\/types\/product"}],"version-history":[{"count":0,"href":"https:\/\/esledprofile.com\/fr\/wp-json\/wp\/v2\/product\/1222\/revisions"}],"wp:featuredmedia":[{"embeddable":true,"href":"https:\/\/esledprofile.com\/fr\/wp-json\/wp\/v2\/media\/1223"}],"wp:attachment":[{"href":"https:\/\/esledprofile.com\/fr\/wp-json\/wp\/v2\/media?parent=1222"}],"wp:term":[{"taxonomy":"product_brand","embeddable":true,"href":"https:\/\/esledprofile.com\/fr\/wp-json\/wp\/v2\/product_brand?post=1222"},{"taxonomy":"product_cat","embeddable":true,"href":"https:\/\/esledprofile.com\/fr\/wp-json\/wp\/v2\/product_cat?post=1222"},{"taxonomy":"product_tag","embeddable":true,"href":"https:\/\/esledprofile.com\/fr\/wp-json\/wp\/v2\/product_tag?post=1222"}],"curies":[{"name":"wp","href":"https:\/\/api.w.org\/{rel}","templated":true}]}}