{"id":1247,"date":"2023-11-28T05:53:04","date_gmt":"2023-11-28T05:53:04","guid":{"rendered":"https:\/\/esledprofile.com\/?post_type=product&#038;p=1247"},"modified":"2023-12-12T03:14:09","modified_gmt":"2023-12-12T03:14:09","slug":"es-5412ud","status":"publish","type":"product","link":"https:\/\/esledprofile.com\/fr\/produit\/es-5412ud\/","title":{"rendered":"ES-5412UD"},"content":{"rendered":"","protected":false},"excerpt":{"rendered":"<table width=\"288\">\n<tbody>\n<tr>\n<td width=\"143\">Mat\u00e9riau<\/td>\n<td width=\"145\">Alu 6063-T5<\/td>\n<\/tr>\n<tr>\n<td>Traitement de surface<\/td>\n<td>Anodis\u00e9\/peint<\/td>\n<\/tr>\n<tr>\n<td>Mat\u00e9riau du diffuseur<\/td>\n<td>PC<\/td>\n<\/tr>\n<tr>\n<td>Postuler<\/td>\n<td>Application int\u00e9rieure<\/td>\n<\/tr>\n<tr>\n<td>MOQ<\/td>\n<td>100 m\u00e8tres\/article<\/td>\n<\/tr>\n<tr>\n<td>Garantie<\/td>\n<td>3 ans<\/td>\n<\/tr>\n<tr>\n<td>Certification<\/td>\n<td>CE, RoHS<\/td>\n<\/tr>\n<\/tbody>\n<\/table>\n<h4 class=\"elementor-heading-title elementor-size-default\"><span style=\"color: #cc0033;\">Caract\u00e9ristiques du produit<\/span><\/h4>\n<p>Profil\u00e9 de bande LED encastr\u00e9 \u00e0 courbure libre de type 5412UD, dimensions 52.7*13.2mm. Il s'agit d'un profil\u00e9 LED pliable qui peut \u00eatre pli\u00e9 lat\u00e9ralement. Il est principalement pli\u00e9 entre le plafond, le mur et le sol pour am\u00e9liorer l'\u00e9clairage g\u00e9n\u00e9ral haut de gamme, avec une vari\u00e9t\u00e9 d'espaces pour am\u00e9liorer l'effet artistique.<\/p>","protected":false},"featured_media":1248,"template":"","meta":{"_kad_post_transparent":"default","_kad_post_title":"hide","_kad_post_layout":"fullwidth","_kad_post_sidebar_id":"","_kad_post_content_style":"unboxed","_kad_post_vertical_padding":"hide","_kad_post_feature":"hide","_kad_post_feature_position":"","_kad_post_header":false,"_kad_post_footer":false,"_kad_post_classname":""},"product_brand":[],"product_cat":[29,33],"product_tag":[112,114,115],"class_list":{"0":"post-1247","1":"product","2":"type-product","3":"status-publish","4":"has-post-thumbnail","6":"product_cat-12mm-series","7":"product_cat-free-bending-series","8":"product_tag-bendable-led-profile-extrusion","9":"product_tag-bendable-lighting-profile","10":"product_tag-bendable-serrated-aluminum-profile","12":"first","13":"instock","14":"shipping-taxable","15":"product-type-simple","16":"entry","17":"content-bg","18":"loop-entry"},"yoast_head":"<!-- This site is optimized with the Yoast SEO Premium plugin v24.7 (Yoast SEO v26.7) - https:\/\/yoast.com\/wordpress\/plugins\/seo\/ -->\n<title>Free Bending Recessed LED Channel Strip Profile ES-5412UD - LED PROFILE Manufacturer<\/title>\n<meta name=\"description\" content=\"Free bending Recessed LED channel strip profile type 5412UD, the size is 52.7*13.2mm. It is a bendable LED profile that can be bent sideways.\" \/>\n<meta name=\"robots\" content=\"index, follow, max-snippet:-1, max-image-preview:large, max-video-preview:-1\" \/>\n<link rel=\"canonical\" href=\"https:\/\/esledprofile.com\/fr\/produit\/es-5412ud\/\" \/>\n<meta property=\"og:locale\" content=\"fr_FR\" \/>\n<meta property=\"og:type\" content=\"article\" \/>\n<meta property=\"og:title\" content=\"ES-5412UD\" \/>\n<meta property=\"og:description\" content=\"Free bending Recessed LED channel strip profile type 5412UD, the size is 52.7*13.2mm. It is a bendable LED profile that can be bent sideways.\" \/>\n<meta property=\"og:url\" content=\"https:\/\/esledprofile.com\/fr\/produit\/es-5412ud\/\" \/>\n<meta property=\"og:site_name\" content=\"LED PROFILE Manufacturer\" \/>\n<meta property=\"article:modified_time\" content=\"2023-12-12T03:14:09+00:00\" \/>\n<meta property=\"og:image\" content=\"https:\/\/esledprofile.com\/wp-content\/uploads\/2023\/11\/Bendable-LED-profile-extrusion-ES-5412UD.webp\" \/>\n\t<meta property=\"og:image:width\" content=\"800\" \/>\n\t<meta property=\"og:image:height\" content=\"800\" \/>\n\t<meta property=\"og:image:type\" content=\"image\/webp\" \/>\n<meta name=\"twitter:card\" content=\"summary_large_image\" \/>\n<script type=\"application\/ld+json\" class=\"yoast-schema-graph\">{\"@context\":\"https:\/\/schema.org\",\"@graph\":[{\"@type\":\"WebPage\",\"@id\":\"https:\/\/esledprofile.com\/product\/es-5412ud\/\",\"url\":\"https:\/\/esledprofile.com\/product\/es-5412ud\/\",\"name\":\"Free Bending Recessed LED Channel Strip Profile ES-5412UD - LED PROFILE Manufacturer\",\"isPartOf\":{\"@id\":\"https:\/\/esledprofile.com\/#website\"},\"primaryImageOfPage\":{\"@id\":\"https:\/\/esledprofile.com\/product\/es-5412ud\/#primaryimage\"},\"image\":{\"@id\":\"https:\/\/esledprofile.com\/product\/es-5412ud\/#primaryimage\"},\"thumbnailUrl\":\"https:\/\/esledprofile.com\/wp-content\/uploads\/2023\/11\/Bendable-LED-profile-extrusion-ES-5412UD.webp\",\"datePublished\":\"2023-11-28T05:53:04+00:00\",\"dateModified\":\"2023-12-12T03:14:09+00:00\",\"description\":\"Free bending Recessed LED channel strip profile type 5412UD, the size is 52.7*13.2mm. It is a bendable LED profile that can be bent sideways.\",\"breadcrumb\":{\"@id\":\"https:\/\/esledprofile.com\/product\/es-5412ud\/#breadcrumb\"},\"inLanguage\":\"fr-FR\",\"potentialAction\":[{\"@type\":\"ReadAction\",\"target\":[\"https:\/\/esledprofile.com\/product\/es-5412ud\/\"]}]},{\"@type\":\"ImageObject\",\"inLanguage\":\"fr-FR\",\"@id\":\"https:\/\/esledprofile.com\/product\/es-5412ud\/#primaryimage\",\"url\":\"https:\/\/esledprofile.com\/wp-content\/uploads\/2023\/11\/Bendable-LED-profile-extrusion-ES-5412UD.webp\",\"contentUrl\":\"https:\/\/esledprofile.com\/wp-content\/uploads\/2023\/11\/Bendable-LED-profile-extrusion-ES-5412UD.webp\",\"width\":800,\"height\":800,\"caption\":\"Bendable LED profile extrusion ES-5412UD\"},{\"@type\":\"BreadcrumbList\",\"@id\":\"https:\/\/esledprofile.com\/product\/es-5412ud\/#breadcrumb\",\"itemListElement\":[{\"@type\":\"ListItem\",\"position\":1,\"name\":\"Home\",\"item\":\"https:\/\/esledprofile.com\/\"},{\"@type\":\"ListItem\",\"position\":2,\"name\":\"Product\",\"item\":\"https:\/\/esledprofile.com\/product\/\"},{\"@type\":\"ListItem\",\"position\":3,\"name\":\"ES-5412UD\"}]},{\"@type\":\"WebSite\",\"@id\":\"https:\/\/esledprofile.com\/#website\",\"url\":\"https:\/\/esledprofile.com\/\",\"name\":\"LED PROFILE Manufacturer\",\"description\":\"\",\"publisher\":{\"@id\":\"https:\/\/esledprofile.com\/#organization\"},\"potentialAction\":[{\"@type\":\"SearchAction\",\"target\":{\"@type\":\"EntryPoint\",\"urlTemplate\":\"https:\/\/esledprofile.com\/?s={search_term_string}\"},\"query-input\":{\"@type\":\"PropertyValueSpecification\",\"valueRequired\":true,\"valueName\":\"search_term_string\"}}],\"inLanguage\":\"fr-FR\"},{\"@type\":\"Organization\",\"@id\":\"https:\/\/esledprofile.com\/#organization\",\"name\":\"LED PROFILE Manufacturer\",\"url\":\"https:\/\/esledprofile.com\/\",\"logo\":{\"@type\":\"ImageObject\",\"inLanguage\":\"fr-FR\",\"@id\":\"https:\/\/esledprofile.com\/#\/schema\/logo\/image\/\",\"url\":\"https:\/\/esledprofile.com\/wp-content\/uploads\/2023\/11\/logo1-removebg-preview.png\",\"contentUrl\":\"https:\/\/esledprofile.com\/wp-content\/uploads\/2023\/11\/logo1-removebg-preview.png\",\"width\":350,\"height\":100,\"caption\":\"LED PROFILE Manufacturer\"},\"image\":{\"@id\":\"https:\/\/esledprofile.com\/#\/schema\/logo\/image\/\"}}]}<\/script>\n<!-- \/ Yoast SEO Premium plugin. -->","yoast_head_json":{"title":"Free Bending Recessed LED Channel Strip Profile ES-5412UD - LED PROFILE Manufacturer","description":"Profil\u00e9 de bande LED encastr\u00e9 \u00e0 courbure libre de type 5412UD, dimensions 52.7*13.2mm. Il s'agit d'un profil\u00e9 LED pliable qui peut \u00eatre pli\u00e9 lat\u00e9ralement.","robots":{"index":"index","follow":"follow","max-snippet":"max-snippet:-1","max-image-preview":"max-image-preview:large","max-video-preview":"max-video-preview:-1"},"canonical":"https:\/\/esledprofile.com\/fr\/produit\/es-5412ud\/","og_locale":"fr_FR","og_type":"article","og_title":"ES-5412UD","og_description":"Free bending Recessed LED channel strip profile type 5412UD, the size is 52.7*13.2mm. It is a bendable LED profile that can be bent sideways.","og_url":"https:\/\/esledprofile.com\/fr\/produit\/es-5412ud\/","og_site_name":"LED PROFILE Manufacturer","article_modified_time":"2023-12-12T03:14:09+00:00","og_image":[{"width":800,"height":800,"url":"https:\/\/esledprofile.com\/wp-content\/uploads\/2023\/11\/Bendable-LED-profile-extrusion-ES-5412UD.webp","type":"image\/webp"}],"twitter_card":"summary_large_image","schema":{"@context":"https:\/\/schema.org","@graph":[{"@type":"WebPage","@id":"https:\/\/esledprofile.com\/product\/es-5412ud\/","url":"https:\/\/esledprofile.com\/product\/es-5412ud\/","name":"Free Bending Recessed LED Channel Strip Profile ES-5412UD - LED PROFILE Manufacturer","isPartOf":{"@id":"https:\/\/esledprofile.com\/#website"},"primaryImageOfPage":{"@id":"https:\/\/esledprofile.com\/product\/es-5412ud\/#primaryimage"},"image":{"@id":"https:\/\/esledprofile.com\/product\/es-5412ud\/#primaryimage"},"thumbnailUrl":"https:\/\/esledprofile.com\/wp-content\/uploads\/2023\/11\/Bendable-LED-profile-extrusion-ES-5412UD.webp","datePublished":"2023-11-28T05:53:04+00:00","dateModified":"2023-12-12T03:14:09+00:00","description":"Profil\u00e9 de bande LED encastr\u00e9 \u00e0 courbure libre de type 5412UD, dimensions 52.7*13.2mm. Il s'agit d'un profil\u00e9 LED pliable qui peut \u00eatre pli\u00e9 lat\u00e9ralement.","breadcrumb":{"@id":"https:\/\/esledprofile.com\/product\/es-5412ud\/#breadcrumb"},"inLanguage":"fr-FR","potentialAction":[{"@type":"ReadAction","target":["https:\/\/esledprofile.com\/product\/es-5412ud\/"]}]},{"@type":"ImageObject","inLanguage":"fr-FR","@id":"https:\/\/esledprofile.com\/product\/es-5412ud\/#primaryimage","url":"https:\/\/esledprofile.com\/wp-content\/uploads\/2023\/11\/Bendable-LED-profile-extrusion-ES-5412UD.webp","contentUrl":"https:\/\/esledprofile.com\/wp-content\/uploads\/2023\/11\/Bendable-LED-profile-extrusion-ES-5412UD.webp","width":800,"height":800,"caption":"Bendable LED profile extrusion ES-5412UD"},{"@type":"BreadcrumbList","@id":"https:\/\/esledprofile.com\/product\/es-5412ud\/#breadcrumb","itemListElement":[{"@type":"ListItem","position":1,"name":"Home","item":"https:\/\/esledprofile.com\/"},{"@type":"ListItem","position":2,"name":"Product","item":"https:\/\/esledprofile.com\/product\/"},{"@type":"ListItem","position":3,"name":"ES-5412UD"}]},{"@type":"WebSite","@id":"https:\/\/esledprofile.com\/#website","url":"https:\/\/esledprofile.com\/","name":"PROFIL LED Fabricant","description":"","publisher":{"@id":"https:\/\/esledprofile.com\/#organization"},"potentialAction":[{"@type":"SearchAction","target":{"@type":"EntryPoint","urlTemplate":"https:\/\/esledprofile.com\/?s={search_term_string}"},"query-input":{"@type":"PropertyValueSpecification","valueRequired":true,"valueName":"search_term_string"}}],"inLanguage":"fr-FR"},{"@type":"Organization","@id":"https:\/\/esledprofile.com\/#organization","name":"PROFIL LED Fabricant","url":"https:\/\/esledprofile.com\/","logo":{"@type":"ImageObject","inLanguage":"fr-FR","@id":"https:\/\/esledprofile.com\/#\/schema\/logo\/image\/","url":"https:\/\/esledprofile.com\/wp-content\/uploads\/2023\/11\/logo1-removebg-preview.png","contentUrl":"https:\/\/esledprofile.com\/wp-content\/uploads\/2023\/11\/logo1-removebg-preview.png","width":350,"height":100,"caption":"LED PROFILE Manufacturer"},"image":{"@id":"https:\/\/esledprofile.com\/#\/schema\/logo\/image\/"}}]}},"_links":{"self":[{"href":"https:\/\/esledprofile.com\/fr\/wp-json\/wp\/v2\/product\/1247","targetHints":{"allow":["GET"]}}],"collection":[{"href":"https:\/\/esledprofile.com\/fr\/wp-json\/wp\/v2\/product"}],"about":[{"href":"https:\/\/esledprofile.com\/fr\/wp-json\/wp\/v2\/types\/product"}],"version-history":[{"count":0,"href":"https:\/\/esledprofile.com\/fr\/wp-json\/wp\/v2\/product\/1247\/revisions"}],"wp:featuredmedia":[{"embeddable":true,"href":"https:\/\/esledprofile.com\/fr\/wp-json\/wp\/v2\/media\/1248"}],"wp:attachment":[{"href":"https:\/\/esledprofile.com\/fr\/wp-json\/wp\/v2\/media?parent=1247"}],"wp:term":[{"taxonomy":"product_brand","embeddable":true,"href":"https:\/\/esledprofile.com\/fr\/wp-json\/wp\/v2\/product_brand?post=1247"},{"taxonomy":"product_cat","embeddable":true,"href":"https:\/\/esledprofile.com\/fr\/wp-json\/wp\/v2\/product_cat?post=1247"},{"taxonomy":"product_tag","embeddable":true,"href":"https:\/\/esledprofile.com\/fr\/wp-json\/wp\/v2\/product_tag?post=1247"}],"curies":[{"name":"wp","href":"https:\/\/api.w.org\/{rel}","templated":true}]}}