{"id":1790,"date":"2023-11-30T02:08:02","date_gmt":"2023-11-30T02:08:02","guid":{"rendered":"https:\/\/esledprofile.com\/?post_type=product&#038;p=1790"},"modified":"2023-12-18T06:55:39","modified_gmt":"2023-12-18T06:55:39","slug":"es-0810","status":"publish","type":"product","link":"https:\/\/esledprofile.com\/fr\/produit\/es-0810\/","title":{"rendered":"ES-0810"},"content":{"rendered":"","protected":false},"excerpt":{"rendered":"<table width=\"288\">\n<tbody>\n<tr>\n<td width=\"143\">Mat\u00e9riau<\/td>\n<td width=\"145\">Alu 6063-T5<\/td>\n<\/tr>\n<tr>\n<td>Traitement de surface<\/td>\n<td>Anodis\u00e9\/peint<\/td>\n<\/tr>\n<tr>\n<td>Mat\u00e9riau du diffuseur<\/td>\n<td>PC<\/td>\n<\/tr>\n<tr>\n<td>Postuler<\/td>\n<td>Application int\u00e9rieure<\/td>\n<\/tr>\n<tr>\n<td>MOQ<\/td>\n<td>100 m\u00e8tres\/article<\/td>\n<\/tr>\n<tr>\n<td>Garantie<\/td>\n<td>3 ans<\/td>\n<\/tr>\n<tr>\n<td>Certification<\/td>\n<td>CE, RoHS<\/td>\n<\/tr>\n<\/tbody>\n<\/table>\n<h4 class=\"elementor-heading-title elementor-size-default\"><span style=\"color: #cc0033;\">Caract\u00e9ristiques du produit<\/span><\/h4>\n<p>Profil\u00e9 aluminium LED pour \u00e9clairage d'armoire, montage en surface, mod\u00e8le 0810, dimensions 8*10mm. Ce profil\u00e9 aluminium \u00e0 LED pour montage en surface est principalement utilis\u00e9 pour l'\u00e9clairage d'armoires. La taille int\u00e9rieure du profil\u00e9 est de 5,3mm, vous devez donc choisir des bandes lumineuses LED d'une largeur de 3-5mm.<\/p>","protected":false},"featured_media":1793,"template":"","meta":{"_kad_post_transparent":"default","_kad_post_title":"hide","_kad_post_layout":"fullwidth","_kad_post_sidebar_id":"","_kad_post_content_style":"unboxed","_kad_post_vertical_padding":"hide","_kad_post_feature":"hide","_kad_post_feature_position":"","_kad_post_header":false,"_kad_post_footer":false,"_kad_post_classname":""},"product_brand":[],"product_cat":[58,61],"product_tag":[81,78,90],"class_list":{"0":"post-1790","1":"product","2":"type-product","3":"status-publish","4":"has-post-thumbnail","6":"product_cat-cabinet-series","7":"product_cat-surface-mounting-series","8":"product_tag-led-aluminium-extrusion","9":"product_tag-led-aluminum-channel","10":"product_tag-led-aluminum-profile","12":"first","13":"instock","14":"shipping-taxable","15":"product-type-simple","16":"entry","17":"content-bg","18":"loop-entry"},"yoast_head":"<!-- This site is optimized with the Yoast SEO Premium plugin v24.7 (Yoast SEO v26.7) - https:\/\/yoast.com\/wordpress\/plugins\/seo\/ -->\n<title>Cabinet Lighting surface mounting LED aluminum profile ES-0810 - LED PROFILE Manufacturer<\/title>\n<meta name=\"description\" content=\"Cabinet Lighting surface mounting LED aluminum profile model 0810, inner size is 5.3mm, so you need to choose 3-5mm width LED strip lights.\" \/>\n<meta name=\"robots\" content=\"index, follow, max-snippet:-1, max-image-preview:large, max-video-preview:-1\" \/>\n<link rel=\"canonical\" href=\"https:\/\/esledprofile.com\/fr\/produit\/es-0810\/\" \/>\n<meta property=\"og:locale\" content=\"fr_FR\" \/>\n<meta property=\"og:type\" content=\"article\" \/>\n<meta property=\"og:title\" content=\"ES-0810\" \/>\n<meta property=\"og:description\" content=\"Cabinet Lighting surface mounting LED aluminum profile model 0810, inner size is 5.3mm, so you need to choose 3-5mm width LED strip lights.\" \/>\n<meta property=\"og:url\" content=\"https:\/\/esledprofile.com\/fr\/produit\/es-0810\/\" \/>\n<meta property=\"og:site_name\" content=\"LED PROFILE Manufacturer\" \/>\n<meta property=\"article:modified_time\" content=\"2023-12-18T06:55:39+00:00\" \/>\n<meta property=\"og:image\" content=\"https:\/\/esledprofile.com\/wp-content\/uploads\/2023\/11\/LED-Strips-Profiles-and-Accessories-ES-0810.webp\" \/>\n\t<meta property=\"og:image:width\" content=\"800\" \/>\n\t<meta property=\"og:image:height\" content=\"800\" \/>\n\t<meta property=\"og:image:type\" content=\"image\/webp\" \/>\n<meta name=\"twitter:card\" content=\"summary_large_image\" \/>\n<meta name=\"twitter:label1\" content=\"Dur\u00e9e de lecture estim\u00e9e\" \/>\n\t<meta name=\"twitter:data1\" content=\"1 minute\" \/>\n<script type=\"application\/ld+json\" class=\"yoast-schema-graph\">{\"@context\":\"https:\/\/schema.org\",\"@graph\":[{\"@type\":\"WebPage\",\"@id\":\"https:\/\/esledprofile.com\/product\/es-0810\/\",\"url\":\"https:\/\/esledprofile.com\/product\/es-0810\/\",\"name\":\"Cabinet Lighting surface mounting LED aluminum profile ES-0810 - LED PROFILE Manufacturer\",\"isPartOf\":{\"@id\":\"https:\/\/esledprofile.com\/#website\"},\"primaryImageOfPage\":{\"@id\":\"https:\/\/esledprofile.com\/product\/es-0810\/#primaryimage\"},\"image\":{\"@id\":\"https:\/\/esledprofile.com\/product\/es-0810\/#primaryimage\"},\"thumbnailUrl\":\"https:\/\/esledprofile.com\/wp-content\/uploads\/2023\/11\/LED-Strips-Profiles-and-Accessories-ES-0810.webp\",\"datePublished\":\"2023-11-30T02:08:02+00:00\",\"dateModified\":\"2023-12-18T06:55:39+00:00\",\"description\":\"Cabinet Lighting surface mounting LED aluminum profile model 0810, inner size is 5.3mm, so you need to choose 3-5mm width LED strip lights.\",\"breadcrumb\":{\"@id\":\"https:\/\/esledprofile.com\/product\/es-0810\/#breadcrumb\"},\"inLanguage\":\"fr-FR\",\"potentialAction\":[{\"@type\":\"ReadAction\",\"target\":[\"https:\/\/esledprofile.com\/product\/es-0810\/\"]}]},{\"@type\":\"ImageObject\",\"inLanguage\":\"fr-FR\",\"@id\":\"https:\/\/esledprofile.com\/product\/es-0810\/#primaryimage\",\"url\":\"https:\/\/esledprofile.com\/wp-content\/uploads\/2023\/11\/LED-Strips-Profiles-and-Accessories-ES-0810.webp\",\"contentUrl\":\"https:\/\/esledprofile.com\/wp-content\/uploads\/2023\/11\/LED-Strips-Profiles-and-Accessories-ES-0810.webp\",\"width\":800,\"height\":800,\"caption\":\"LED Strips Profiles and Accessories ES-0810\"},{\"@type\":\"BreadcrumbList\",\"@id\":\"https:\/\/esledprofile.com\/product\/es-0810\/#breadcrumb\",\"itemListElement\":[{\"@type\":\"ListItem\",\"position\":1,\"name\":\"Home\",\"item\":\"https:\/\/esledprofile.com\/\"},{\"@type\":\"ListItem\",\"position\":2,\"name\":\"Product\",\"item\":\"https:\/\/esledprofile.com\/product\/\"},{\"@type\":\"ListItem\",\"position\":3,\"name\":\"ES-0810\"}]},{\"@type\":\"WebSite\",\"@id\":\"https:\/\/esledprofile.com\/#website\",\"url\":\"https:\/\/esledprofile.com\/\",\"name\":\"LED PROFILE Manufacturer\",\"description\":\"\",\"publisher\":{\"@id\":\"https:\/\/esledprofile.com\/#organization\"},\"potentialAction\":[{\"@type\":\"SearchAction\",\"target\":{\"@type\":\"EntryPoint\",\"urlTemplate\":\"https:\/\/esledprofile.com\/?s={search_term_string}\"},\"query-input\":{\"@type\":\"PropertyValueSpecification\",\"valueRequired\":true,\"valueName\":\"search_term_string\"}}],\"inLanguage\":\"fr-FR\"},{\"@type\":\"Organization\",\"@id\":\"https:\/\/esledprofile.com\/#organization\",\"name\":\"LED PROFILE Manufacturer\",\"url\":\"https:\/\/esledprofile.com\/\",\"logo\":{\"@type\":\"ImageObject\",\"inLanguage\":\"fr-FR\",\"@id\":\"https:\/\/esledprofile.com\/#\/schema\/logo\/image\/\",\"url\":\"https:\/\/esledprofile.com\/wp-content\/uploads\/2023\/11\/logo1-removebg-preview.png\",\"contentUrl\":\"https:\/\/esledprofile.com\/wp-content\/uploads\/2023\/11\/logo1-removebg-preview.png\",\"width\":350,\"height\":100,\"caption\":\"LED PROFILE Manufacturer\"},\"image\":{\"@id\":\"https:\/\/esledprofile.com\/#\/schema\/logo\/image\/\"}}]}<\/script>\n<!-- \/ Yoast SEO Premium plugin. -->","yoast_head_json":{"title":"Cabinet Lighting surface mounting LED aluminum profile ES-0810 - LED PROFILE Manufacturer","description":"Cabinet Lighting surface mounting LED aluminum profile model 0810, inner size is 5.3mm, so you need to choose 3-5mm width LED strip lights.","robots":{"index":"index","follow":"follow","max-snippet":"max-snippet:-1","max-image-preview":"max-image-preview:large","max-video-preview":"max-video-preview:-1"},"canonical":"https:\/\/esledprofile.com\/fr\/produit\/es-0810\/","og_locale":"fr_FR","og_type":"article","og_title":"ES-0810","og_description":"Cabinet Lighting surface mounting LED aluminum profile model 0810, inner size is 5.3mm, so you need to choose 3-5mm width LED strip lights.","og_url":"https:\/\/esledprofile.com\/fr\/produit\/es-0810\/","og_site_name":"LED PROFILE Manufacturer","article_modified_time":"2023-12-18T06:55:39+00:00","og_image":[{"width":800,"height":800,"url":"https:\/\/esledprofile.com\/wp-content\/uploads\/2023\/11\/LED-Strips-Profiles-and-Accessories-ES-0810.webp","type":"image\/webp"}],"twitter_card":"summary_large_image","twitter_misc":{"Dur\u00e9e de lecture estim\u00e9e":"1 minute"},"schema":{"@context":"https:\/\/schema.org","@graph":[{"@type":"WebPage","@id":"https:\/\/esledprofile.com\/product\/es-0810\/","url":"https:\/\/esledprofile.com\/product\/es-0810\/","name":"Cabinet Lighting surface mounting LED aluminum profile ES-0810 - LED PROFILE Manufacturer","isPartOf":{"@id":"https:\/\/esledprofile.com\/#website"},"primaryImageOfPage":{"@id":"https:\/\/esledprofile.com\/product\/es-0810\/#primaryimage"},"image":{"@id":"https:\/\/esledprofile.com\/product\/es-0810\/#primaryimage"},"thumbnailUrl":"https:\/\/esledprofile.com\/wp-content\/uploads\/2023\/11\/LED-Strips-Profiles-and-Accessories-ES-0810.webp","datePublished":"2023-11-30T02:08:02+00:00","dateModified":"2023-12-18T06:55:39+00:00","description":"Cabinet Lighting surface mounting LED aluminum profile model 0810, inner size is 5.3mm, so you need to choose 3-5mm width LED strip lights.","breadcrumb":{"@id":"https:\/\/esledprofile.com\/product\/es-0810\/#breadcrumb"},"inLanguage":"fr-FR","potentialAction":[{"@type":"ReadAction","target":["https:\/\/esledprofile.com\/product\/es-0810\/"]}]},{"@type":"ImageObject","inLanguage":"fr-FR","@id":"https:\/\/esledprofile.com\/product\/es-0810\/#primaryimage","url":"https:\/\/esledprofile.com\/wp-content\/uploads\/2023\/11\/LED-Strips-Profiles-and-Accessories-ES-0810.webp","contentUrl":"https:\/\/esledprofile.com\/wp-content\/uploads\/2023\/11\/LED-Strips-Profiles-and-Accessories-ES-0810.webp","width":800,"height":800,"caption":"LED Strips Profiles and Accessories ES-0810"},{"@type":"BreadcrumbList","@id":"https:\/\/esledprofile.com\/product\/es-0810\/#breadcrumb","itemListElement":[{"@type":"ListItem","position":1,"name":"Home","item":"https:\/\/esledprofile.com\/"},{"@type":"ListItem","position":2,"name":"Product","item":"https:\/\/esledprofile.com\/product\/"},{"@type":"ListItem","position":3,"name":"ES-0810"}]},{"@type":"WebSite","@id":"https:\/\/esledprofile.com\/#website","url":"https:\/\/esledprofile.com\/","name":"PROFIL LED Fabricant","description":"","publisher":{"@id":"https:\/\/esledprofile.com\/#organization"},"potentialAction":[{"@type":"SearchAction","target":{"@type":"EntryPoint","urlTemplate":"https:\/\/esledprofile.com\/?s={search_term_string}"},"query-input":{"@type":"PropertyValueSpecification","valueRequired":true,"valueName":"search_term_string"}}],"inLanguage":"fr-FR"},{"@type":"Organization","@id":"https:\/\/esledprofile.com\/#organization","name":"PROFIL LED Fabricant","url":"https:\/\/esledprofile.com\/","logo":{"@type":"ImageObject","inLanguage":"fr-FR","@id":"https:\/\/esledprofile.com\/#\/schema\/logo\/image\/","url":"https:\/\/esledprofile.com\/wp-content\/uploads\/2023\/11\/logo1-removebg-preview.png","contentUrl":"https:\/\/esledprofile.com\/wp-content\/uploads\/2023\/11\/logo1-removebg-preview.png","width":350,"height":100,"caption":"LED PROFILE Manufacturer"},"image":{"@id":"https:\/\/esledprofile.com\/#\/schema\/logo\/image\/"}}]}},"_links":{"self":[{"href":"https:\/\/esledprofile.com\/fr\/wp-json\/wp\/v2\/product\/1790","targetHints":{"allow":["GET"]}}],"collection":[{"href":"https:\/\/esledprofile.com\/fr\/wp-json\/wp\/v2\/product"}],"about":[{"href":"https:\/\/esledprofile.com\/fr\/wp-json\/wp\/v2\/types\/product"}],"version-history":[{"count":0,"href":"https:\/\/esledprofile.com\/fr\/wp-json\/wp\/v2\/product\/1790\/revisions"}],"wp:featuredmedia":[{"embeddable":true,"href":"https:\/\/esledprofile.com\/fr\/wp-json\/wp\/v2\/media\/1793"}],"wp:attachment":[{"href":"https:\/\/esledprofile.com\/fr\/wp-json\/wp\/v2\/media?parent=1790"}],"wp:term":[{"taxonomy":"product_brand","embeddable":true,"href":"https:\/\/esledprofile.com\/fr\/wp-json\/wp\/v2\/product_brand?post=1790"},{"taxonomy":"product_cat","embeddable":true,"href":"https:\/\/esledprofile.com\/fr\/wp-json\/wp\/v2\/product_cat?post=1790"},{"taxonomy":"product_tag","embeddable":true,"href":"https:\/\/esledprofile.com\/fr\/wp-json\/wp\/v2\/product_tag?post=1790"}],"curies":[{"name":"wp","href":"https:\/\/api.w.org\/{rel}","templated":true}]}}