{"id":1864,"date":"2023-11-30T06:46:50","date_gmt":"2023-11-30T06:46:50","guid":{"rendered":"https:\/\/esledprofile.com\/?post_type=product&#038;p=1864"},"modified":"2023-12-18T08:53:52","modified_gmt":"2023-12-18T08:53:52","slug":"es-1130","status":"publish","type":"product","link":"https:\/\/esledprofile.com\/fr\/produit\/es-1130\/","title":{"rendered":"ES-1130"},"content":{"rendered":"","protected":false},"excerpt":{"rendered":"<table width=\"288\">\n<tbody>\n<tr>\n<td width=\"143\">Mat\u00e9riau<\/td>\n<td width=\"145\">Alu 6063-T5<\/td>\n<\/tr>\n<tr>\n<td>Traitement de surface<\/td>\n<td>Anodis\u00e9\/peint<\/td>\n<\/tr>\n<tr>\n<td>Mat\u00e9riau du diffuseur<\/td>\n<td>PC<\/td>\n<\/tr>\n<tr>\n<td>Postuler<\/td>\n<td>Application int\u00e9rieure<\/td>\n<\/tr>\n<tr>\n<td>MOQ<\/td>\n<td>100 m\u00e8tres\/article<\/td>\n<\/tr>\n<tr>\n<td>Garantie<\/td>\n<td>3 ans<\/td>\n<\/tr>\n<tr>\n<td>Certification<\/td>\n<td>CE, RoHS<\/td>\n<\/tr>\n<\/tbody>\n<\/table>\n<h4 class=\"elementor-heading-title elementor-size-default\"><span style=\"color: #cc0033;\">Caract\u00e9ristiques du produit<\/span><\/h4>\n<p>Canal de bande LED en aluminium pour \u00e9clairage d'armoire, type 1130, dimensions 11.4*30.7mm. Ce profil\u00e9 LED en aluminium est utilis\u00e9 pour coller du verre de 18mm, la taille int\u00e9rieure est de 8mm, vous devez donc choisir des bandes LED de 8mm de largeur. \u00c9met de la lumi\u00e8re de haut en bas ou de trois c\u00f4t\u00e9s, la surface d'\u00e9mission de la lumi\u00e8re peut faire face \u00e0 la surface du verre.<\/p>","protected":false},"featured_media":1866,"template":"","meta":{"_kad_post_transparent":"default","_kad_post_title":"hide","_kad_post_layout":"fullwidth","_kad_post_sidebar_id":"","_kad_post_content_style":"unboxed","_kad_post_vertical_padding":"hide","_kad_post_feature":"hide","_kad_post_feature_position":"","_kad_post_header":false,"_kad_post_footer":false,"_kad_post_classname":""},"product_brand":[],"product_cat":[63,58],"product_tag":[87,88,89],"class_list":{"0":"post-1864","1":"product","2":"type-product","3":"status-publish","4":"has-post-thumbnail","6":"product_cat-18mm-light-series","7":"product_cat-cabinet-series","8":"product_tag-led-channel-systems","9":"product_tag-led-profiles","10":"product_tag-led-strip-profiles","12":"first","13":"instock","14":"shipping-taxable","15":"product-type-simple","16":"entry","17":"content-bg","18":"loop-entry"},"yoast_head":"<!-- This site is optimized with the Yoast SEO Premium plugin v24.7 (Yoast SEO v26.7) - https:\/\/yoast.com\/wordpress\/plugins\/seo\/ -->\n<title>Cabinet Lighting Aluminum LED Strip Channel ES-1130 - LED PROFILE Manufacturer<\/title>\n<meta name=\"description\" content=\"Cabinet Lighting aluminum led strip channel type 1130, the size is 11.4*30.7mm. This LED aluminum profile is used to stick 18mm glass.\" \/>\n<meta name=\"robots\" content=\"index, follow, max-snippet:-1, max-image-preview:large, max-video-preview:-1\" \/>\n<link rel=\"canonical\" href=\"https:\/\/esledprofile.com\/fr\/produit\/es-1130\/\" \/>\n<meta property=\"og:locale\" content=\"fr_FR\" \/>\n<meta property=\"og:type\" content=\"article\" \/>\n<meta property=\"og:title\" content=\"ES-1130\" \/>\n<meta property=\"og:description\" content=\"Cabinet Lighting aluminum led strip channel type 1130, the size is 11.4*30.7mm. This LED aluminum profile is used to stick 18mm glass.\" \/>\n<meta property=\"og:url\" content=\"https:\/\/esledprofile.com\/fr\/produit\/es-1130\/\" \/>\n<meta property=\"og:site_name\" content=\"LED PROFILE Manufacturer\" \/>\n<meta property=\"article:modified_time\" content=\"2023-12-18T08:53:52+00:00\" \/>\n<meta property=\"og:image\" content=\"https:\/\/esledprofile.com\/wp-content\/uploads\/2023\/11\/LED-Cabinet-Lights-ES-1130.webp\" \/>\n\t<meta property=\"og:image:width\" content=\"800\" \/>\n\t<meta property=\"og:image:height\" content=\"800\" \/>\n\t<meta property=\"og:image:type\" content=\"image\/webp\" \/>\n<meta name=\"twitter:card\" content=\"summary_large_image\" \/>\n<meta name=\"twitter:label1\" content=\"Dur\u00e9e de lecture estim\u00e9e\" \/>\n\t<meta name=\"twitter:data1\" content=\"1 minute\" \/>\n<script type=\"application\/ld+json\" class=\"yoast-schema-graph\">{\"@context\":\"https:\/\/schema.org\",\"@graph\":[{\"@type\":\"WebPage\",\"@id\":\"https:\/\/esledprofile.com\/product\/es-1130\/\",\"url\":\"https:\/\/esledprofile.com\/product\/es-1130\/\",\"name\":\"Cabinet Lighting Aluminum LED Strip Channel ES-1130 - LED PROFILE Manufacturer\",\"isPartOf\":{\"@id\":\"https:\/\/esledprofile.com\/#website\"},\"primaryImageOfPage\":{\"@id\":\"https:\/\/esledprofile.com\/product\/es-1130\/#primaryimage\"},\"image\":{\"@id\":\"https:\/\/esledprofile.com\/product\/es-1130\/#primaryimage\"},\"thumbnailUrl\":\"https:\/\/esledprofile.com\/wp-content\/uploads\/2023\/11\/LED-Cabinet-Lights-ES-1130.webp\",\"datePublished\":\"2023-11-30T06:46:50+00:00\",\"dateModified\":\"2023-12-18T08:53:52+00:00\",\"description\":\"Cabinet Lighting aluminum led strip channel type 1130, the size is 11.4*30.7mm. This LED aluminum profile is used to stick 18mm glass.\",\"breadcrumb\":{\"@id\":\"https:\/\/esledprofile.com\/product\/es-1130\/#breadcrumb\"},\"inLanguage\":\"fr-FR\",\"potentialAction\":[{\"@type\":\"ReadAction\",\"target\":[\"https:\/\/esledprofile.com\/product\/es-1130\/\"]}]},{\"@type\":\"ImageObject\",\"inLanguage\":\"fr-FR\",\"@id\":\"https:\/\/esledprofile.com\/product\/es-1130\/#primaryimage\",\"url\":\"https:\/\/esledprofile.com\/wp-content\/uploads\/2023\/11\/LED-Cabinet-Lights-ES-1130.webp\",\"contentUrl\":\"https:\/\/esledprofile.com\/wp-content\/uploads\/2023\/11\/LED-Cabinet-Lights-ES-1130.webp\",\"width\":800,\"height\":800,\"caption\":\"LED Cabinet Lights ES-1130\"},{\"@type\":\"BreadcrumbList\",\"@id\":\"https:\/\/esledprofile.com\/product\/es-1130\/#breadcrumb\",\"itemListElement\":[{\"@type\":\"ListItem\",\"position\":1,\"name\":\"Home\",\"item\":\"https:\/\/esledprofile.com\/\"},{\"@type\":\"ListItem\",\"position\":2,\"name\":\"Product\",\"item\":\"https:\/\/esledprofile.com\/product\/\"},{\"@type\":\"ListItem\",\"position\":3,\"name\":\"ES-1130\"}]},{\"@type\":\"WebSite\",\"@id\":\"https:\/\/esledprofile.com\/#website\",\"url\":\"https:\/\/esledprofile.com\/\",\"name\":\"LED PROFILE Manufacturer\",\"description\":\"\",\"publisher\":{\"@id\":\"https:\/\/esledprofile.com\/#organization\"},\"potentialAction\":[{\"@type\":\"SearchAction\",\"target\":{\"@type\":\"EntryPoint\",\"urlTemplate\":\"https:\/\/esledprofile.com\/?s={search_term_string}\"},\"query-input\":{\"@type\":\"PropertyValueSpecification\",\"valueRequired\":true,\"valueName\":\"search_term_string\"}}],\"inLanguage\":\"fr-FR\"},{\"@type\":\"Organization\",\"@id\":\"https:\/\/esledprofile.com\/#organization\",\"name\":\"LED PROFILE Manufacturer\",\"url\":\"https:\/\/esledprofile.com\/\",\"logo\":{\"@type\":\"ImageObject\",\"inLanguage\":\"fr-FR\",\"@id\":\"https:\/\/esledprofile.com\/#\/schema\/logo\/image\/\",\"url\":\"https:\/\/esledprofile.com\/wp-content\/uploads\/2023\/11\/logo1-removebg-preview.png\",\"contentUrl\":\"https:\/\/esledprofile.com\/wp-content\/uploads\/2023\/11\/logo1-removebg-preview.png\",\"width\":350,\"height\":100,\"caption\":\"LED PROFILE Manufacturer\"},\"image\":{\"@id\":\"https:\/\/esledprofile.com\/#\/schema\/logo\/image\/\"}}]}<\/script>\n<!-- \/ Yoast SEO Premium plugin. -->","yoast_head_json":{"title":"Cabinet Lighting Aluminum LED Strip Channel ES-1130 - LED PROFILE Manufacturer","description":"Cabinet Lighting aluminum led strip channel type 1130, the size is 11.4*30.7mm. This LED aluminum profile is used to stick 18mm glass.","robots":{"index":"index","follow":"follow","max-snippet":"max-snippet:-1","max-image-preview":"max-image-preview:large","max-video-preview":"max-video-preview:-1"},"canonical":"https:\/\/esledprofile.com\/fr\/produit\/es-1130\/","og_locale":"fr_FR","og_type":"article","og_title":"ES-1130","og_description":"Cabinet Lighting aluminum led strip channel type 1130, the size is 11.4*30.7mm. This LED aluminum profile is used to stick 18mm glass.","og_url":"https:\/\/esledprofile.com\/fr\/produit\/es-1130\/","og_site_name":"LED PROFILE Manufacturer","article_modified_time":"2023-12-18T08:53:52+00:00","og_image":[{"width":800,"height":800,"url":"https:\/\/esledprofile.com\/wp-content\/uploads\/2023\/11\/LED-Cabinet-Lights-ES-1130.webp","type":"image\/webp"}],"twitter_card":"summary_large_image","twitter_misc":{"Dur\u00e9e de lecture estim\u00e9e":"1 minute"},"schema":{"@context":"https:\/\/schema.org","@graph":[{"@type":"WebPage","@id":"https:\/\/esledprofile.com\/product\/es-1130\/","url":"https:\/\/esledprofile.com\/product\/es-1130\/","name":"Cabinet Lighting Aluminum LED Strip Channel ES-1130 - LED PROFILE Manufacturer","isPartOf":{"@id":"https:\/\/esledprofile.com\/#website"},"primaryImageOfPage":{"@id":"https:\/\/esledprofile.com\/product\/es-1130\/#primaryimage"},"image":{"@id":"https:\/\/esledprofile.com\/product\/es-1130\/#primaryimage"},"thumbnailUrl":"https:\/\/esledprofile.com\/wp-content\/uploads\/2023\/11\/LED-Cabinet-Lights-ES-1130.webp","datePublished":"2023-11-30T06:46:50+00:00","dateModified":"2023-12-18T08:53:52+00:00","description":"Cabinet Lighting aluminum led strip channel type 1130, the size is 11.4*30.7mm. This LED aluminum profile is used to stick 18mm glass.","breadcrumb":{"@id":"https:\/\/esledprofile.com\/product\/es-1130\/#breadcrumb"},"inLanguage":"fr-FR","potentialAction":[{"@type":"ReadAction","target":["https:\/\/esledprofile.com\/product\/es-1130\/"]}]},{"@type":"ImageObject","inLanguage":"fr-FR","@id":"https:\/\/esledprofile.com\/product\/es-1130\/#primaryimage","url":"https:\/\/esledprofile.com\/wp-content\/uploads\/2023\/11\/LED-Cabinet-Lights-ES-1130.webp","contentUrl":"https:\/\/esledprofile.com\/wp-content\/uploads\/2023\/11\/LED-Cabinet-Lights-ES-1130.webp","width":800,"height":800,"caption":"LED Cabinet Lights ES-1130"},{"@type":"BreadcrumbList","@id":"https:\/\/esledprofile.com\/product\/es-1130\/#breadcrumb","itemListElement":[{"@type":"ListItem","position":1,"name":"Home","item":"https:\/\/esledprofile.com\/"},{"@type":"ListItem","position":2,"name":"Product","item":"https:\/\/esledprofile.com\/product\/"},{"@type":"ListItem","position":3,"name":"ES-1130"}]},{"@type":"WebSite","@id":"https:\/\/esledprofile.com\/#website","url":"https:\/\/esledprofile.com\/","name":"PROFIL LED Fabricant","description":"","publisher":{"@id":"https:\/\/esledprofile.com\/#organization"},"potentialAction":[{"@type":"SearchAction","target":{"@type":"EntryPoint","urlTemplate":"https:\/\/esledprofile.com\/?s={search_term_string}"},"query-input":{"@type":"PropertyValueSpecification","valueRequired":true,"valueName":"search_term_string"}}],"inLanguage":"fr-FR"},{"@type":"Organization","@id":"https:\/\/esledprofile.com\/#organization","name":"PROFIL LED Fabricant","url":"https:\/\/esledprofile.com\/","logo":{"@type":"ImageObject","inLanguage":"fr-FR","@id":"https:\/\/esledprofile.com\/#\/schema\/logo\/image\/","url":"https:\/\/esledprofile.com\/wp-content\/uploads\/2023\/11\/logo1-removebg-preview.png","contentUrl":"https:\/\/esledprofile.com\/wp-content\/uploads\/2023\/11\/logo1-removebg-preview.png","width":350,"height":100,"caption":"LED PROFILE Manufacturer"},"image":{"@id":"https:\/\/esledprofile.com\/#\/schema\/logo\/image\/"}}]}},"_links":{"self":[{"href":"https:\/\/esledprofile.com\/fr\/wp-json\/wp\/v2\/product\/1864","targetHints":{"allow":["GET"]}}],"collection":[{"href":"https:\/\/esledprofile.com\/fr\/wp-json\/wp\/v2\/product"}],"about":[{"href":"https:\/\/esledprofile.com\/fr\/wp-json\/wp\/v2\/types\/product"}],"version-history":[{"count":0,"href":"https:\/\/esledprofile.com\/fr\/wp-json\/wp\/v2\/product\/1864\/revisions"}],"wp:featuredmedia":[{"embeddable":true,"href":"https:\/\/esledprofile.com\/fr\/wp-json\/wp\/v2\/media\/1866"}],"wp:attachment":[{"href":"https:\/\/esledprofile.com\/fr\/wp-json\/wp\/v2\/media?parent=1864"}],"wp:term":[{"taxonomy":"product_brand","embeddable":true,"href":"https:\/\/esledprofile.com\/fr\/wp-json\/wp\/v2\/product_brand?post=1864"},{"taxonomy":"product_cat","embeddable":true,"href":"https:\/\/esledprofile.com\/fr\/wp-json\/wp\/v2\/product_cat?post=1864"},{"taxonomy":"product_tag","embeddable":true,"href":"https:\/\/esledprofile.com\/fr\/wp-json\/wp\/v2\/product_tag?post=1864"}],"curies":[{"name":"wp","href":"https:\/\/api.w.org\/{rel}","templated":true}]}}