{"id":671,"date":"2023-11-17T03:28:51","date_gmt":"2023-11-17T03:28:51","guid":{"rendered":"https:\/\/esledprofile.com\/?post_type=product&#038;p=671"},"modified":"2023-12-05T07:40:21","modified_gmt":"2023-12-05T07:40:21","slug":"es-1919e","status":"publish","type":"product","link":"https:\/\/esledprofile.com\/fr\/produit\/es-1919e\/","title":{"rendered":"ES-1919E"},"content":{"rendered":"","protected":false},"excerpt":{"rendered":"<table width=\"288\">\n<tbody>\n<tr>\n<td width=\"143\">Mat\u00e9riau<\/td>\n<td width=\"145\">Alu 6063-T5<\/td>\n<\/tr>\n<tr>\n<td>Traitement de surface<\/td>\n<td>Anodis\u00e9\/peint<\/td>\n<\/tr>\n<tr>\n<td>Mat\u00e9riau du diffuseur<\/td>\n<td>PC<\/td>\n<\/tr>\n<tr>\n<td>Postuler<\/td>\n<td>Application int\u00e9rieure<\/td>\n<\/tr>\n<tr>\n<td>MOQ<\/td>\n<td>100 m\u00e8tres\/article<\/td>\n<\/tr>\n<tr>\n<td>Garantie<\/td>\n<td>3 ans<\/td>\n<\/tr>\n<tr>\n<td>Certification<\/td>\n<td>CE, RoHS<\/td>\n<\/tr>\n<\/tbody>\n<\/table>\n<h4 class=\"elementor-heading-title elementor-size-default\"><span style=\"color: #cc0033;\">Caract\u00e9ristiques du produit<\/span><\/h4>\n<p>Profil\u00e9s LED en aluminium 19*19mm avec un design sp\u00e9cial Mod\u00e8le 1919E, ce produit avec une forme unique et un design \u00e9l\u00e9gant est principalement utilis\u00e9 pour les solutions d'\u00e9clairage d'angle. Il peut \u00eatre utilis\u00e9 pour l'\u00e9clairage d\u00e9coratif et l'\u00e9clairage d'angle int\u00e9rieur.<\/p>","protected":false},"featured_media":672,"template":"","meta":{"_kad_post_transparent":"default","_kad_post_title":"hide","_kad_post_layout":"fullwidth","_kad_post_sidebar_id":"","_kad_post_content_style":"unboxed","_kad_post_vertical_padding":"hide","_kad_post_feature":"hide","_kad_post_feature_position":"","_kad_post_header":false,"_kad_post_footer":false,"_kad_post_classname":""},"product_brand":[],"product_cat":[18,17],"product_tag":[79,81,78],"class_list":{"0":"post-671","1":"product","2":"type-product","3":"status-publish","4":"has-post-thumbnail","6":"product_cat-hot-sale-series","7":"product_cat-led-profile-light-series","8":"product_tag-channel-profiles","9":"product_tag-led-aluminium-extrusion","10":"product_tag-led-aluminum-channel","12":"first","13":"instock","14":"shipping-taxable","15":"product-type-simple","16":"entry","17":"content-bg","18":"loop-entry"},"yoast_head":"<!-- This site is optimized with the Yoast SEO Premium plugin v24.7 (Yoast SEO v27.4) - https:\/\/yoast.com\/product\/yoast-seo-premium-wordpress\/ -->\n<title>Aluminuim LED Profiles ES-1919E - LED PROFILE Manufacturer<\/title>\n<meta name=\"description\" content=\"Aluminuim LED Profiles channel 19*19mm with special design 1919E model, which can be used for decorative lighting and interior corner lighting.\" \/>\n<meta name=\"robots\" content=\"index, follow, max-snippet:-1, max-image-preview:large, max-video-preview:-1\" \/>\n<link rel=\"canonical\" href=\"https:\/\/esledprofile.com\/fr\/produit\/es-1919e\/\" \/>\n<meta property=\"og:locale\" content=\"fr_FR\" \/>\n<meta property=\"og:type\" content=\"article\" \/>\n<meta property=\"og:title\" content=\"ES-1919E\" \/>\n<meta property=\"og:description\" content=\"Aluminuim LED Profiles channel 19*19mm with special design 1919E model, which can be used for decorative lighting and interior corner lighting.\" \/>\n<meta property=\"og:url\" content=\"https:\/\/esledprofile.com\/fr\/produit\/es-1919e\/\" \/>\n<meta property=\"og:site_name\" content=\"LED PROFILE Manufacturer\" \/>\n<meta property=\"article:modified_time\" content=\"2023-12-05T07:40:21+00:00\" \/>\n<meta property=\"og:image\" content=\"https:\/\/esledprofile.com\/wp-content\/uploads\/2023\/11\/Aluminum-Mounting-Channels-ES-1919E.webp\" \/>\n\t<meta property=\"og:image:width\" content=\"800\" \/>\n\t<meta property=\"og:image:height\" content=\"800\" \/>\n\t<meta property=\"og:image:type\" content=\"image\/webp\" \/>\n<meta name=\"twitter:card\" content=\"summary_large_image\" \/>\n<script type=\"application\/ld+json\" class=\"yoast-schema-graph\">{\"@context\":\"https:\\\/\\\/schema.org\",\"@graph\":[{\"@type\":\"WebPage\",\"@id\":\"https:\\\/\\\/esledprofile.com\\\/product\\\/es-1919e\\\/\",\"url\":\"https:\\\/\\\/esledprofile.com\\\/product\\\/es-1919e\\\/\",\"name\":\"Aluminuim LED Profiles ES-1919E - LED PROFILE Manufacturer\",\"isPartOf\":{\"@id\":\"https:\\\/\\\/esledprofile.com\\\/#website\"},\"primaryImageOfPage\":{\"@id\":\"https:\\\/\\\/esledprofile.com\\\/product\\\/es-1919e\\\/#primaryimage\"},\"image\":{\"@id\":\"https:\\\/\\\/esledprofile.com\\\/product\\\/es-1919e\\\/#primaryimage\"},\"thumbnailUrl\":\"https:\\\/\\\/esledprofile.com\\\/wp-content\\\/uploads\\\/2023\\\/11\\\/Aluminum-Mounting-Channels-ES-1919E.webp\",\"datePublished\":\"2023-11-17T03:28:51+00:00\",\"dateModified\":\"2023-12-05T07:40:21+00:00\",\"description\":\"Aluminuim LED Profiles channel 19*19mm with special design 1919E model, which can be used for decorative lighting and interior corner lighting.\",\"breadcrumb\":{\"@id\":\"https:\\\/\\\/esledprofile.com\\\/product\\\/es-1919e\\\/#breadcrumb\"},\"inLanguage\":\"fr-FR\",\"potentialAction\":[{\"@type\":\"ReadAction\",\"target\":[\"https:\\\/\\\/esledprofile.com\\\/product\\\/es-1919e\\\/\"]}]},{\"@type\":\"ImageObject\",\"inLanguage\":\"fr-FR\",\"@id\":\"https:\\\/\\\/esledprofile.com\\\/product\\\/es-1919e\\\/#primaryimage\",\"url\":\"https:\\\/\\\/esledprofile.com\\\/wp-content\\\/uploads\\\/2023\\\/11\\\/Aluminum-Mounting-Channels-ES-1919E.webp\",\"contentUrl\":\"https:\\\/\\\/esledprofile.com\\\/wp-content\\\/uploads\\\/2023\\\/11\\\/Aluminum-Mounting-Channels-ES-1919E.webp\",\"width\":800,\"height\":800,\"caption\":\"Aluminum Mounting Channels ES-1919E\"},{\"@type\":\"BreadcrumbList\",\"@id\":\"https:\\\/\\\/esledprofile.com\\\/product\\\/es-1919e\\\/#breadcrumb\",\"itemListElement\":[{\"@type\":\"ListItem\",\"position\":1,\"name\":\"Home\",\"item\":\"https:\\\/\\\/esledprofile.com\\\/\"},{\"@type\":\"ListItem\",\"position\":2,\"name\":\"Product\",\"item\":\"https:\\\/\\\/esledprofile.com\\\/product\\\/\"},{\"@type\":\"ListItem\",\"position\":3,\"name\":\"ES-1919E\"}]},{\"@type\":\"WebSite\",\"@id\":\"https:\\\/\\\/esledprofile.com\\\/#website\",\"url\":\"https:\\\/\\\/esledprofile.com\\\/\",\"name\":\"LED PROFILE Manufacturer\",\"description\":\"\",\"publisher\":{\"@id\":\"https:\\\/\\\/esledprofile.com\\\/#organization\"},\"potentialAction\":[{\"@type\":\"SearchAction\",\"target\":{\"@type\":\"EntryPoint\",\"urlTemplate\":\"https:\\\/\\\/esledprofile.com\\\/?s={search_term_string}\"},\"query-input\":{\"@type\":\"PropertyValueSpecification\",\"valueRequired\":true,\"valueName\":\"search_term_string\"}}],\"inLanguage\":\"fr-FR\"},{\"@type\":\"Organization\",\"@id\":\"https:\\\/\\\/esledprofile.com\\\/#organization\",\"name\":\"LED PROFILE Manufacturer\",\"url\":\"https:\\\/\\\/esledprofile.com\\\/\",\"logo\":{\"@type\":\"ImageObject\",\"inLanguage\":\"fr-FR\",\"@id\":\"https:\\\/\\\/esledprofile.com\\\/#\\\/schema\\\/logo\\\/image\\\/\",\"url\":\"https:\\\/\\\/esledprofile.com\\\/wp-content\\\/uploads\\\/2023\\\/11\\\/logo1-removebg-preview.png\",\"contentUrl\":\"https:\\\/\\\/esledprofile.com\\\/wp-content\\\/uploads\\\/2023\\\/11\\\/logo1-removebg-preview.png\",\"width\":350,\"height\":100,\"caption\":\"LED PROFILE Manufacturer\"},\"image\":{\"@id\":\"https:\\\/\\\/esledprofile.com\\\/#\\\/schema\\\/logo\\\/image\\\/\"}}]}<\/script>\n<!-- \/ Yoast SEO Premium plugin. -->","yoast_head_json":{"title":"Aluminuim LED Profiles ES-1919E - LED PROFILE Manufacturer","description":"Aluminuim LED Profiles channel 19*19mm with special design 1919E model, which can be used for decorative lighting and interior corner lighting.","robots":{"index":"index","follow":"follow","max-snippet":"max-snippet:-1","max-image-preview":"max-image-preview:large","max-video-preview":"max-video-preview:-1"},"canonical":"https:\/\/esledprofile.com\/fr\/produit\/es-1919e\/","og_locale":"fr_FR","og_type":"article","og_title":"ES-1919E","og_description":"Aluminuim LED Profiles channel 19*19mm with special design 1919E model, which can be used for decorative lighting and interior corner lighting.","og_url":"https:\/\/esledprofile.com\/fr\/produit\/es-1919e\/","og_site_name":"LED PROFILE Manufacturer","article_modified_time":"2023-12-05T07:40:21+00:00","og_image":[{"width":800,"height":800,"url":"https:\/\/esledprofile.com\/wp-content\/uploads\/2023\/11\/Aluminum-Mounting-Channels-ES-1919E.webp","type":"image\/webp"}],"twitter_card":"summary_large_image","schema":{"@context":"https:\/\/schema.org","@graph":[{"@type":"WebPage","@id":"https:\/\/esledprofile.com\/product\/es-1919e\/","url":"https:\/\/esledprofile.com\/product\/es-1919e\/","name":"Aluminuim LED Profiles ES-1919E - LED PROFILE Manufacturer","isPartOf":{"@id":"https:\/\/esledprofile.com\/#website"},"primaryImageOfPage":{"@id":"https:\/\/esledprofile.com\/product\/es-1919e\/#primaryimage"},"image":{"@id":"https:\/\/esledprofile.com\/product\/es-1919e\/#primaryimage"},"thumbnailUrl":"https:\/\/esledprofile.com\/wp-content\/uploads\/2023\/11\/Aluminum-Mounting-Channels-ES-1919E.webp","datePublished":"2023-11-17T03:28:51+00:00","dateModified":"2023-12-05T07:40:21+00:00","description":"Aluminuim LED Profiles channel 19*19mm with special design 1919E model, which can be used for decorative lighting and interior corner lighting.","breadcrumb":{"@id":"https:\/\/esledprofile.com\/product\/es-1919e\/#breadcrumb"},"inLanguage":"fr-FR","potentialAction":[{"@type":"ReadAction","target":["https:\/\/esledprofile.com\/product\/es-1919e\/"]}]},{"@type":"ImageObject","inLanguage":"fr-FR","@id":"https:\/\/esledprofile.com\/product\/es-1919e\/#primaryimage","url":"https:\/\/esledprofile.com\/wp-content\/uploads\/2023\/11\/Aluminum-Mounting-Channels-ES-1919E.webp","contentUrl":"https:\/\/esledprofile.com\/wp-content\/uploads\/2023\/11\/Aluminum-Mounting-Channels-ES-1919E.webp","width":800,"height":800,"caption":"Aluminum Mounting Channels ES-1919E"},{"@type":"BreadcrumbList","@id":"https:\/\/esledprofile.com\/product\/es-1919e\/#breadcrumb","itemListElement":[{"@type":"ListItem","position":1,"name":"Home","item":"https:\/\/esledprofile.com\/"},{"@type":"ListItem","position":2,"name":"Product","item":"https:\/\/esledprofile.com\/product\/"},{"@type":"ListItem","position":3,"name":"ES-1919E"}]},{"@type":"WebSite","@id":"https:\/\/esledprofile.com\/#website","url":"https:\/\/esledprofile.com\/","name":"PROFIL LED Fabricant","description":"","publisher":{"@id":"https:\/\/esledprofile.com\/#organization"},"potentialAction":[{"@type":"SearchAction","target":{"@type":"EntryPoint","urlTemplate":"https:\/\/esledprofile.com\/?s={search_term_string}"},"query-input":{"@type":"PropertyValueSpecification","valueRequired":true,"valueName":"search_term_string"}}],"inLanguage":"fr-FR"},{"@type":"Organization","@id":"https:\/\/esledprofile.com\/#organization","name":"PROFIL LED Fabricant","url":"https:\/\/esledprofile.com\/","logo":{"@type":"ImageObject","inLanguage":"fr-FR","@id":"https:\/\/esledprofile.com\/#\/schema\/logo\/image\/","url":"https:\/\/esledprofile.com\/wp-content\/uploads\/2023\/11\/logo1-removebg-preview.png","contentUrl":"https:\/\/esledprofile.com\/wp-content\/uploads\/2023\/11\/logo1-removebg-preview.png","width":350,"height":100,"caption":"LED PROFILE Manufacturer"},"image":{"@id":"https:\/\/esledprofile.com\/#\/schema\/logo\/image\/"}}]}},"_links":{"self":[{"href":"https:\/\/esledprofile.com\/fr\/wp-json\/wp\/v2\/product\/671","targetHints":{"allow":["GET"]}}],"collection":[{"href":"https:\/\/esledprofile.com\/fr\/wp-json\/wp\/v2\/product"}],"about":[{"href":"https:\/\/esledprofile.com\/fr\/wp-json\/wp\/v2\/types\/product"}],"version-history":[{"count":0,"href":"https:\/\/esledprofile.com\/fr\/wp-json\/wp\/v2\/product\/671\/revisions"}],"wp:featuredmedia":[{"embeddable":true,"href":"https:\/\/esledprofile.com\/fr\/wp-json\/wp\/v2\/media\/672"}],"wp:attachment":[{"href":"https:\/\/esledprofile.com\/fr\/wp-json\/wp\/v2\/media?parent=671"}],"wp:term":[{"taxonomy":"product_brand","embeddable":true,"href":"https:\/\/esledprofile.com\/fr\/wp-json\/wp\/v2\/product_brand?post=671"},{"taxonomy":"product_cat","embeddable":true,"href":"https:\/\/esledprofile.com\/fr\/wp-json\/wp\/v2\/product_cat?post=671"},{"taxonomy":"product_tag","embeddable":true,"href":"https:\/\/esledprofile.com\/fr\/wp-json\/wp\/v2\/product_tag?post=671"}],"curies":[{"name":"wp","href":"https:\/\/api.w.org\/{rel}","templated":true}]}}