{"id":756,"date":"2023-11-17T06:35:09","date_gmt":"2023-11-17T06:35:09","guid":{"rendered":"https:\/\/esledprofile.com\/?post_type=product&#038;p=756"},"modified":"2023-12-06T07:20:46","modified_gmt":"2023-12-06T07:20:46","slug":"es-5035","status":"publish","type":"product","link":"https:\/\/esledprofile.com\/fr\/produit\/es-5035\/","title":{"rendered":"ES-5035"},"content":{"rendered":"","protected":false},"excerpt":{"rendered":"<table width=\"288\">\n<tbody>\n<tr>\n<td width=\"143\">Mat\u00e9riau<\/td>\n<td width=\"145\">Alu 6063-T5<\/td>\n<\/tr>\n<tr>\n<td>Traitement de surface<\/td>\n<td>Anodis\u00e9\/peint<\/td>\n<\/tr>\n<tr>\n<td>Mat\u00e9riau du diffuseur<\/td>\n<td>PC<\/td>\n<\/tr>\n<tr>\n<td>Postuler<\/td>\n<td>Application int\u00e9rieure<\/td>\n<\/tr>\n<tr>\n<td>MOQ<\/td>\n<td>100 m\u00e8tres\/article<\/td>\n<\/tr>\n<tr>\n<td>Garantie<\/td>\n<td>3 ans<\/td>\n<\/tr>\n<tr>\n<td>Certification<\/td>\n<td>CE, RoHS<\/td>\n<\/tr>\n<\/tbody>\n<\/table>\n<h4 class=\"elementor-heading-title elementor-size-default\"><span style=\"color: #cc0033;\">Caract\u00e9ristiques du produit<\/span><\/h4>\n<p>Canal LED suspendu en aluminium 5035 dont les dimensions sont de 50mm*35mm. Il s'agit d'un profil\u00e9 LED suspendu avec une taille int\u00e9rieure de 39mm. Il doit \u00eatre associ\u00e9 \u00e0 deux ou trois rang\u00e9es de bandes LED PCB afin d'\u00e9mettre une lumi\u00e8re uniforme. En outre, il est principalement utilis\u00e9 pour l'\u00e9clairage int\u00e9rieur commercial ou industriel.<\/p>","protected":false},"featured_media":758,"template":"","meta":{"_kad_post_transparent":"default","_kad_post_title":"hide","_kad_post_layout":"fullwidth","_kad_post_sidebar_id":"","_kad_post_content_style":"unboxed","_kad_post_vertical_padding":"hide","_kad_post_feature":"hide","_kad_post_feature_position":"","_kad_post_header":false,"_kad_post_footer":false,"_kad_post_classname":""},"product_brand":[],"product_cat":[18,17],"product_tag":[87,75,85],"class_list":{"0":"post-756","1":"product","2":"type-product","3":"status-publish","4":"has-post-thumbnail","6":"product_cat-hot-sale-series","7":"product_cat-led-profile-light-series","8":"product_tag-led-channel-systems","9":"product_tag-mini-led-aluminum-profile","10":"product_tag-outdoor-led-aluminum-extrusions","12":"first","13":"instock","14":"shipping-taxable","15":"product-type-simple","16":"entry","17":"content-bg","18":"loop-entry"},"yoast_head":"<!-- This site is optimized with the Yoast SEO Premium plugin v24.7 (Yoast SEO v26.7) - https:\/\/yoast.com\/wordpress\/plugins\/seo\/ -->\n<title>Suspended LED aluminum channel ES-5035 - LED PROFILE Manufacturer<\/title>\n<meta name=\"description\" content=\"Suspended LED aluminum channel 5035 which size is 50mm*35mm. it is mainly used for indoor commercial or industrial lighting.\" \/>\n<meta name=\"robots\" content=\"index, follow, max-snippet:-1, max-image-preview:large, max-video-preview:-1\" \/>\n<link rel=\"canonical\" href=\"https:\/\/esledprofile.com\/fr\/produit\/es-5035\/\" \/>\n<meta property=\"og:locale\" content=\"fr_FR\" \/>\n<meta property=\"og:type\" content=\"article\" \/>\n<meta property=\"og:title\" content=\"ES-5035\" \/>\n<meta property=\"og:description\" content=\"Suspended LED aluminum channel 5035 which size is 50mm*35mm. it is mainly used for indoor commercial or industrial lighting.\" \/>\n<meta property=\"og:url\" content=\"https:\/\/esledprofile.com\/fr\/produit\/es-5035\/\" \/>\n<meta property=\"og:site_name\" content=\"LED PROFILE Manufacturer\" \/>\n<meta property=\"article:modified_time\" content=\"2023-12-06T07:20:46+00:00\" \/>\n<meta property=\"og:image\" content=\"https:\/\/esledprofile.com\/wp-content\/uploads\/2023\/11\/LED-Channel-Systems-ES-5035.webp\" \/>\n\t<meta property=\"og:image:width\" content=\"800\" \/>\n\t<meta property=\"og:image:height\" content=\"800\" \/>\n\t<meta property=\"og:image:type\" content=\"image\/webp\" \/>\n<meta name=\"twitter:card\" content=\"summary_large_image\" \/>\n<script type=\"application\/ld+json\" class=\"yoast-schema-graph\">{\"@context\":\"https:\/\/schema.org\",\"@graph\":[{\"@type\":\"WebPage\",\"@id\":\"https:\/\/esledprofile.com\/product\/es-5035\/\",\"url\":\"https:\/\/esledprofile.com\/product\/es-5035\/\",\"name\":\"Suspended LED aluminum channel ES-5035 - LED PROFILE Manufacturer\",\"isPartOf\":{\"@id\":\"https:\/\/esledprofile.com\/#website\"},\"primaryImageOfPage\":{\"@id\":\"https:\/\/esledprofile.com\/product\/es-5035\/#primaryimage\"},\"image\":{\"@id\":\"https:\/\/esledprofile.com\/product\/es-5035\/#primaryimage\"},\"thumbnailUrl\":\"https:\/\/esledprofile.com\/wp-content\/uploads\/2023\/11\/LED-Channel-Systems-ES-5035.webp\",\"datePublished\":\"2023-11-17T06:35:09+00:00\",\"dateModified\":\"2023-12-06T07:20:46+00:00\",\"description\":\"Suspended LED aluminum channel 5035 which size is 50mm*35mm. it is mainly used for indoor commercial or industrial lighting.\",\"breadcrumb\":{\"@id\":\"https:\/\/esledprofile.com\/product\/es-5035\/#breadcrumb\"},\"inLanguage\":\"fr-FR\",\"potentialAction\":[{\"@type\":\"ReadAction\",\"target\":[\"https:\/\/esledprofile.com\/product\/es-5035\/\"]}]},{\"@type\":\"ImageObject\",\"inLanguage\":\"fr-FR\",\"@id\":\"https:\/\/esledprofile.com\/product\/es-5035\/#primaryimage\",\"url\":\"https:\/\/esledprofile.com\/wp-content\/uploads\/2023\/11\/LED-Channel-Systems-ES-5035.webp\",\"contentUrl\":\"https:\/\/esledprofile.com\/wp-content\/uploads\/2023\/11\/LED-Channel-Systems-ES-5035.webp\",\"width\":800,\"height\":800,\"caption\":\"LED Channel Systems ES-5035\"},{\"@type\":\"BreadcrumbList\",\"@id\":\"https:\/\/esledprofile.com\/product\/es-5035\/#breadcrumb\",\"itemListElement\":[{\"@type\":\"ListItem\",\"position\":1,\"name\":\"Home\",\"item\":\"https:\/\/esledprofile.com\/\"},{\"@type\":\"ListItem\",\"position\":2,\"name\":\"Product\",\"item\":\"https:\/\/esledprofile.com\/product\/\"},{\"@type\":\"ListItem\",\"position\":3,\"name\":\"ES-5035\"}]},{\"@type\":\"WebSite\",\"@id\":\"https:\/\/esledprofile.com\/#website\",\"url\":\"https:\/\/esledprofile.com\/\",\"name\":\"LED PROFILE Manufacturer\",\"description\":\"\",\"publisher\":{\"@id\":\"https:\/\/esledprofile.com\/#organization\"},\"potentialAction\":[{\"@type\":\"SearchAction\",\"target\":{\"@type\":\"EntryPoint\",\"urlTemplate\":\"https:\/\/esledprofile.com\/?s={search_term_string}\"},\"query-input\":{\"@type\":\"PropertyValueSpecification\",\"valueRequired\":true,\"valueName\":\"search_term_string\"}}],\"inLanguage\":\"fr-FR\"},{\"@type\":\"Organization\",\"@id\":\"https:\/\/esledprofile.com\/#organization\",\"name\":\"LED PROFILE Manufacturer\",\"url\":\"https:\/\/esledprofile.com\/\",\"logo\":{\"@type\":\"ImageObject\",\"inLanguage\":\"fr-FR\",\"@id\":\"https:\/\/esledprofile.com\/#\/schema\/logo\/image\/\",\"url\":\"https:\/\/esledprofile.com\/wp-content\/uploads\/2023\/11\/logo1-removebg-preview.png\",\"contentUrl\":\"https:\/\/esledprofile.com\/wp-content\/uploads\/2023\/11\/logo1-removebg-preview.png\",\"width\":350,\"height\":100,\"caption\":\"LED PROFILE Manufacturer\"},\"image\":{\"@id\":\"https:\/\/esledprofile.com\/#\/schema\/logo\/image\/\"}}]}<\/script>\n<!-- \/ Yoast SEO Premium plugin. -->","yoast_head_json":{"title":"Suspended LED aluminum channel ES-5035 - LED PROFILE Manufacturer","description":"Suspended LED aluminum channel 5035 which size is 50mm*35mm. it is mainly used for indoor commercial or industrial lighting.","robots":{"index":"index","follow":"follow","max-snippet":"max-snippet:-1","max-image-preview":"max-image-preview:large","max-video-preview":"max-video-preview:-1"},"canonical":"https:\/\/esledprofile.com\/fr\/produit\/es-5035\/","og_locale":"fr_FR","og_type":"article","og_title":"ES-5035","og_description":"Suspended LED aluminum channel 5035 which size is 50mm*35mm. it is mainly used for indoor commercial or industrial lighting.","og_url":"https:\/\/esledprofile.com\/fr\/produit\/es-5035\/","og_site_name":"LED PROFILE Manufacturer","article_modified_time":"2023-12-06T07:20:46+00:00","og_image":[{"width":800,"height":800,"url":"https:\/\/esledprofile.com\/wp-content\/uploads\/2023\/11\/LED-Channel-Systems-ES-5035.webp","type":"image\/webp"}],"twitter_card":"summary_large_image","schema":{"@context":"https:\/\/schema.org","@graph":[{"@type":"WebPage","@id":"https:\/\/esledprofile.com\/product\/es-5035\/","url":"https:\/\/esledprofile.com\/product\/es-5035\/","name":"Suspended LED aluminum channel ES-5035 - LED PROFILE Manufacturer","isPartOf":{"@id":"https:\/\/esledprofile.com\/#website"},"primaryImageOfPage":{"@id":"https:\/\/esledprofile.com\/product\/es-5035\/#primaryimage"},"image":{"@id":"https:\/\/esledprofile.com\/product\/es-5035\/#primaryimage"},"thumbnailUrl":"https:\/\/esledprofile.com\/wp-content\/uploads\/2023\/11\/LED-Channel-Systems-ES-5035.webp","datePublished":"2023-11-17T06:35:09+00:00","dateModified":"2023-12-06T07:20:46+00:00","description":"Suspended LED aluminum channel 5035 which size is 50mm*35mm. it is mainly used for indoor commercial or industrial lighting.","breadcrumb":{"@id":"https:\/\/esledprofile.com\/product\/es-5035\/#breadcrumb"},"inLanguage":"fr-FR","potentialAction":[{"@type":"ReadAction","target":["https:\/\/esledprofile.com\/product\/es-5035\/"]}]},{"@type":"ImageObject","inLanguage":"fr-FR","@id":"https:\/\/esledprofile.com\/product\/es-5035\/#primaryimage","url":"https:\/\/esledprofile.com\/wp-content\/uploads\/2023\/11\/LED-Channel-Systems-ES-5035.webp","contentUrl":"https:\/\/esledprofile.com\/wp-content\/uploads\/2023\/11\/LED-Channel-Systems-ES-5035.webp","width":800,"height":800,"caption":"LED Channel Systems ES-5035"},{"@type":"BreadcrumbList","@id":"https:\/\/esledprofile.com\/product\/es-5035\/#breadcrumb","itemListElement":[{"@type":"ListItem","position":1,"name":"Home","item":"https:\/\/esledprofile.com\/"},{"@type":"ListItem","position":2,"name":"Product","item":"https:\/\/esledprofile.com\/product\/"},{"@type":"ListItem","position":3,"name":"ES-5035"}]},{"@type":"WebSite","@id":"https:\/\/esledprofile.com\/#website","url":"https:\/\/esledprofile.com\/","name":"PROFIL LED Fabricant","description":"","publisher":{"@id":"https:\/\/esledprofile.com\/#organization"},"potentialAction":[{"@type":"SearchAction","target":{"@type":"EntryPoint","urlTemplate":"https:\/\/esledprofile.com\/?s={search_term_string}"},"query-input":{"@type":"PropertyValueSpecification","valueRequired":true,"valueName":"search_term_string"}}],"inLanguage":"fr-FR"},{"@type":"Organization","@id":"https:\/\/esledprofile.com\/#organization","name":"PROFIL LED Fabricant","url":"https:\/\/esledprofile.com\/","logo":{"@type":"ImageObject","inLanguage":"fr-FR","@id":"https:\/\/esledprofile.com\/#\/schema\/logo\/image\/","url":"https:\/\/esledprofile.com\/wp-content\/uploads\/2023\/11\/logo1-removebg-preview.png","contentUrl":"https:\/\/esledprofile.com\/wp-content\/uploads\/2023\/11\/logo1-removebg-preview.png","width":350,"height":100,"caption":"LED PROFILE Manufacturer"},"image":{"@id":"https:\/\/esledprofile.com\/#\/schema\/logo\/image\/"}}]}},"_links":{"self":[{"href":"https:\/\/esledprofile.com\/fr\/wp-json\/wp\/v2\/product\/756","targetHints":{"allow":["GET"]}}],"collection":[{"href":"https:\/\/esledprofile.com\/fr\/wp-json\/wp\/v2\/product"}],"about":[{"href":"https:\/\/esledprofile.com\/fr\/wp-json\/wp\/v2\/types\/product"}],"version-history":[{"count":0,"href":"https:\/\/esledprofile.com\/fr\/wp-json\/wp\/v2\/product\/756\/revisions"}],"wp:featuredmedia":[{"embeddable":true,"href":"https:\/\/esledprofile.com\/fr\/wp-json\/wp\/v2\/media\/758"}],"wp:attachment":[{"href":"https:\/\/esledprofile.com\/fr\/wp-json\/wp\/v2\/media?parent=756"}],"wp:term":[{"taxonomy":"product_brand","embeddable":true,"href":"https:\/\/esledprofile.com\/fr\/wp-json\/wp\/v2\/product_brand?post=756"},{"taxonomy":"product_cat","embeddable":true,"href":"https:\/\/esledprofile.com\/fr\/wp-json\/wp\/v2\/product_cat?post=756"},{"taxonomy":"product_tag","embeddable":true,"href":"https:\/\/esledprofile.com\/fr\/wp-json\/wp\/v2\/product_tag?post=756"}],"curies":[{"name":"wp","href":"https:\/\/api.w.org\/{rel}","templated":true}]}}