{"id":795,"date":"2023-11-24T14:02:26","date_gmt":"2023-11-24T14:02:26","guid":{"rendered":"https:\/\/esledprofile.com\/?post_type=product&#038;p=795"},"modified":"2023-12-06T10:18:16","modified_gmt":"2023-12-06T10:18:16","slug":"es-1010k","status":"publish","type":"product","link":"https:\/\/esledprofile.com\/fr\/produit\/es-1010k\/","title":{"rendered":"ES-1010K"},"content":{"rendered":"","protected":false},"excerpt":{"rendered":"<table width=\"288\">\n<tbody>\n<tr>\n<td width=\"143\">Mat\u00e9riau<\/td>\n<td width=\"145\">Alu 6063-T5<\/td>\n<\/tr>\n<tr>\n<td>Traitement de surface<\/td>\n<td>Anodis\u00e9\/peint<\/td>\n<\/tr>\n<tr>\n<td>Mat\u00e9riau du diffuseur<\/td>\n<td>PC<\/td>\n<\/tr>\n<tr>\n<td>Postuler<\/td>\n<td>Application int\u00e9rieure<\/td>\n<\/tr>\n<tr>\n<td>MOQ<\/td>\n<td>100 m\u00e8tres\/article<\/td>\n<\/tr>\n<tr>\n<td>Garantie<\/td>\n<td>3 ans<\/td>\n<\/tr>\n<tr>\n<td>Certification<\/td>\n<td>CE, RoHS<\/td>\n<\/tr>\n<\/tbody>\n<\/table>\n<h4 class=\"elementor-heading-title elementor-size-default\"><span style=\"color: #cc0033;\">Caract\u00e9ristiques du produit<\/span><\/h4>\n<p>Les mini-profil\u00e9s LED 1010K ont une taille de 10*10mm. La largeur int\u00e9rieure est de 8.1mm, vous devez choisir des bandes LED de 4mm \u00e0 6mm. Il peut \u00eatre install\u00e9 dans un endroit \u00e9troit en fonction des diff\u00e9rentes solutions d'\u00e9clairage. La plupart des couleurs de l'aluminium, du couvercle en PC et de l'embout sont disponibles en option.<\/p>","protected":false},"featured_media":798,"template":"","meta":{"_kad_post_transparent":"default","_kad_post_title":"hide","_kad_post_layout":"fullwidth","_kad_post_sidebar_id":"","_kad_post_content_style":"unboxed","_kad_post_vertical_padding":"hide","_kad_post_feature":"hide","_kad_post_feature_position":"","_kad_post_header":false,"_kad_post_footer":false,"_kad_post_classname":""},"product_brand":[],"product_cat":[17,19],"product_tag":[101,99,102],"class_list":{"0":"post-795","1":"product","2":"type-product","3":"status-publish","4":"has-post-thumbnail","6":"product_cat-led-profile-light-series","7":"product_cat-mini-series","8":"product_tag-mini-channel-profiles","9":"product_tag-mini-led-channel","10":"product_tag-mini-led-extrusions","12":"first","13":"instock","14":"shipping-taxable","15":"product-type-simple","16":"entry","17":"content-bg","18":"loop-entry"},"yoast_head":"<!-- This site is optimized with the Yoast SEO Premium plugin v24.7 (Yoast SEO v27.4) - https:\/\/yoast.com\/product\/yoast-seo-premium-wordpress\/ -->\n<title>Mini LED Channel Profiles ES-1010K - LED PROFILE Manufacturer<\/title>\n<meta name=\"description\" content=\"Mini LED Channel Profiles 1010K size is 10*10mm. The inside width is 8.1mm, you need to choose the 4mm-6mm LED strip lights.\" \/>\n<meta name=\"robots\" content=\"index, follow, max-snippet:-1, max-image-preview:large, max-video-preview:-1\" \/>\n<link rel=\"canonical\" href=\"https:\/\/esledprofile.com\/fr\/produit\/es-1010k\/\" \/>\n<meta property=\"og:locale\" content=\"fr_FR\" \/>\n<meta property=\"og:type\" content=\"article\" \/>\n<meta property=\"og:title\" content=\"ES-1010K\" \/>\n<meta property=\"og:description\" content=\"Mini LED Channel Profiles 1010K size is 10*10mm. The inside width is 8.1mm, you need to choose the 4mm-6mm LED strip lights.\" \/>\n<meta property=\"og:url\" content=\"https:\/\/esledprofile.com\/fr\/produit\/es-1010k\/\" \/>\n<meta property=\"og:site_name\" content=\"LED PROFILE Manufacturer\" \/>\n<meta property=\"article:modified_time\" content=\"2023-12-06T10:18:16+00:00\" \/>\n<meta property=\"og:image\" content=\"https:\/\/esledprofile.com\/wp-content\/uploads\/2023\/11\/Most-Popular-Led-Aluminum-Channels-ES-1010K.webp\" \/>\n\t<meta property=\"og:image:width\" content=\"800\" \/>\n\t<meta property=\"og:image:height\" content=\"800\" \/>\n\t<meta property=\"og:image:type\" content=\"image\/webp\" \/>\n<meta name=\"twitter:card\" content=\"summary_large_image\" \/>\n<script type=\"application\/ld+json\" class=\"yoast-schema-graph\">{\"@context\":\"https:\\\/\\\/schema.org\",\"@graph\":[{\"@type\":\"WebPage\",\"@id\":\"https:\\\/\\\/esledprofile.com\\\/product\\\/es-1010k\\\/\",\"url\":\"https:\\\/\\\/esledprofile.com\\\/product\\\/es-1010k\\\/\",\"name\":\"Mini LED Channel Profiles ES-1010K - LED PROFILE Manufacturer\",\"isPartOf\":{\"@id\":\"https:\\\/\\\/esledprofile.com\\\/#website\"},\"primaryImageOfPage\":{\"@id\":\"https:\\\/\\\/esledprofile.com\\\/product\\\/es-1010k\\\/#primaryimage\"},\"image\":{\"@id\":\"https:\\\/\\\/esledprofile.com\\\/product\\\/es-1010k\\\/#primaryimage\"},\"thumbnailUrl\":\"https:\\\/\\\/esledprofile.com\\\/wp-content\\\/uploads\\\/2023\\\/11\\\/Most-Popular-Led-Aluminum-Channels-ES-1010K.webp\",\"datePublished\":\"2023-11-24T14:02:26+00:00\",\"dateModified\":\"2023-12-06T10:18:16+00:00\",\"description\":\"Mini LED Channel Profiles 1010K size is 10*10mm. The inside width is 8.1mm, you need to choose the 4mm-6mm LED strip lights.\",\"breadcrumb\":{\"@id\":\"https:\\\/\\\/esledprofile.com\\\/product\\\/es-1010k\\\/#breadcrumb\"},\"inLanguage\":\"fr-FR\",\"potentialAction\":[{\"@type\":\"ReadAction\",\"target\":[\"https:\\\/\\\/esledprofile.com\\\/product\\\/es-1010k\\\/\"]}]},{\"@type\":\"ImageObject\",\"inLanguage\":\"fr-FR\",\"@id\":\"https:\\\/\\\/esledprofile.com\\\/product\\\/es-1010k\\\/#primaryimage\",\"url\":\"https:\\\/\\\/esledprofile.com\\\/wp-content\\\/uploads\\\/2023\\\/11\\\/Most-Popular-Led-Aluminum-Channels-ES-1010K.webp\",\"contentUrl\":\"https:\\\/\\\/esledprofile.com\\\/wp-content\\\/uploads\\\/2023\\\/11\\\/Most-Popular-Led-Aluminum-Channels-ES-1010K.webp\",\"width\":800,\"height\":800,\"caption\":\"Most Popular Led Aluminum Channels ES-1010K\"},{\"@type\":\"BreadcrumbList\",\"@id\":\"https:\\\/\\\/esledprofile.com\\\/product\\\/es-1010k\\\/#breadcrumb\",\"itemListElement\":[{\"@type\":\"ListItem\",\"position\":1,\"name\":\"Home\",\"item\":\"https:\\\/\\\/esledprofile.com\\\/\"},{\"@type\":\"ListItem\",\"position\":2,\"name\":\"Product\",\"item\":\"https:\\\/\\\/esledprofile.com\\\/product\\\/\"},{\"@type\":\"ListItem\",\"position\":3,\"name\":\"ES-1010K\"}]},{\"@type\":\"WebSite\",\"@id\":\"https:\\\/\\\/esledprofile.com\\\/#website\",\"url\":\"https:\\\/\\\/esledprofile.com\\\/\",\"name\":\"LED PROFILE Manufacturer\",\"description\":\"\",\"publisher\":{\"@id\":\"https:\\\/\\\/esledprofile.com\\\/#organization\"},\"potentialAction\":[{\"@type\":\"SearchAction\",\"target\":{\"@type\":\"EntryPoint\",\"urlTemplate\":\"https:\\\/\\\/esledprofile.com\\\/?s={search_term_string}\"},\"query-input\":{\"@type\":\"PropertyValueSpecification\",\"valueRequired\":true,\"valueName\":\"search_term_string\"}}],\"inLanguage\":\"fr-FR\"},{\"@type\":\"Organization\",\"@id\":\"https:\\\/\\\/esledprofile.com\\\/#organization\",\"name\":\"LED PROFILE Manufacturer\",\"url\":\"https:\\\/\\\/esledprofile.com\\\/\",\"logo\":{\"@type\":\"ImageObject\",\"inLanguage\":\"fr-FR\",\"@id\":\"https:\\\/\\\/esledprofile.com\\\/#\\\/schema\\\/logo\\\/image\\\/\",\"url\":\"https:\\\/\\\/esledprofile.com\\\/wp-content\\\/uploads\\\/2023\\\/11\\\/logo1-removebg-preview.png\",\"contentUrl\":\"https:\\\/\\\/esledprofile.com\\\/wp-content\\\/uploads\\\/2023\\\/11\\\/logo1-removebg-preview.png\",\"width\":350,\"height\":100,\"caption\":\"LED PROFILE Manufacturer\"},\"image\":{\"@id\":\"https:\\\/\\\/esledprofile.com\\\/#\\\/schema\\\/logo\\\/image\\\/\"}}]}<\/script>\n<!-- \/ Yoast SEO Premium plugin. -->","yoast_head_json":{"title":"Mini LED Channel Profiles ES-1010K - LED PROFILE Manufacturer","description":"Les mini-profil\u00e9s LED 1010K ont une taille de 10*10mm. La largeur int\u00e9rieure est de 8.1mm, vous devez choisir des bandes LED de 4mm \u00e0 6mm.","robots":{"index":"index","follow":"follow","max-snippet":"max-snippet:-1","max-image-preview":"max-image-preview:large","max-video-preview":"max-video-preview:-1"},"canonical":"https:\/\/esledprofile.com\/fr\/produit\/es-1010k\/","og_locale":"fr_FR","og_type":"article","og_title":"ES-1010K","og_description":"Mini LED Channel Profiles 1010K size is 10*10mm. The inside width is 8.1mm, you need to choose the 4mm-6mm LED strip lights.","og_url":"https:\/\/esledprofile.com\/fr\/produit\/es-1010k\/","og_site_name":"LED PROFILE Manufacturer","article_modified_time":"2023-12-06T10:18:16+00:00","og_image":[{"width":800,"height":800,"url":"https:\/\/esledprofile.com\/wp-content\/uploads\/2023\/11\/Most-Popular-Led-Aluminum-Channels-ES-1010K.webp","type":"image\/webp"}],"twitter_card":"summary_large_image","schema":{"@context":"https:\/\/schema.org","@graph":[{"@type":"WebPage","@id":"https:\/\/esledprofile.com\/product\/es-1010k\/","url":"https:\/\/esledprofile.com\/product\/es-1010k\/","name":"Mini LED Channel Profiles ES-1010K - LED PROFILE Manufacturer","isPartOf":{"@id":"https:\/\/esledprofile.com\/#website"},"primaryImageOfPage":{"@id":"https:\/\/esledprofile.com\/product\/es-1010k\/#primaryimage"},"image":{"@id":"https:\/\/esledprofile.com\/product\/es-1010k\/#primaryimage"},"thumbnailUrl":"https:\/\/esledprofile.com\/wp-content\/uploads\/2023\/11\/Most-Popular-Led-Aluminum-Channels-ES-1010K.webp","datePublished":"2023-11-24T14:02:26+00:00","dateModified":"2023-12-06T10:18:16+00:00","description":"Les mini-profil\u00e9s LED 1010K ont une taille de 10*10mm. La largeur int\u00e9rieure est de 8.1mm, vous devez choisir des bandes LED de 4mm \u00e0 6mm.","breadcrumb":{"@id":"https:\/\/esledprofile.com\/product\/es-1010k\/#breadcrumb"},"inLanguage":"fr-FR","potentialAction":[{"@type":"ReadAction","target":["https:\/\/esledprofile.com\/product\/es-1010k\/"]}]},{"@type":"ImageObject","inLanguage":"fr-FR","@id":"https:\/\/esledprofile.com\/product\/es-1010k\/#primaryimage","url":"https:\/\/esledprofile.com\/wp-content\/uploads\/2023\/11\/Most-Popular-Led-Aluminum-Channels-ES-1010K.webp","contentUrl":"https:\/\/esledprofile.com\/wp-content\/uploads\/2023\/11\/Most-Popular-Led-Aluminum-Channels-ES-1010K.webp","width":800,"height":800,"caption":"Most Popular Led Aluminum Channels ES-1010K"},{"@type":"BreadcrumbList","@id":"https:\/\/esledprofile.com\/product\/es-1010k\/#breadcrumb","itemListElement":[{"@type":"ListItem","position":1,"name":"Home","item":"https:\/\/esledprofile.com\/"},{"@type":"ListItem","position":2,"name":"Product","item":"https:\/\/esledprofile.com\/product\/"},{"@type":"ListItem","position":3,"name":"ES-1010K"}]},{"@type":"WebSite","@id":"https:\/\/esledprofile.com\/#website","url":"https:\/\/esledprofile.com\/","name":"PROFIL LED Fabricant","description":"","publisher":{"@id":"https:\/\/esledprofile.com\/#organization"},"potentialAction":[{"@type":"SearchAction","target":{"@type":"EntryPoint","urlTemplate":"https:\/\/esledprofile.com\/?s={search_term_string}"},"query-input":{"@type":"PropertyValueSpecification","valueRequired":true,"valueName":"search_term_string"}}],"inLanguage":"fr-FR"},{"@type":"Organization","@id":"https:\/\/esledprofile.com\/#organization","name":"PROFIL LED Fabricant","url":"https:\/\/esledprofile.com\/","logo":{"@type":"ImageObject","inLanguage":"fr-FR","@id":"https:\/\/esledprofile.com\/#\/schema\/logo\/image\/","url":"https:\/\/esledprofile.com\/wp-content\/uploads\/2023\/11\/logo1-removebg-preview.png","contentUrl":"https:\/\/esledprofile.com\/wp-content\/uploads\/2023\/11\/logo1-removebg-preview.png","width":350,"height":100,"caption":"LED PROFILE Manufacturer"},"image":{"@id":"https:\/\/esledprofile.com\/#\/schema\/logo\/image\/"}}]}},"_links":{"self":[{"href":"https:\/\/esledprofile.com\/fr\/wp-json\/wp\/v2\/product\/795","targetHints":{"allow":["GET"]}}],"collection":[{"href":"https:\/\/esledprofile.com\/fr\/wp-json\/wp\/v2\/product"}],"about":[{"href":"https:\/\/esledprofile.com\/fr\/wp-json\/wp\/v2\/types\/product"}],"version-history":[{"count":0,"href":"https:\/\/esledprofile.com\/fr\/wp-json\/wp\/v2\/product\/795\/revisions"}],"wp:featuredmedia":[{"embeddable":true,"href":"https:\/\/esledprofile.com\/fr\/wp-json\/wp\/v2\/media\/798"}],"wp:attachment":[{"href":"https:\/\/esledprofile.com\/fr\/wp-json\/wp\/v2\/media?parent=795"}],"wp:term":[{"taxonomy":"product_brand","embeddable":true,"href":"https:\/\/esledprofile.com\/fr\/wp-json\/wp\/v2\/product_brand?post=795"},{"taxonomy":"product_cat","embeddable":true,"href":"https:\/\/esledprofile.com\/fr\/wp-json\/wp\/v2\/product_cat?post=795"},{"taxonomy":"product_tag","embeddable":true,"href":"https:\/\/esledprofile.com\/fr\/wp-json\/wp\/v2\/product_tag?post=795"}],"curies":[{"name":"wp","href":"https:\/\/api.w.org\/{rel}","templated":true}]}}