{"id":1205,"date":"2023-11-28T03:18:04","date_gmt":"2023-11-28T03:18:04","guid":{"rendered":"https:\/\/esledprofile.com\/?post_type=product&#038;p=1205"},"modified":"2023-12-12T02:00:34","modified_gmt":"2023-12-12T02:00:34","slug":"es-1212ud","status":"publish","type":"product","link":"https:\/\/esledprofile.com\/it\/prodotto\/es-1212ud\/","title":{"rendered":"ES-1212UD"},"content":{"rendered":"","protected":false},"excerpt":{"rendered":"<table width=\"288\">\n<tbody>\n<tr>\n<td width=\"143\">Materiale<\/td>\n<td width=\"145\">Alu 6063-T5<\/td>\n<\/tr>\n<tr>\n<td>Trattamento della superficie<\/td>\n<td>Anodizzato\/verniciato<\/td>\n<\/tr>\n<tr>\n<td>Materiale del diffusore<\/td>\n<td>PC<\/td>\n<\/tr>\n<tr>\n<td>Candidarsi a<\/td>\n<td>Applicazione interna<\/td>\n<\/tr>\n<tr>\n<td>MOQ<\/td>\n<td>100 metri\/articolo<\/td>\n<\/tr>\n<tr>\n<td>Garanzia<\/td>\n<td>3 anni<\/td>\n<\/tr>\n<tr>\n<td>Certificazione<\/td>\n<td>CE, RoHS<\/td>\n<\/tr>\n<\/tbody>\n<\/table>\n<h4 class=\"elementor-heading-title elementor-size-default\"><span style=\"color: #cc0033;\">Caratteristiche del prodotto<\/span><\/h4>\n<p>Il canale luminoso a led a curvatura libera 1212UD ha una dimensione di 12,7*12,2 mm e supporta la curvatura in diverse direzioni. Si tratta di un profilo LED di nuova concezione che supporta la piegatura libera. La dimensione interna \u00e8 di 10,3 mm, quindi \u00e8 necessario considerare strisce luminose a LED di larghezza 8-10 mm. Pu\u00f2 essere posizionata liberamente sul soffitto, sulle pareti e sui pavimenti, valorizzando l'arte.<\/p>","protected":false},"featured_media":1208,"template":"","meta":{"_kad_post_transparent":"default","_kad_post_title":"hide","_kad_post_layout":"fullwidth","_kad_post_sidebar_id":"","_kad_post_content_style":"unboxed","_kad_post_vertical_padding":"hide","_kad_post_feature":"hide","_kad_post_feature_position":"","_kad_post_header":false,"_kad_post_footer":false,"_kad_post_classname":""},"product_brand":[],"product_cat":[29,33],"product_tag":[114,115,116],"class_list":{"0":"post-1205","1":"product","2":"type-product","3":"status-publish","4":"has-post-thumbnail","6":"product_cat-12mm-series","7":"product_cat-free-bending-series","8":"product_tag-bendable-lighting-profile","9":"product_tag-bendable-serrated-aluminum-profile","10":"product_tag-flexible-aluminum-led-profile","12":"first","13":"instock","14":"shipping-taxable","15":"product-type-simple","16":"entry","17":"content-bg","18":"loop-entry"},"yoast_head":"<!-- This site is optimized with the Yoast SEO Premium plugin v24.7 (Yoast SEO v26.7) - https:\/\/yoast.com\/wordpress\/plugins\/seo\/ -->\n<title>Free Bending LED Light Channel ES-1212UD - LED PROFILE Manufacturer<\/title>\n<meta name=\"description\" content=\"Free bending led light channel 1212UD, the size is 12.7*12.2mm with supports bending in different directions. The inner size is 10.3mm.\" \/>\n<meta name=\"robots\" content=\"index, follow, max-snippet:-1, max-image-preview:large, max-video-preview:-1\" \/>\n<link rel=\"canonical\" href=\"https:\/\/esledprofile.com\/it\/prodotto\/es-1212ud\/\" \/>\n<meta property=\"og:locale\" content=\"it_IT\" \/>\n<meta property=\"og:type\" content=\"article\" \/>\n<meta property=\"og:title\" content=\"ES-1212UD\" \/>\n<meta property=\"og:description\" content=\"Free bending led light channel 1212UD, the size is 12.7*12.2mm with supports bending in different directions. The inner size is 10.3mm.\" \/>\n<meta property=\"og:url\" content=\"https:\/\/esledprofile.com\/it\/prodotto\/es-1212ud\/\" \/>\n<meta property=\"og:site_name\" content=\"LED PROFILE Manufacturer\" \/>\n<meta property=\"article:modified_time\" content=\"2023-12-12T02:00:34+00:00\" \/>\n<meta property=\"og:image\" content=\"https:\/\/esledprofile.com\/wp-content\/uploads\/2023\/11\/flexible-aluminum-LED-profile-ES-1212UD.webp\" \/>\n\t<meta property=\"og:image:width\" content=\"800\" \/>\n\t<meta property=\"og:image:height\" content=\"800\" \/>\n\t<meta property=\"og:image:type\" content=\"image\/webp\" \/>\n<meta name=\"twitter:card\" content=\"summary_large_image\" \/>\n<script type=\"application\/ld+json\" class=\"yoast-schema-graph\">{\"@context\":\"https:\/\/schema.org\",\"@graph\":[{\"@type\":\"WebPage\",\"@id\":\"https:\/\/esledprofile.com\/product\/es-1212ud\/\",\"url\":\"https:\/\/esledprofile.com\/product\/es-1212ud\/\",\"name\":\"Free Bending LED Light Channel ES-1212UD - LED PROFILE Manufacturer\",\"isPartOf\":{\"@id\":\"https:\/\/esledprofile.com\/#website\"},\"primaryImageOfPage\":{\"@id\":\"https:\/\/esledprofile.com\/product\/es-1212ud\/#primaryimage\"},\"image\":{\"@id\":\"https:\/\/esledprofile.com\/product\/es-1212ud\/#primaryimage\"},\"thumbnailUrl\":\"https:\/\/esledprofile.com\/wp-content\/uploads\/2023\/11\/flexible-aluminum-LED-profile-ES-1212UD.webp\",\"datePublished\":\"2023-11-28T03:18:04+00:00\",\"dateModified\":\"2023-12-12T02:00:34+00:00\",\"description\":\"Free bending led light channel 1212UD, the size is 12.7*12.2mm with supports bending in different directions. The inner size is 10.3mm.\",\"breadcrumb\":{\"@id\":\"https:\/\/esledprofile.com\/product\/es-1212ud\/#breadcrumb\"},\"inLanguage\":\"it-IT\",\"potentialAction\":[{\"@type\":\"ReadAction\",\"target\":[\"https:\/\/esledprofile.com\/product\/es-1212ud\/\"]}]},{\"@type\":\"ImageObject\",\"inLanguage\":\"it-IT\",\"@id\":\"https:\/\/esledprofile.com\/product\/es-1212ud\/#primaryimage\",\"url\":\"https:\/\/esledprofile.com\/wp-content\/uploads\/2023\/11\/flexible-aluminum-LED-profile-ES-1212UD.webp\",\"contentUrl\":\"https:\/\/esledprofile.com\/wp-content\/uploads\/2023\/11\/flexible-aluminum-LED-profile-ES-1212UD.webp\",\"width\":800,\"height\":800,\"caption\":\"flexible aluminum LED profile ES-1212UD\"},{\"@type\":\"BreadcrumbList\",\"@id\":\"https:\/\/esledprofile.com\/product\/es-1212ud\/#breadcrumb\",\"itemListElement\":[{\"@type\":\"ListItem\",\"position\":1,\"name\":\"Home\",\"item\":\"https:\/\/esledprofile.com\/\"},{\"@type\":\"ListItem\",\"position\":2,\"name\":\"Product\",\"item\":\"https:\/\/esledprofile.com\/product\/\"},{\"@type\":\"ListItem\",\"position\":3,\"name\":\"ES-1212UD\"}]},{\"@type\":\"WebSite\",\"@id\":\"https:\/\/esledprofile.com\/#website\",\"url\":\"https:\/\/esledprofile.com\/\",\"name\":\"LED PROFILE Manufacturer\",\"description\":\"\",\"publisher\":{\"@id\":\"https:\/\/esledprofile.com\/#organization\"},\"potentialAction\":[{\"@type\":\"SearchAction\",\"target\":{\"@type\":\"EntryPoint\",\"urlTemplate\":\"https:\/\/esledprofile.com\/?s={search_term_string}\"},\"query-input\":{\"@type\":\"PropertyValueSpecification\",\"valueRequired\":true,\"valueName\":\"search_term_string\"}}],\"inLanguage\":\"it-IT\"},{\"@type\":\"Organization\",\"@id\":\"https:\/\/esledprofile.com\/#organization\",\"name\":\"LED PROFILE Manufacturer\",\"url\":\"https:\/\/esledprofile.com\/\",\"logo\":{\"@type\":\"ImageObject\",\"inLanguage\":\"it-IT\",\"@id\":\"https:\/\/esledprofile.com\/#\/schema\/logo\/image\/\",\"url\":\"https:\/\/esledprofile.com\/wp-content\/uploads\/2023\/11\/logo1-removebg-preview.png\",\"contentUrl\":\"https:\/\/esledprofile.com\/wp-content\/uploads\/2023\/11\/logo1-removebg-preview.png\",\"width\":350,\"height\":100,\"caption\":\"LED PROFILE Manufacturer\"},\"image\":{\"@id\":\"https:\/\/esledprofile.com\/#\/schema\/logo\/image\/\"}}]}<\/script>\n<!-- \/ Yoast SEO Premium plugin. -->","yoast_head_json":{"title":"Free Bending LED Light Channel ES-1212UD - LED PROFILE Manufacturer","description":"Free bending led light channel 1212UD, the size is 12.7*12.2mm with supports bending in different directions. The inner size is 10.3mm.","robots":{"index":"index","follow":"follow","max-snippet":"max-snippet:-1","max-image-preview":"max-image-preview:large","max-video-preview":"max-video-preview:-1"},"canonical":"https:\/\/esledprofile.com\/it\/prodotto\/es-1212ud\/","og_locale":"it_IT","og_type":"article","og_title":"ES-1212UD","og_description":"Free bending led light channel 1212UD, the size is 12.7*12.2mm with supports bending in different directions. The inner size is 10.3mm.","og_url":"https:\/\/esledprofile.com\/it\/prodotto\/es-1212ud\/","og_site_name":"LED PROFILE Manufacturer","article_modified_time":"2023-12-12T02:00:34+00:00","og_image":[{"width":800,"height":800,"url":"https:\/\/esledprofile.com\/wp-content\/uploads\/2023\/11\/flexible-aluminum-LED-profile-ES-1212UD.webp","type":"image\/webp"}],"twitter_card":"summary_large_image","schema":{"@context":"https:\/\/schema.org","@graph":[{"@type":"WebPage","@id":"https:\/\/esledprofile.com\/product\/es-1212ud\/","url":"https:\/\/esledprofile.com\/product\/es-1212ud\/","name":"Free Bending LED Light Channel ES-1212UD - LED PROFILE Manufacturer","isPartOf":{"@id":"https:\/\/esledprofile.com\/#website"},"primaryImageOfPage":{"@id":"https:\/\/esledprofile.com\/product\/es-1212ud\/#primaryimage"},"image":{"@id":"https:\/\/esledprofile.com\/product\/es-1212ud\/#primaryimage"},"thumbnailUrl":"https:\/\/esledprofile.com\/wp-content\/uploads\/2023\/11\/flexible-aluminum-LED-profile-ES-1212UD.webp","datePublished":"2023-11-28T03:18:04+00:00","dateModified":"2023-12-12T02:00:34+00:00","description":"Free bending led light channel 1212UD, the size is 12.7*12.2mm with supports bending in different directions. The inner size is 10.3mm.","breadcrumb":{"@id":"https:\/\/esledprofile.com\/product\/es-1212ud\/#breadcrumb"},"inLanguage":"it-IT","potentialAction":[{"@type":"ReadAction","target":["https:\/\/esledprofile.com\/product\/es-1212ud\/"]}]},{"@type":"ImageObject","inLanguage":"it-IT","@id":"https:\/\/esledprofile.com\/product\/es-1212ud\/#primaryimage","url":"https:\/\/esledprofile.com\/wp-content\/uploads\/2023\/11\/flexible-aluminum-LED-profile-ES-1212UD.webp","contentUrl":"https:\/\/esledprofile.com\/wp-content\/uploads\/2023\/11\/flexible-aluminum-LED-profile-ES-1212UD.webp","width":800,"height":800,"caption":"flexible aluminum LED profile ES-1212UD"},{"@type":"BreadcrumbList","@id":"https:\/\/esledprofile.com\/product\/es-1212ud\/#breadcrumb","itemListElement":[{"@type":"ListItem","position":1,"name":"Home","item":"https:\/\/esledprofile.com\/"},{"@type":"ListItem","position":2,"name":"Product","item":"https:\/\/esledprofile.com\/product\/"},{"@type":"ListItem","position":3,"name":"ES-1212UD"}]},{"@type":"WebSite","@id":"https:\/\/esledprofile.com\/#website","url":"https:\/\/esledprofile.com\/","name":"PROFILO LED Produttore","description":"","publisher":{"@id":"https:\/\/esledprofile.com\/#organization"},"potentialAction":[{"@type":"SearchAction","target":{"@type":"EntryPoint","urlTemplate":"https:\/\/esledprofile.com\/?s={search_term_string}"},"query-input":{"@type":"PropertyValueSpecification","valueRequired":true,"valueName":"search_term_string"}}],"inLanguage":"it-IT"},{"@type":"Organization","@id":"https:\/\/esledprofile.com\/#organization","name":"PROFILO LED Produttore","url":"https:\/\/esledprofile.com\/","logo":{"@type":"ImageObject","inLanguage":"it-IT","@id":"https:\/\/esledprofile.com\/#\/schema\/logo\/image\/","url":"https:\/\/esledprofile.com\/wp-content\/uploads\/2023\/11\/logo1-removebg-preview.png","contentUrl":"https:\/\/esledprofile.com\/wp-content\/uploads\/2023\/11\/logo1-removebg-preview.png","width":350,"height":100,"caption":"LED PROFILE Manufacturer"},"image":{"@id":"https:\/\/esledprofile.com\/#\/schema\/logo\/image\/"}}]}},"_links":{"self":[{"href":"https:\/\/esledprofile.com\/it\/wp-json\/wp\/v2\/product\/1205","targetHints":{"allow":["GET"]}}],"collection":[{"href":"https:\/\/esledprofile.com\/it\/wp-json\/wp\/v2\/product"}],"about":[{"href":"https:\/\/esledprofile.com\/it\/wp-json\/wp\/v2\/types\/product"}],"version-history":[{"count":0,"href":"https:\/\/esledprofile.com\/it\/wp-json\/wp\/v2\/product\/1205\/revisions"}],"wp:featuredmedia":[{"embeddable":true,"href":"https:\/\/esledprofile.com\/it\/wp-json\/wp\/v2\/media\/1208"}],"wp:attachment":[{"href":"https:\/\/esledprofile.com\/it\/wp-json\/wp\/v2\/media?parent=1205"}],"wp:term":[{"taxonomy":"product_brand","embeddable":true,"href":"https:\/\/esledprofile.com\/it\/wp-json\/wp\/v2\/product_brand?post=1205"},{"taxonomy":"product_cat","embeddable":true,"href":"https:\/\/esledprofile.com\/it\/wp-json\/wp\/v2\/product_cat?post=1205"},{"taxonomy":"product_tag","embeddable":true,"href":"https:\/\/esledprofile.com\/it\/wp-json\/wp\/v2\/product_tag?post=1205"}],"curies":[{"name":"wp","href":"https:\/\/api.w.org\/{rel}","templated":true}]}}