{"id":921,"date":"2023-11-25T02:59:22","date_gmt":"2023-11-25T02:59:22","guid":{"rendered":"https:\/\/esledprofile.com\/?post_type=product&#038;p=921"},"modified":"2023-12-07T03:04:16","modified_gmt":"2023-12-07T03:04:16","slug":"es-1815k","status":"publish","type":"product","link":"https:\/\/esledprofile.com\/it\/prodotto\/es-1815k\/","title":{"rendered":"ES-1815K"},"content":{"rendered":"","protected":false},"excerpt":{"rendered":"<table width=\"288\">\n<tbody>\n<tr>\n<td width=\"143\">Materiale<\/td>\n<td width=\"145\">Alu 6063-T5<\/td>\n<\/tr>\n<tr>\n<td>Trattamento della superficie<\/td>\n<td>Anodizzato\/verniciato<\/td>\n<\/tr>\n<tr>\n<td>Materiale del diffusore<\/td>\n<td>PC<\/td>\n<\/tr>\n<tr>\n<td>Candidarsi a<\/td>\n<td>Applicazione interna<\/td>\n<\/tr>\n<tr>\n<td>MOQ<\/td>\n<td>100 metri\/articolo<\/td>\n<\/tr>\n<tr>\n<td>Garanzia<\/td>\n<td>3 anni<\/td>\n<\/tr>\n<tr>\n<td>Certificazione<\/td>\n<td>CE, RoHS<\/td>\n<\/tr>\n<\/tbody>\n<\/table>\n<h4 class=\"elementor-heading-title elementor-size-default\"><span style=\"color: #cc0033;\">Caratteristiche del prodotto<\/span><\/h4>\n<p>L'angolo di fascio della lente del canale della luce a nastro led \u00e8 denominato 1815K, con dimensioni di 15,8*17,9 mm. Si noti che la larghezza totale del profilo LED pi\u00f9 la copertura del PC LED \u00e8 di 19 mm. Quando si sceglie questo profilo, \u00e8 necessario prestare particolare attenzione alle dimensioni di installazione per garantire l'adattamento.<\/p>","protected":false},"featured_media":922,"template":"","meta":{"_kad_post_transparent":"default","_kad_post_title":"hide","_kad_post_layout":"fullwidth","_kad_post_sidebar_id":"","_kad_post_content_style":"unboxed","_kad_post_vertical_padding":"hide","_kad_post_feature":"hide","_kad_post_feature_position":"","_kad_post_header":false,"_kad_post_footer":false,"_kad_post_classname":""},"product_brand":[],"product_cat":[17,20],"product_tag":[79,89,95],"class_list":{"0":"post-921","1":"product","2":"type-product","3":"status-publish","4":"has-post-thumbnail","6":"product_cat-led-profile-light-series","7":"product_cat-lens-beam-angle-series","8":"product_tag-channel-profiles","9":"product_tag-led-strip-profiles","10":"product_tag-surface-mount-channel-profiles","12":"first","13":"instock","14":"shipping-taxable","15":"product-type-simple","16":"entry","17":"content-bg","18":"loop-entry"},"yoast_head":"<!-- This site is optimized with the Yoast SEO Premium plugin v24.7 (Yoast SEO v26.7) - https:\/\/yoast.com\/wordpress\/plugins\/seo\/ -->\n<title>Lens Beam Angle LED Tape Light Channel ES-1815K - LED PROFILE Manufacturer<\/title>\n<meta name=\"description\" content=\"Lens Beam Angle led tape light channel is named 1815K, which size is 15.8*17.9mm. total width of the LED profile plus the LED PC cover 19mm.\" \/>\n<meta name=\"robots\" content=\"index, follow, max-snippet:-1, max-image-preview:large, max-video-preview:-1\" \/>\n<link rel=\"canonical\" href=\"https:\/\/esledprofile.com\/it\/prodotto\/es-1815k\/\" \/>\n<meta property=\"og:locale\" content=\"it_IT\" \/>\n<meta property=\"og:type\" content=\"article\" \/>\n<meta property=\"og:title\" content=\"ES-1815K\" \/>\n<meta property=\"og:description\" content=\"Lens Beam Angle led tape light channel is named 1815K, which size is 15.8*17.9mm. total width of the LED profile plus the LED PC cover 19mm.\" \/>\n<meta property=\"og:url\" content=\"https:\/\/esledprofile.com\/it\/prodotto\/es-1815k\/\" \/>\n<meta property=\"og:site_name\" content=\"LED PROFILE Manufacturer\" \/>\n<meta property=\"article:modified_time\" content=\"2023-12-07T03:04:16+00:00\" \/>\n<meta property=\"og:image\" content=\"https:\/\/esledprofile.com\/wp-content\/uploads\/2023\/11\/LED-aluminum-profile-ES-1815K.webp\" \/>\n\t<meta property=\"og:image:width\" content=\"800\" \/>\n\t<meta property=\"og:image:height\" content=\"800\" \/>\n\t<meta property=\"og:image:type\" content=\"image\/webp\" \/>\n<meta name=\"twitter:card\" content=\"summary_large_image\" \/>\n<script type=\"application\/ld+json\" class=\"yoast-schema-graph\">{\"@context\":\"https:\/\/schema.org\",\"@graph\":[{\"@type\":\"WebPage\",\"@id\":\"https:\/\/esledprofile.com\/product\/es-1815k\/\",\"url\":\"https:\/\/esledprofile.com\/product\/es-1815k\/\",\"name\":\"Lens Beam Angle LED Tape Light Channel ES-1815K - LED PROFILE Manufacturer\",\"isPartOf\":{\"@id\":\"https:\/\/esledprofile.com\/#website\"},\"primaryImageOfPage\":{\"@id\":\"https:\/\/esledprofile.com\/product\/es-1815k\/#primaryimage\"},\"image\":{\"@id\":\"https:\/\/esledprofile.com\/product\/es-1815k\/#primaryimage\"},\"thumbnailUrl\":\"https:\/\/esledprofile.com\/wp-content\/uploads\/2023\/11\/LED-aluminum-profile-ES-1815K.webp\",\"datePublished\":\"2023-11-25T02:59:22+00:00\",\"dateModified\":\"2023-12-07T03:04:16+00:00\",\"description\":\"Lens Beam Angle led tape light channel is named 1815K, which size is 15.8*17.9mm. total width of the LED profile plus the LED PC cover 19mm.\",\"breadcrumb\":{\"@id\":\"https:\/\/esledprofile.com\/product\/es-1815k\/#breadcrumb\"},\"inLanguage\":\"it-IT\",\"potentialAction\":[{\"@type\":\"ReadAction\",\"target\":[\"https:\/\/esledprofile.com\/product\/es-1815k\/\"]}]},{\"@type\":\"ImageObject\",\"inLanguage\":\"it-IT\",\"@id\":\"https:\/\/esledprofile.com\/product\/es-1815k\/#primaryimage\",\"url\":\"https:\/\/esledprofile.com\/wp-content\/uploads\/2023\/11\/LED-aluminum-profile-ES-1815K.webp\",\"contentUrl\":\"https:\/\/esledprofile.com\/wp-content\/uploads\/2023\/11\/LED-aluminum-profile-ES-1815K.webp\",\"width\":800,\"height\":800,\"caption\":\"LED aluminum profile ES-1815K\"},{\"@type\":\"BreadcrumbList\",\"@id\":\"https:\/\/esledprofile.com\/product\/es-1815k\/#breadcrumb\",\"itemListElement\":[{\"@type\":\"ListItem\",\"position\":1,\"name\":\"Home\",\"item\":\"https:\/\/esledprofile.com\/\"},{\"@type\":\"ListItem\",\"position\":2,\"name\":\"Product\",\"item\":\"https:\/\/esledprofile.com\/product\/\"},{\"@type\":\"ListItem\",\"position\":3,\"name\":\"ES-1815K\"}]},{\"@type\":\"WebSite\",\"@id\":\"https:\/\/esledprofile.com\/#website\",\"url\":\"https:\/\/esledprofile.com\/\",\"name\":\"LED PROFILE Manufacturer\",\"description\":\"\",\"publisher\":{\"@id\":\"https:\/\/esledprofile.com\/#organization\"},\"potentialAction\":[{\"@type\":\"SearchAction\",\"target\":{\"@type\":\"EntryPoint\",\"urlTemplate\":\"https:\/\/esledprofile.com\/?s={search_term_string}\"},\"query-input\":{\"@type\":\"PropertyValueSpecification\",\"valueRequired\":true,\"valueName\":\"search_term_string\"}}],\"inLanguage\":\"it-IT\"},{\"@type\":\"Organization\",\"@id\":\"https:\/\/esledprofile.com\/#organization\",\"name\":\"LED PROFILE Manufacturer\",\"url\":\"https:\/\/esledprofile.com\/\",\"logo\":{\"@type\":\"ImageObject\",\"inLanguage\":\"it-IT\",\"@id\":\"https:\/\/esledprofile.com\/#\/schema\/logo\/image\/\",\"url\":\"https:\/\/esledprofile.com\/wp-content\/uploads\/2023\/11\/logo1-removebg-preview.png\",\"contentUrl\":\"https:\/\/esledprofile.com\/wp-content\/uploads\/2023\/11\/logo1-removebg-preview.png\",\"width\":350,\"height\":100,\"caption\":\"LED PROFILE Manufacturer\"},\"image\":{\"@id\":\"https:\/\/esledprofile.com\/#\/schema\/logo\/image\/\"}}]}<\/script>\n<!-- \/ Yoast SEO Premium plugin. -->","yoast_head_json":{"title":"Lens Beam Angle LED Tape Light Channel ES-1815K - LED PROFILE Manufacturer","description":"L'angolo del fascio di lenti ha portato il canale della luce a nastro \u00e8 chiamato 1815K, la cui dimensione \u00e8 di 15,8*17,9 mm. larghezza totale del profilo LED pi\u00f9 la copertura PC LED 19 mm.","robots":{"index":"index","follow":"follow","max-snippet":"max-snippet:-1","max-image-preview":"max-image-preview:large","max-video-preview":"max-video-preview:-1"},"canonical":"https:\/\/esledprofile.com\/it\/prodotto\/es-1815k\/","og_locale":"it_IT","og_type":"article","og_title":"ES-1815K","og_description":"Lens Beam Angle led tape light channel is named 1815K, which size is 15.8*17.9mm. total width of the LED profile plus the LED PC cover 19mm.","og_url":"https:\/\/esledprofile.com\/it\/prodotto\/es-1815k\/","og_site_name":"LED PROFILE Manufacturer","article_modified_time":"2023-12-07T03:04:16+00:00","og_image":[{"width":800,"height":800,"url":"https:\/\/esledprofile.com\/wp-content\/uploads\/2023\/11\/LED-aluminum-profile-ES-1815K.webp","type":"image\/webp"}],"twitter_card":"summary_large_image","schema":{"@context":"https:\/\/schema.org","@graph":[{"@type":"WebPage","@id":"https:\/\/esledprofile.com\/product\/es-1815k\/","url":"https:\/\/esledprofile.com\/product\/es-1815k\/","name":"Lens Beam Angle LED Tape Light Channel ES-1815K - LED PROFILE Manufacturer","isPartOf":{"@id":"https:\/\/esledprofile.com\/#website"},"primaryImageOfPage":{"@id":"https:\/\/esledprofile.com\/product\/es-1815k\/#primaryimage"},"image":{"@id":"https:\/\/esledprofile.com\/product\/es-1815k\/#primaryimage"},"thumbnailUrl":"https:\/\/esledprofile.com\/wp-content\/uploads\/2023\/11\/LED-aluminum-profile-ES-1815K.webp","datePublished":"2023-11-25T02:59:22+00:00","dateModified":"2023-12-07T03:04:16+00:00","description":"L'angolo del fascio di lenti ha portato il canale della luce a nastro \u00e8 chiamato 1815K, la cui dimensione \u00e8 di 15,8*17,9 mm. larghezza totale del profilo LED pi\u00f9 la copertura PC LED 19 mm.","breadcrumb":{"@id":"https:\/\/esledprofile.com\/product\/es-1815k\/#breadcrumb"},"inLanguage":"it-IT","potentialAction":[{"@type":"ReadAction","target":["https:\/\/esledprofile.com\/product\/es-1815k\/"]}]},{"@type":"ImageObject","inLanguage":"it-IT","@id":"https:\/\/esledprofile.com\/product\/es-1815k\/#primaryimage","url":"https:\/\/esledprofile.com\/wp-content\/uploads\/2023\/11\/LED-aluminum-profile-ES-1815K.webp","contentUrl":"https:\/\/esledprofile.com\/wp-content\/uploads\/2023\/11\/LED-aluminum-profile-ES-1815K.webp","width":800,"height":800,"caption":"LED aluminum profile ES-1815K"},{"@type":"BreadcrumbList","@id":"https:\/\/esledprofile.com\/product\/es-1815k\/#breadcrumb","itemListElement":[{"@type":"ListItem","position":1,"name":"Home","item":"https:\/\/esledprofile.com\/"},{"@type":"ListItem","position":2,"name":"Product","item":"https:\/\/esledprofile.com\/product\/"},{"@type":"ListItem","position":3,"name":"ES-1815K"}]},{"@type":"WebSite","@id":"https:\/\/esledprofile.com\/#website","url":"https:\/\/esledprofile.com\/","name":"PROFILO LED Produttore","description":"","publisher":{"@id":"https:\/\/esledprofile.com\/#organization"},"potentialAction":[{"@type":"SearchAction","target":{"@type":"EntryPoint","urlTemplate":"https:\/\/esledprofile.com\/?s={search_term_string}"},"query-input":{"@type":"PropertyValueSpecification","valueRequired":true,"valueName":"search_term_string"}}],"inLanguage":"it-IT"},{"@type":"Organization","@id":"https:\/\/esledprofile.com\/#organization","name":"PROFILO LED Produttore","url":"https:\/\/esledprofile.com\/","logo":{"@type":"ImageObject","inLanguage":"it-IT","@id":"https:\/\/esledprofile.com\/#\/schema\/logo\/image\/","url":"https:\/\/esledprofile.com\/wp-content\/uploads\/2023\/11\/logo1-removebg-preview.png","contentUrl":"https:\/\/esledprofile.com\/wp-content\/uploads\/2023\/11\/logo1-removebg-preview.png","width":350,"height":100,"caption":"LED PROFILE Manufacturer"},"image":{"@id":"https:\/\/esledprofile.com\/#\/schema\/logo\/image\/"}}]}},"_links":{"self":[{"href":"https:\/\/esledprofile.com\/it\/wp-json\/wp\/v2\/product\/921","targetHints":{"allow":["GET"]}}],"collection":[{"href":"https:\/\/esledprofile.com\/it\/wp-json\/wp\/v2\/product"}],"about":[{"href":"https:\/\/esledprofile.com\/it\/wp-json\/wp\/v2\/types\/product"}],"version-history":[{"count":0,"href":"https:\/\/esledprofile.com\/it\/wp-json\/wp\/v2\/product\/921\/revisions"}],"wp:featuredmedia":[{"embeddable":true,"href":"https:\/\/esledprofile.com\/it\/wp-json\/wp\/v2\/media\/922"}],"wp:attachment":[{"href":"https:\/\/esledprofile.com\/it\/wp-json\/wp\/v2\/media?parent=921"}],"wp:term":[{"taxonomy":"product_brand","embeddable":true,"href":"https:\/\/esledprofile.com\/it\/wp-json\/wp\/v2\/product_brand?post=921"},{"taxonomy":"product_cat","embeddable":true,"href":"https:\/\/esledprofile.com\/it\/wp-json\/wp\/v2\/product_cat?post=921"},{"taxonomy":"product_tag","embeddable":true,"href":"https:\/\/esledprofile.com\/it\/wp-json\/wp\/v2\/product_tag?post=921"}],"curies":[{"name":"wp","href":"https:\/\/api.w.org\/{rel}","templated":true}]}}