{"id":1120,"date":"2023-11-27T08:30:45","date_gmt":"2023-11-27T08:30:45","guid":{"rendered":"https:\/\/esledprofile.com\/?post_type=product&#038;p=1120"},"modified":"2023-12-11T05:50:03","modified_gmt":"2023-12-11T05:50:03","slug":"es-1848","status":"publish","type":"product","link":"https:\/\/esledprofile.com\/pt\/produto\/es-1848\/","title":{"rendered":"ES-1848"},"content":{"rendered":"","protected":false},"excerpt":{"rendered":"<table width=\"288\">\n<tbody>\n<tr>\n<td width=\"143\">Material<\/td>\n<td width=\"145\">Alu 6063-T5<\/td>\n<\/tr>\n<tr>\n<td>Tratamento de superf\u00edcie<\/td>\n<td>Anodizado\/Pintado<\/td>\n<\/tr>\n<tr>\n<td>Material do difusor<\/td>\n<td>PC<\/td>\n<\/tr>\n<tr>\n<td>Candidatar-se a<\/td>\n<td>Aplica\u00e7\u00e3o em interiores<\/td>\n<\/tr>\n<tr>\n<td>MOQ<\/td>\n<td>100 metros\/item<\/td>\n<\/tr>\n<tr>\n<td>Garantia<\/td>\n<td>3 anos<\/td>\n<\/tr>\n<tr>\n<td>Certifica\u00e7\u00e3o<\/td>\n<td>CE,RoHS<\/td>\n<\/tr>\n<\/tbody>\n<\/table>\n<h4 class=\"elementor-heading-title elementor-size-default\"><span style=\"color: #cc0033;\">Caracter\u00edsticas do produto<\/span><\/h4>\n<p>Canal de luz de fita LED de parede tipo 1848; o tamanho \u00e9 18,3 * 48,6 mm. Este perfil de alum\u00ednio LED \u00e9 um perfil de parede montado \u00e0 superf\u00edcie com um design \u00fanico. Tem dois locais de luzes de fita LED onde podem ser instaladas fontes de ilumina\u00e7\u00e3o, que podem iluminar para cima e para baixo. O tamanho interior \u00e9 de 11,8 mm, por isso s\u00f3 pode conter tiras de luz LED com 8-10 mm de largura.<\/p>","protected":false},"featured_media":1122,"template":"","meta":{"_kad_post_transparent":"default","_kad_post_title":"hide","_kad_post_layout":"fullwidth","_kad_post_sidebar_id":"","_kad_post_content_style":"unboxed","_kad_post_vertical_padding":"hide","_kad_post_feature":"hide","_kad_post_feature_position":"","_kad_post_header":false,"_kad_post_footer":false,"_kad_post_classname":""},"product_brand":[],"product_cat":[17,25],"product_tag":[82,78,84],"class_list":{"0":"post-1120","1":"product","2":"type-product","3":"status-publish","4":"has-post-thumbnail","6":"product_cat-led-profile-light-series","7":"product_cat-wall-series","8":"product_tag-aluminum-led-strip-channels","9":"product_tag-led-aluminum-channel","10":"product_tag-most-popular-led-aluminum-channels","12":"first","13":"instock","14":"shipping-taxable","15":"product-type-simple","16":"entry","17":"content-bg","18":"loop-entry"},"yoast_head":"<!-- This site is optimized with the Yoast SEO Premium plugin v24.7 (Yoast SEO v26.7) - https:\/\/yoast.com\/wordpress\/plugins\/seo\/ -->\n<title>Wall LED Tape Light Channel ES-1848 - LED PROFILE Manufacturer<\/title>\n<meta name=\"description\" content=\"Wall led tape light channel type 1848; the size is 18.3*48.6mm. This aluminum profile is a wall surface-mounted profile with a unique design.\" \/>\n<meta name=\"robots\" content=\"index, follow, max-snippet:-1, max-image-preview:large, max-video-preview:-1\" \/>\n<link rel=\"canonical\" href=\"https:\/\/esledprofile.com\/pt\/produto\/es-1848\/\" \/>\n<meta property=\"og:locale\" content=\"pt_PT\" \/>\n<meta property=\"og:type\" content=\"article\" \/>\n<meta property=\"og:title\" content=\"ES-1848\" \/>\n<meta property=\"og:description\" content=\"Wall led tape light channel type 1848; the size is 18.3*48.6mm. This aluminum profile is a wall surface-mounted profile with a unique design.\" \/>\n<meta property=\"og:url\" content=\"https:\/\/esledprofile.com\/pt\/produto\/es-1848\/\" \/>\n<meta property=\"og:site_name\" content=\"LED PROFILE Manufacturer\" \/>\n<meta property=\"article:modified_time\" content=\"2023-12-11T05:50:03+00:00\" \/>\n<meta property=\"og:image\" content=\"https:\/\/esledprofile.com\/wp-content\/uploads\/2023\/11\/led-channel-Wall-Series-ES-1848.webp\" \/>\n\t<meta property=\"og:image:width\" content=\"800\" \/>\n\t<meta property=\"og:image:height\" content=\"800\" \/>\n\t<meta property=\"og:image:type\" content=\"image\/webp\" \/>\n<meta name=\"twitter:card\" content=\"summary_large_image\" \/>\n<script type=\"application\/ld+json\" class=\"yoast-schema-graph\">{\"@context\":\"https:\/\/schema.org\",\"@graph\":[{\"@type\":\"WebPage\",\"@id\":\"https:\/\/esledprofile.com\/product\/es-1848\/\",\"url\":\"https:\/\/esledprofile.com\/product\/es-1848\/\",\"name\":\"Wall LED Tape Light Channel ES-1848 - LED PROFILE Manufacturer\",\"isPartOf\":{\"@id\":\"https:\/\/esledprofile.com\/#website\"},\"primaryImageOfPage\":{\"@id\":\"https:\/\/esledprofile.com\/product\/es-1848\/#primaryimage\"},\"image\":{\"@id\":\"https:\/\/esledprofile.com\/product\/es-1848\/#primaryimage\"},\"thumbnailUrl\":\"https:\/\/esledprofile.com\/wp-content\/uploads\/2023\/11\/led-channel-Wall-Series-ES-1848.webp\",\"datePublished\":\"2023-11-27T08:30:45+00:00\",\"dateModified\":\"2023-12-11T05:50:03+00:00\",\"description\":\"Wall led tape light channel type 1848; the size is 18.3*48.6mm. This aluminum profile is a wall surface-mounted profile with a unique design.\",\"breadcrumb\":{\"@id\":\"https:\/\/esledprofile.com\/product\/es-1848\/#breadcrumb\"},\"inLanguage\":\"pt-PT\",\"potentialAction\":[{\"@type\":\"ReadAction\",\"target\":[\"https:\/\/esledprofile.com\/product\/es-1848\/\"]}]},{\"@type\":\"ImageObject\",\"inLanguage\":\"pt-PT\",\"@id\":\"https:\/\/esledprofile.com\/product\/es-1848\/#primaryimage\",\"url\":\"https:\/\/esledprofile.com\/wp-content\/uploads\/2023\/11\/led-channel-Wall-Series-ES-1848.webp\",\"contentUrl\":\"https:\/\/esledprofile.com\/wp-content\/uploads\/2023\/11\/led-channel-Wall-Series-ES-1848.webp\",\"width\":800,\"height\":800,\"caption\":\"led channel Wall Series ES-1848\"},{\"@type\":\"BreadcrumbList\",\"@id\":\"https:\/\/esledprofile.com\/product\/es-1848\/#breadcrumb\",\"itemListElement\":[{\"@type\":\"ListItem\",\"position\":1,\"name\":\"Home\",\"item\":\"https:\/\/esledprofile.com\/\"},{\"@type\":\"ListItem\",\"position\":2,\"name\":\"Product\",\"item\":\"https:\/\/esledprofile.com\/product\/\"},{\"@type\":\"ListItem\",\"position\":3,\"name\":\"ES-1848\"}]},{\"@type\":\"WebSite\",\"@id\":\"https:\/\/esledprofile.com\/#website\",\"url\":\"https:\/\/esledprofile.com\/\",\"name\":\"LED PROFILE Manufacturer\",\"description\":\"\",\"publisher\":{\"@id\":\"https:\/\/esledprofile.com\/#organization\"},\"potentialAction\":[{\"@type\":\"SearchAction\",\"target\":{\"@type\":\"EntryPoint\",\"urlTemplate\":\"https:\/\/esledprofile.com\/?s={search_term_string}\"},\"query-input\":{\"@type\":\"PropertyValueSpecification\",\"valueRequired\":true,\"valueName\":\"search_term_string\"}}],\"inLanguage\":\"pt-PT\"},{\"@type\":\"Organization\",\"@id\":\"https:\/\/esledprofile.com\/#organization\",\"name\":\"LED PROFILE Manufacturer\",\"url\":\"https:\/\/esledprofile.com\/\",\"logo\":{\"@type\":\"ImageObject\",\"inLanguage\":\"pt-PT\",\"@id\":\"https:\/\/esledprofile.com\/#\/schema\/logo\/image\/\",\"url\":\"https:\/\/esledprofile.com\/wp-content\/uploads\/2023\/11\/logo1-removebg-preview.png\",\"contentUrl\":\"https:\/\/esledprofile.com\/wp-content\/uploads\/2023\/11\/logo1-removebg-preview.png\",\"width\":350,\"height\":100,\"caption\":\"LED PROFILE Manufacturer\"},\"image\":{\"@id\":\"https:\/\/esledprofile.com\/#\/schema\/logo\/image\/\"}}]}<\/script>\n<!-- \/ Yoast SEO Premium plugin. -->","yoast_head_json":{"title":"Wall LED Tape Light Channel ES-1848 - LED PROFILE Manufacturer","description":"Wall led tape light channel type 1848; the size is 18.3*48.6mm. This aluminum profile is a wall surface-mounted profile with a unique design.","robots":{"index":"index","follow":"follow","max-snippet":"max-snippet:-1","max-image-preview":"max-image-preview:large","max-video-preview":"max-video-preview:-1"},"canonical":"https:\/\/esledprofile.com\/pt\/produto\/es-1848\/","og_locale":"pt_PT","og_type":"article","og_title":"ES-1848","og_description":"Wall led tape light channel type 1848; the size is 18.3*48.6mm. This aluminum profile is a wall surface-mounted profile with a unique design.","og_url":"https:\/\/esledprofile.com\/pt\/produto\/es-1848\/","og_site_name":"LED PROFILE Manufacturer","article_modified_time":"2023-12-11T05:50:03+00:00","og_image":[{"width":800,"height":800,"url":"https:\/\/esledprofile.com\/wp-content\/uploads\/2023\/11\/led-channel-Wall-Series-ES-1848.webp","type":"image\/webp"}],"twitter_card":"summary_large_image","schema":{"@context":"https:\/\/schema.org","@graph":[{"@type":"WebPage","@id":"https:\/\/esledprofile.com\/product\/es-1848\/","url":"https:\/\/esledprofile.com\/product\/es-1848\/","name":"Wall LED Tape Light Channel ES-1848 - LED PROFILE Manufacturer","isPartOf":{"@id":"https:\/\/esledprofile.com\/#website"},"primaryImageOfPage":{"@id":"https:\/\/esledprofile.com\/product\/es-1848\/#primaryimage"},"image":{"@id":"https:\/\/esledprofile.com\/product\/es-1848\/#primaryimage"},"thumbnailUrl":"https:\/\/esledprofile.com\/wp-content\/uploads\/2023\/11\/led-channel-Wall-Series-ES-1848.webp","datePublished":"2023-11-27T08:30:45+00:00","dateModified":"2023-12-11T05:50:03+00:00","description":"Wall led tape light channel type 1848; the size is 18.3*48.6mm. This aluminum profile is a wall surface-mounted profile with a unique design.","breadcrumb":{"@id":"https:\/\/esledprofile.com\/product\/es-1848\/#breadcrumb"},"inLanguage":"pt-PT","potentialAction":[{"@type":"ReadAction","target":["https:\/\/esledprofile.com\/product\/es-1848\/"]}]},{"@type":"ImageObject","inLanguage":"pt-PT","@id":"https:\/\/esledprofile.com\/product\/es-1848\/#primaryimage","url":"https:\/\/esledprofile.com\/wp-content\/uploads\/2023\/11\/led-channel-Wall-Series-ES-1848.webp","contentUrl":"https:\/\/esledprofile.com\/wp-content\/uploads\/2023\/11\/led-channel-Wall-Series-ES-1848.webp","width":800,"height":800,"caption":"led channel Wall Series ES-1848"},{"@type":"BreadcrumbList","@id":"https:\/\/esledprofile.com\/product\/es-1848\/#breadcrumb","itemListElement":[{"@type":"ListItem","position":1,"name":"Home","item":"https:\/\/esledprofile.com\/"},{"@type":"ListItem","position":2,"name":"Product","item":"https:\/\/esledprofile.com\/product\/"},{"@type":"ListItem","position":3,"name":"ES-1848"}]},{"@type":"WebSite","@id":"https:\/\/esledprofile.com\/#website","url":"https:\/\/esledprofile.com\/","name":"PERFIL LED Fabricante","description":"","publisher":{"@id":"https:\/\/esledprofile.com\/#organization"},"potentialAction":[{"@type":"SearchAction","target":{"@type":"EntryPoint","urlTemplate":"https:\/\/esledprofile.com\/?s={search_term_string}"},"query-input":{"@type":"PropertyValueSpecification","valueRequired":true,"valueName":"search_term_string"}}],"inLanguage":"pt-PT"},{"@type":"Organization","@id":"https:\/\/esledprofile.com\/#organization","name":"PERFIL LED Fabricante","url":"https:\/\/esledprofile.com\/","logo":{"@type":"ImageObject","inLanguage":"pt-PT","@id":"https:\/\/esledprofile.com\/#\/schema\/logo\/image\/","url":"https:\/\/esledprofile.com\/wp-content\/uploads\/2023\/11\/logo1-removebg-preview.png","contentUrl":"https:\/\/esledprofile.com\/wp-content\/uploads\/2023\/11\/logo1-removebg-preview.png","width":350,"height":100,"caption":"LED PROFILE Manufacturer"},"image":{"@id":"https:\/\/esledprofile.com\/#\/schema\/logo\/image\/"}}]}},"_links":{"self":[{"href":"https:\/\/esledprofile.com\/pt\/wp-json\/wp\/v2\/product\/1120","targetHints":{"allow":["GET"]}}],"collection":[{"href":"https:\/\/esledprofile.com\/pt\/wp-json\/wp\/v2\/product"}],"about":[{"href":"https:\/\/esledprofile.com\/pt\/wp-json\/wp\/v2\/types\/product"}],"version-history":[{"count":0,"href":"https:\/\/esledprofile.com\/pt\/wp-json\/wp\/v2\/product\/1120\/revisions"}],"wp:featuredmedia":[{"embeddable":true,"href":"https:\/\/esledprofile.com\/pt\/wp-json\/wp\/v2\/media\/1122"}],"wp:attachment":[{"href":"https:\/\/esledprofile.com\/pt\/wp-json\/wp\/v2\/media?parent=1120"}],"wp:term":[{"taxonomy":"product_brand","embeddable":true,"href":"https:\/\/esledprofile.com\/pt\/wp-json\/wp\/v2\/product_brand?post=1120"},{"taxonomy":"product_cat","embeddable":true,"href":"https:\/\/esledprofile.com\/pt\/wp-json\/wp\/v2\/product_cat?post=1120"},{"taxonomy":"product_tag","embeddable":true,"href":"https:\/\/esledprofile.com\/pt\/wp-json\/wp\/v2\/product_tag?post=1120"}],"curies":[{"name":"wp","href":"https:\/\/api.w.org\/{rel}","templated":true}]}}