{"id":761,"date":"2023-11-17T06:38:20","date_gmt":"2023-11-17T06:38:20","guid":{"rendered":"https:\/\/esledprofile.com\/?post_type=product&#038;p=761"},"modified":"2023-12-06T07:26:15","modified_gmt":"2023-12-06T07:26:15","slug":"es-5035b","status":"publish","type":"product","link":"https:\/\/esledprofile.com\/pt\/produto\/es-5035b\/","title":{"rendered":"ES-5035B"},"content":{"rendered":"","protected":false},"excerpt":{"rendered":"<table width=\"288\">\n<tbody>\n<tr>\n<td width=\"143\">Material<\/td>\n<td width=\"145\">Alu 6063-T5<\/td>\n<\/tr>\n<tr>\n<td>Tratamento de superf\u00edcie<\/td>\n<td>Anodizado\/Pintado<\/td>\n<\/tr>\n<tr>\n<td>Material do difusor<\/td>\n<td>PC<\/td>\n<\/tr>\n<tr>\n<td>Candidatar-se a<\/td>\n<td>Aplica\u00e7\u00e3o em interiores<\/td>\n<\/tr>\n<tr>\n<td>MOQ<\/td>\n<td>100 metros\/item<\/td>\n<\/tr>\n<tr>\n<td>Garantia<\/td>\n<td>3 anos<\/td>\n<\/tr>\n<tr>\n<td>Certifica\u00e7\u00e3o<\/td>\n<td>CE, RoHS<\/td>\n<\/tr>\n<\/tbody>\n<\/table>\n<h4 class=\"elementor-heading-title elementor-size-default\"><span style=\"color: #cc0033;\">Caracter\u00edsticas do produto<\/span><\/h4>\n<p>Perfil de alum\u00ednio LED 5035B para encastrar com uma largura de 39 mm. \u00c9 um perfil de alum\u00ednio LED de montagem embutida. Que \u00e9 usado principalmente para ilumina\u00e7\u00e3o comercial ou industrial interior, embutido no teto do interior, pode ser usado como a ilumina\u00e7\u00e3o principal.<\/p>","protected":false},"featured_media":764,"template":"","meta":{"_kad_post_transparent":"default","_kad_post_title":"hide","_kad_post_layout":"fullwidth","_kad_post_sidebar_id":"","_kad_post_content_style":"unboxed","_kad_post_vertical_padding":"hide","_kad_post_feature":"hide","_kad_post_feature_position":"","_kad_post_header":false,"_kad_post_footer":false,"_kad_post_classname":""},"product_brand":[],"product_cat":[18,17],"product_tag":[82,90,80],"class_list":{"0":"post-761","1":"product","2":"type-product","3":"status-publish","4":"has-post-thumbnail","6":"product_cat-hot-sale-series","7":"product_cat-led-profile-light-series","8":"product_tag-aluminum-led-strip-channels","9":"product_tag-led-aluminum-profile","10":"product_tag-led-extrusions","12":"first","13":"instock","14":"shipping-taxable","15":"product-type-simple","16":"entry","17":"content-bg","18":"loop-entry"},"yoast_head":"<!-- This site is optimized with the Yoast SEO Premium plugin v24.7 (Yoast SEO v26.7) - https:\/\/yoast.com\/wordpress\/plugins\/seo\/ -->\n<title>Recessed LED Aluminum Profile ES-5035B - LED PROFILE Manufacturer<\/title>\n<meta name=\"description\" content=\"Recessed LED Aluminum Profile 5035B with a wide width of 39mm. It is a recessed-mounted aluminum profile. it can be used as the main lighting.\" \/>\n<meta name=\"robots\" content=\"index, follow, max-snippet:-1, max-image-preview:large, max-video-preview:-1\" \/>\n<link rel=\"canonical\" href=\"https:\/\/esledprofile.com\/pt\/produto\/es-5035b\/\" \/>\n<meta property=\"og:locale\" content=\"pt_PT\" \/>\n<meta property=\"og:type\" content=\"article\" \/>\n<meta property=\"og:title\" content=\"ES-5035B\" \/>\n<meta property=\"og:description\" content=\"Recessed LED Aluminum Profile 5035B with a wide width of 39mm. It is a recessed-mounted aluminum profile. it can be used as the main lighting.\" \/>\n<meta property=\"og:url\" content=\"https:\/\/esledprofile.com\/pt\/produto\/es-5035b\/\" \/>\n<meta property=\"og:site_name\" content=\"LED PROFILE Manufacturer\" \/>\n<meta property=\"article:modified_time\" content=\"2023-12-06T07:26:15+00:00\" \/>\n<meta property=\"og:image\" content=\"https:\/\/esledprofile.com\/wp-content\/uploads\/2023\/11\/Outdoor-LED-Aluminum-Extrusions-ES-5035B.webp\" \/>\n\t<meta property=\"og:image:width\" content=\"800\" \/>\n\t<meta property=\"og:image:height\" content=\"800\" \/>\n\t<meta property=\"og:image:type\" content=\"image\/webp\" \/>\n<meta name=\"twitter:card\" content=\"summary_large_image\" \/>\n<script type=\"application\/ld+json\" class=\"yoast-schema-graph\">{\"@context\":\"https:\/\/schema.org\",\"@graph\":[{\"@type\":\"WebPage\",\"@id\":\"https:\/\/esledprofile.com\/product\/es-5035b\/\",\"url\":\"https:\/\/esledprofile.com\/product\/es-5035b\/\",\"name\":\"Recessed LED Aluminum Profile ES-5035B - LED PROFILE Manufacturer\",\"isPartOf\":{\"@id\":\"https:\/\/esledprofile.com\/#website\"},\"primaryImageOfPage\":{\"@id\":\"https:\/\/esledprofile.com\/product\/es-5035b\/#primaryimage\"},\"image\":{\"@id\":\"https:\/\/esledprofile.com\/product\/es-5035b\/#primaryimage\"},\"thumbnailUrl\":\"https:\/\/esledprofile.com\/wp-content\/uploads\/2023\/11\/Outdoor-LED-Aluminum-Extrusions-ES-5035B.webp\",\"datePublished\":\"2023-11-17T06:38:20+00:00\",\"dateModified\":\"2023-12-06T07:26:15+00:00\",\"description\":\"Recessed LED Aluminum Profile 5035B with a wide width of 39mm. It is a recessed-mounted aluminum profile. it can be used as the main lighting.\",\"breadcrumb\":{\"@id\":\"https:\/\/esledprofile.com\/product\/es-5035b\/#breadcrumb\"},\"inLanguage\":\"pt-PT\",\"potentialAction\":[{\"@type\":\"ReadAction\",\"target\":[\"https:\/\/esledprofile.com\/product\/es-5035b\/\"]}]},{\"@type\":\"ImageObject\",\"inLanguage\":\"pt-PT\",\"@id\":\"https:\/\/esledprofile.com\/product\/es-5035b\/#primaryimage\",\"url\":\"https:\/\/esledprofile.com\/wp-content\/uploads\/2023\/11\/Outdoor-LED-Aluminum-Extrusions-ES-5035B.webp\",\"contentUrl\":\"https:\/\/esledprofile.com\/wp-content\/uploads\/2023\/11\/Outdoor-LED-Aluminum-Extrusions-ES-5035B.webp\",\"width\":800,\"height\":800,\"caption\":\"Outdoor LED Aluminum Extrusions ES-5035B\"},{\"@type\":\"BreadcrumbList\",\"@id\":\"https:\/\/esledprofile.com\/product\/es-5035b\/#breadcrumb\",\"itemListElement\":[{\"@type\":\"ListItem\",\"position\":1,\"name\":\"Home\",\"item\":\"https:\/\/esledprofile.com\/\"},{\"@type\":\"ListItem\",\"position\":2,\"name\":\"Product\",\"item\":\"https:\/\/esledprofile.com\/product\/\"},{\"@type\":\"ListItem\",\"position\":3,\"name\":\"ES-5035B\"}]},{\"@type\":\"WebSite\",\"@id\":\"https:\/\/esledprofile.com\/#website\",\"url\":\"https:\/\/esledprofile.com\/\",\"name\":\"LED PROFILE Manufacturer\",\"description\":\"\",\"publisher\":{\"@id\":\"https:\/\/esledprofile.com\/#organization\"},\"potentialAction\":[{\"@type\":\"SearchAction\",\"target\":{\"@type\":\"EntryPoint\",\"urlTemplate\":\"https:\/\/esledprofile.com\/?s={search_term_string}\"},\"query-input\":{\"@type\":\"PropertyValueSpecification\",\"valueRequired\":true,\"valueName\":\"search_term_string\"}}],\"inLanguage\":\"pt-PT\"},{\"@type\":\"Organization\",\"@id\":\"https:\/\/esledprofile.com\/#organization\",\"name\":\"LED PROFILE Manufacturer\",\"url\":\"https:\/\/esledprofile.com\/\",\"logo\":{\"@type\":\"ImageObject\",\"inLanguage\":\"pt-PT\",\"@id\":\"https:\/\/esledprofile.com\/#\/schema\/logo\/image\/\",\"url\":\"https:\/\/esledprofile.com\/wp-content\/uploads\/2023\/11\/logo1-removebg-preview.png\",\"contentUrl\":\"https:\/\/esledprofile.com\/wp-content\/uploads\/2023\/11\/logo1-removebg-preview.png\",\"width\":350,\"height\":100,\"caption\":\"LED PROFILE Manufacturer\"},\"image\":{\"@id\":\"https:\/\/esledprofile.com\/#\/schema\/logo\/image\/\"}}]}<\/script>\n<!-- \/ Yoast SEO Premium plugin. -->","yoast_head_json":{"title":"Recessed LED Aluminum Profile ES-5035B - LED PROFILE Manufacturer","description":"Recessed LED Aluminum Profile 5035B with a wide width of 39mm. It is a recessed-mounted aluminum profile. it can be used as the main lighting.","robots":{"index":"index","follow":"follow","max-snippet":"max-snippet:-1","max-image-preview":"max-image-preview:large","max-video-preview":"max-video-preview:-1"},"canonical":"https:\/\/esledprofile.com\/pt\/produto\/es-5035b\/","og_locale":"pt_PT","og_type":"article","og_title":"ES-5035B","og_description":"Recessed LED Aluminum Profile 5035B with a wide width of 39mm. It is a recessed-mounted aluminum profile. it can be used as the main lighting.","og_url":"https:\/\/esledprofile.com\/pt\/produto\/es-5035b\/","og_site_name":"LED PROFILE Manufacturer","article_modified_time":"2023-12-06T07:26:15+00:00","og_image":[{"width":800,"height":800,"url":"https:\/\/esledprofile.com\/wp-content\/uploads\/2023\/11\/Outdoor-LED-Aluminum-Extrusions-ES-5035B.webp","type":"image\/webp"}],"twitter_card":"summary_large_image","schema":{"@context":"https:\/\/schema.org","@graph":[{"@type":"WebPage","@id":"https:\/\/esledprofile.com\/product\/es-5035b\/","url":"https:\/\/esledprofile.com\/product\/es-5035b\/","name":"Recessed LED Aluminum Profile ES-5035B - LED PROFILE Manufacturer","isPartOf":{"@id":"https:\/\/esledprofile.com\/#website"},"primaryImageOfPage":{"@id":"https:\/\/esledprofile.com\/product\/es-5035b\/#primaryimage"},"image":{"@id":"https:\/\/esledprofile.com\/product\/es-5035b\/#primaryimage"},"thumbnailUrl":"https:\/\/esledprofile.com\/wp-content\/uploads\/2023\/11\/Outdoor-LED-Aluminum-Extrusions-ES-5035B.webp","datePublished":"2023-11-17T06:38:20+00:00","dateModified":"2023-12-06T07:26:15+00:00","description":"Recessed LED Aluminum Profile 5035B with a wide width of 39mm. It is a recessed-mounted aluminum profile. it can be used as the main lighting.","breadcrumb":{"@id":"https:\/\/esledprofile.com\/product\/es-5035b\/#breadcrumb"},"inLanguage":"pt-PT","potentialAction":[{"@type":"ReadAction","target":["https:\/\/esledprofile.com\/product\/es-5035b\/"]}]},{"@type":"ImageObject","inLanguage":"pt-PT","@id":"https:\/\/esledprofile.com\/product\/es-5035b\/#primaryimage","url":"https:\/\/esledprofile.com\/wp-content\/uploads\/2023\/11\/Outdoor-LED-Aluminum-Extrusions-ES-5035B.webp","contentUrl":"https:\/\/esledprofile.com\/wp-content\/uploads\/2023\/11\/Outdoor-LED-Aluminum-Extrusions-ES-5035B.webp","width":800,"height":800,"caption":"Outdoor LED Aluminum Extrusions ES-5035B"},{"@type":"BreadcrumbList","@id":"https:\/\/esledprofile.com\/product\/es-5035b\/#breadcrumb","itemListElement":[{"@type":"ListItem","position":1,"name":"Home","item":"https:\/\/esledprofile.com\/"},{"@type":"ListItem","position":2,"name":"Product","item":"https:\/\/esledprofile.com\/product\/"},{"@type":"ListItem","position":3,"name":"ES-5035B"}]},{"@type":"WebSite","@id":"https:\/\/esledprofile.com\/#website","url":"https:\/\/esledprofile.com\/","name":"PERFIL LED Fabricante","description":"","publisher":{"@id":"https:\/\/esledprofile.com\/#organization"},"potentialAction":[{"@type":"SearchAction","target":{"@type":"EntryPoint","urlTemplate":"https:\/\/esledprofile.com\/?s={search_term_string}"},"query-input":{"@type":"PropertyValueSpecification","valueRequired":true,"valueName":"search_term_string"}}],"inLanguage":"pt-PT"},{"@type":"Organization","@id":"https:\/\/esledprofile.com\/#organization","name":"PERFIL LED Fabricante","url":"https:\/\/esledprofile.com\/","logo":{"@type":"ImageObject","inLanguage":"pt-PT","@id":"https:\/\/esledprofile.com\/#\/schema\/logo\/image\/","url":"https:\/\/esledprofile.com\/wp-content\/uploads\/2023\/11\/logo1-removebg-preview.png","contentUrl":"https:\/\/esledprofile.com\/wp-content\/uploads\/2023\/11\/logo1-removebg-preview.png","width":350,"height":100,"caption":"LED PROFILE Manufacturer"},"image":{"@id":"https:\/\/esledprofile.com\/#\/schema\/logo\/image\/"}}]}},"_links":{"self":[{"href":"https:\/\/esledprofile.com\/pt\/wp-json\/wp\/v2\/product\/761","targetHints":{"allow":["GET"]}}],"collection":[{"href":"https:\/\/esledprofile.com\/pt\/wp-json\/wp\/v2\/product"}],"about":[{"href":"https:\/\/esledprofile.com\/pt\/wp-json\/wp\/v2\/types\/product"}],"version-history":[{"count":0,"href":"https:\/\/esledprofile.com\/pt\/wp-json\/wp\/v2\/product\/761\/revisions"}],"wp:featuredmedia":[{"embeddable":true,"href":"https:\/\/esledprofile.com\/pt\/wp-json\/wp\/v2\/media\/764"}],"wp:attachment":[{"href":"https:\/\/esledprofile.com\/pt\/wp-json\/wp\/v2\/media?parent=761"}],"wp:term":[{"taxonomy":"product_brand","embeddable":true,"href":"https:\/\/esledprofile.com\/pt\/wp-json\/wp\/v2\/product_brand?post=761"},{"taxonomy":"product_cat","embeddable":true,"href":"https:\/\/esledprofile.com\/pt\/wp-json\/wp\/v2\/product_cat?post=761"},{"taxonomy":"product_tag","embeddable":true,"href":"https:\/\/esledprofile.com\/pt\/wp-json\/wp\/v2\/product_tag?post=761"}],"curies":[{"name":"wp","href":"https:\/\/api.w.org\/{rel}","templated":true}]}}