{"id":770,"date":"2023-11-24T09:34:44","date_gmt":"2023-11-24T09:34:44","guid":{"rendered":"https:\/\/esledprofile.com\/?post_type=product&#038;p=770"},"modified":"2023-12-06T07:34:04","modified_gmt":"2023-12-06T07:34:04","slug":"es-0809","status":"publish","type":"product","link":"https:\/\/esledprofile.com\/pt\/produto\/es-0809\/","title":{"rendered":"ES-0809"},"content":{"rendered":"","protected":false},"excerpt":{"rendered":"<table width=\"288\">\n<tbody>\n<tr>\n<td width=\"143\">Material<\/td>\n<td width=\"145\">Alu 6063-T5<\/td>\n<\/tr>\n<tr>\n<td>Tratamento de superf\u00edcie<\/td>\n<td>Anodizado\/Pintado<\/td>\n<\/tr>\n<tr>\n<td>Material do difusor<\/td>\n<td>PC<\/td>\n<\/tr>\n<tr>\n<td>Candidatar-se a<\/td>\n<td>Aplica\u00e7\u00e3o em interiores<\/td>\n<\/tr>\n<tr>\n<td>MOQ<\/td>\n<td>100 metros\/item<\/td>\n<\/tr>\n<tr>\n<td>Garantia<\/td>\n<td>3 anos<\/td>\n<\/tr>\n<tr>\n<td>Certifica\u00e7\u00e3o<\/td>\n<td>CE,RoHS<\/td>\n<\/tr>\n<\/tbody>\n<\/table>\n<h4 class=\"elementor-heading-title elementor-size-default\"><span style=\"color: #cc0033;\">Caracter\u00edsticas do produto<\/span><\/h4>\n<p>O tamanho do Mini Perfil LED 0809 \u00e9 7.6*9mm. Este \u00e9 um perfil de LED muito pequeno, chamado de modelo MINI. Apenas tiras de luz muito estreitas podem ser instaladas no interior, tais como tiras de luz LED de 3mm, 4mm e 5mm. \u00c9 mais adequado para instala\u00e7\u00e3o em locais estreitos especiais para ilumina\u00e7\u00e3o auxiliar.<\/p>","protected":false},"featured_media":771,"template":"","meta":{"_kad_post_transparent":"default","_kad_post_title":"hide","_kad_post_layout":"fullwidth","_kad_post_sidebar_id":"","_kad_post_content_style":"unboxed","_kad_post_vertical_padding":"hide","_kad_post_feature":"hide","_kad_post_feature_position":"","_kad_post_header":false,"_kad_post_footer":false,"_kad_post_classname":""},"product_brand":[],"product_cat":[17,19],"product_tag":[75,97,98],"class_list":{"0":"post-770","1":"product","2":"type-product","3":"status-publish","4":"has-post-thumbnail","6":"product_cat-led-profile-light-series","7":"product_cat-mini-series","8":"product_tag-mini-led-aluminum-profile","9":"product_tag-mini-led-profiles","10":"product_tag-mini-led-strip-profiles","12":"first","13":"instock","14":"shipping-taxable","15":"product-type-simple","16":"entry","17":"content-bg","18":"loop-entry"},"yoast_head":"<!-- This site is optimized with the Yoast SEO Premium plugin v24.7 (Yoast SEO v26.7) - https:\/\/yoast.com\/wordpress\/plugins\/seo\/ -->\n<title>Mini LED profiles ES-0809 - LED PROFILE Manufacturer<\/title>\n<meta name=\"description\" content=\"Mini LED profiles 0809 size is 7.6*9mm. This is a very small LED profile, called the MINI model. for installation in special narrow places.\" \/>\n<meta name=\"robots\" content=\"index, follow, max-snippet:-1, max-image-preview:large, max-video-preview:-1\" \/>\n<link rel=\"canonical\" href=\"https:\/\/esledprofile.com\/pt\/produto\/es-0809\/\" \/>\n<meta property=\"og:locale\" content=\"pt_PT\" \/>\n<meta property=\"og:type\" content=\"article\" \/>\n<meta property=\"og:title\" content=\"ES-0809\" \/>\n<meta property=\"og:description\" content=\"Mini LED profiles 0809 size is 7.6*9mm. This is a very small LED profile, called the MINI model. for installation in special narrow places.\" \/>\n<meta property=\"og:url\" content=\"https:\/\/esledprofile.com\/pt\/produto\/es-0809\/\" \/>\n<meta property=\"og:site_name\" content=\"LED PROFILE Manufacturer\" \/>\n<meta property=\"article:modified_time\" content=\"2023-12-06T07:34:04+00:00\" \/>\n<meta property=\"og:image\" content=\"https:\/\/esledprofile.com\/wp-content\/uploads\/2023\/11\/Led-Light-Profile-Mini-ES-0809.webp\" \/>\n\t<meta property=\"og:image:width\" content=\"800\" \/>\n\t<meta property=\"og:image:height\" content=\"800\" \/>\n\t<meta property=\"og:image:type\" content=\"image\/webp\" \/>\n<meta name=\"twitter:card\" content=\"summary_large_image\" \/>\n<script type=\"application\/ld+json\" class=\"yoast-schema-graph\">{\"@context\":\"https:\/\/schema.org\",\"@graph\":[{\"@type\":\"WebPage\",\"@id\":\"https:\/\/esledprofile.com\/product\/es-0809\/\",\"url\":\"https:\/\/esledprofile.com\/product\/es-0809\/\",\"name\":\"Mini LED profiles ES-0809 - LED PROFILE Manufacturer\",\"isPartOf\":{\"@id\":\"https:\/\/esledprofile.com\/#website\"},\"primaryImageOfPage\":{\"@id\":\"https:\/\/esledprofile.com\/product\/es-0809\/#primaryimage\"},\"image\":{\"@id\":\"https:\/\/esledprofile.com\/product\/es-0809\/#primaryimage\"},\"thumbnailUrl\":\"https:\/\/esledprofile.com\/wp-content\/uploads\/2023\/11\/Led-Light-Profile-Mini-ES-0809.webp\",\"datePublished\":\"2023-11-24T09:34:44+00:00\",\"dateModified\":\"2023-12-06T07:34:04+00:00\",\"description\":\"Mini LED profiles 0809 size is 7.6*9mm. This is a very small LED profile, called the MINI model. for installation in special narrow places.\",\"breadcrumb\":{\"@id\":\"https:\/\/esledprofile.com\/product\/es-0809\/#breadcrumb\"},\"inLanguage\":\"pt-PT\",\"potentialAction\":[{\"@type\":\"ReadAction\",\"target\":[\"https:\/\/esledprofile.com\/product\/es-0809\/\"]}]},{\"@type\":\"ImageObject\",\"inLanguage\":\"pt-PT\",\"@id\":\"https:\/\/esledprofile.com\/product\/es-0809\/#primaryimage\",\"url\":\"https:\/\/esledprofile.com\/wp-content\/uploads\/2023\/11\/Led-Light-Profile-Mini-ES-0809.webp\",\"contentUrl\":\"https:\/\/esledprofile.com\/wp-content\/uploads\/2023\/11\/Led-Light-Profile-Mini-ES-0809.webp\",\"width\":800,\"height\":800,\"caption\":\"Led Light Profile Mini ES-0809\"},{\"@type\":\"BreadcrumbList\",\"@id\":\"https:\/\/esledprofile.com\/product\/es-0809\/#breadcrumb\",\"itemListElement\":[{\"@type\":\"ListItem\",\"position\":1,\"name\":\"Home\",\"item\":\"https:\/\/esledprofile.com\/\"},{\"@type\":\"ListItem\",\"position\":2,\"name\":\"Product\",\"item\":\"https:\/\/esledprofile.com\/product\/\"},{\"@type\":\"ListItem\",\"position\":3,\"name\":\"ES-0809\"}]},{\"@type\":\"WebSite\",\"@id\":\"https:\/\/esledprofile.com\/#website\",\"url\":\"https:\/\/esledprofile.com\/\",\"name\":\"LED PROFILE Manufacturer\",\"description\":\"\",\"publisher\":{\"@id\":\"https:\/\/esledprofile.com\/#organization\"},\"potentialAction\":[{\"@type\":\"SearchAction\",\"target\":{\"@type\":\"EntryPoint\",\"urlTemplate\":\"https:\/\/esledprofile.com\/?s={search_term_string}\"},\"query-input\":{\"@type\":\"PropertyValueSpecification\",\"valueRequired\":true,\"valueName\":\"search_term_string\"}}],\"inLanguage\":\"pt-PT\"},{\"@type\":\"Organization\",\"@id\":\"https:\/\/esledprofile.com\/#organization\",\"name\":\"LED PROFILE Manufacturer\",\"url\":\"https:\/\/esledprofile.com\/\",\"logo\":{\"@type\":\"ImageObject\",\"inLanguage\":\"pt-PT\",\"@id\":\"https:\/\/esledprofile.com\/#\/schema\/logo\/image\/\",\"url\":\"https:\/\/esledprofile.com\/wp-content\/uploads\/2023\/11\/logo1-removebg-preview.png\",\"contentUrl\":\"https:\/\/esledprofile.com\/wp-content\/uploads\/2023\/11\/logo1-removebg-preview.png\",\"width\":350,\"height\":100,\"caption\":\"LED PROFILE Manufacturer\"},\"image\":{\"@id\":\"https:\/\/esledprofile.com\/#\/schema\/logo\/image\/\"}}]}<\/script>\n<!-- \/ Yoast SEO Premium plugin. -->","yoast_head_json":{"title":"Mini LED profiles ES-0809 - LED PROFILE Manufacturer","description":"O tamanho do Mini Perfil LED 0809 \u00e9 7.6*9mm. Este \u00e9 um perfil LED muito pequeno, denominado modelo MINI, para instala\u00e7\u00e3o em locais estreitos especiais.","robots":{"index":"index","follow":"follow","max-snippet":"max-snippet:-1","max-image-preview":"max-image-preview:large","max-video-preview":"max-video-preview:-1"},"canonical":"https:\/\/esledprofile.com\/pt\/produto\/es-0809\/","og_locale":"pt_PT","og_type":"article","og_title":"ES-0809","og_description":"Mini LED profiles 0809 size is 7.6*9mm. This is a very small LED profile, called the MINI model. for installation in special narrow places.","og_url":"https:\/\/esledprofile.com\/pt\/produto\/es-0809\/","og_site_name":"LED PROFILE Manufacturer","article_modified_time":"2023-12-06T07:34:04+00:00","og_image":[{"width":800,"height":800,"url":"https:\/\/esledprofile.com\/wp-content\/uploads\/2023\/11\/Led-Light-Profile-Mini-ES-0809.webp","type":"image\/webp"}],"twitter_card":"summary_large_image","schema":{"@context":"https:\/\/schema.org","@graph":[{"@type":"WebPage","@id":"https:\/\/esledprofile.com\/product\/es-0809\/","url":"https:\/\/esledprofile.com\/product\/es-0809\/","name":"Mini LED profiles ES-0809 - LED PROFILE Manufacturer","isPartOf":{"@id":"https:\/\/esledprofile.com\/#website"},"primaryImageOfPage":{"@id":"https:\/\/esledprofile.com\/product\/es-0809\/#primaryimage"},"image":{"@id":"https:\/\/esledprofile.com\/product\/es-0809\/#primaryimage"},"thumbnailUrl":"https:\/\/esledprofile.com\/wp-content\/uploads\/2023\/11\/Led-Light-Profile-Mini-ES-0809.webp","datePublished":"2023-11-24T09:34:44+00:00","dateModified":"2023-12-06T07:34:04+00:00","description":"O tamanho do Mini Perfil LED 0809 \u00e9 7.6*9mm. Este \u00e9 um perfil LED muito pequeno, denominado modelo MINI, para instala\u00e7\u00e3o em locais estreitos especiais.","breadcrumb":{"@id":"https:\/\/esledprofile.com\/product\/es-0809\/#breadcrumb"},"inLanguage":"pt-PT","potentialAction":[{"@type":"ReadAction","target":["https:\/\/esledprofile.com\/product\/es-0809\/"]}]},{"@type":"ImageObject","inLanguage":"pt-PT","@id":"https:\/\/esledprofile.com\/product\/es-0809\/#primaryimage","url":"https:\/\/esledprofile.com\/wp-content\/uploads\/2023\/11\/Led-Light-Profile-Mini-ES-0809.webp","contentUrl":"https:\/\/esledprofile.com\/wp-content\/uploads\/2023\/11\/Led-Light-Profile-Mini-ES-0809.webp","width":800,"height":800,"caption":"Led Light Profile Mini ES-0809"},{"@type":"BreadcrumbList","@id":"https:\/\/esledprofile.com\/product\/es-0809\/#breadcrumb","itemListElement":[{"@type":"ListItem","position":1,"name":"Home","item":"https:\/\/esledprofile.com\/"},{"@type":"ListItem","position":2,"name":"Product","item":"https:\/\/esledprofile.com\/product\/"},{"@type":"ListItem","position":3,"name":"ES-0809"}]},{"@type":"WebSite","@id":"https:\/\/esledprofile.com\/#website","url":"https:\/\/esledprofile.com\/","name":"PERFIL LED Fabricante","description":"","publisher":{"@id":"https:\/\/esledprofile.com\/#organization"},"potentialAction":[{"@type":"SearchAction","target":{"@type":"EntryPoint","urlTemplate":"https:\/\/esledprofile.com\/?s={search_term_string}"},"query-input":{"@type":"PropertyValueSpecification","valueRequired":true,"valueName":"search_term_string"}}],"inLanguage":"pt-PT"},{"@type":"Organization","@id":"https:\/\/esledprofile.com\/#organization","name":"PERFIL LED Fabricante","url":"https:\/\/esledprofile.com\/","logo":{"@type":"ImageObject","inLanguage":"pt-PT","@id":"https:\/\/esledprofile.com\/#\/schema\/logo\/image\/","url":"https:\/\/esledprofile.com\/wp-content\/uploads\/2023\/11\/logo1-removebg-preview.png","contentUrl":"https:\/\/esledprofile.com\/wp-content\/uploads\/2023\/11\/logo1-removebg-preview.png","width":350,"height":100,"caption":"LED PROFILE Manufacturer"},"image":{"@id":"https:\/\/esledprofile.com\/#\/schema\/logo\/image\/"}}]}},"_links":{"self":[{"href":"https:\/\/esledprofile.com\/pt\/wp-json\/wp\/v2\/product\/770","targetHints":{"allow":["GET"]}}],"collection":[{"href":"https:\/\/esledprofile.com\/pt\/wp-json\/wp\/v2\/product"}],"about":[{"href":"https:\/\/esledprofile.com\/pt\/wp-json\/wp\/v2\/types\/product"}],"version-history":[{"count":0,"href":"https:\/\/esledprofile.com\/pt\/wp-json\/wp\/v2\/product\/770\/revisions"}],"wp:featuredmedia":[{"embeddable":true,"href":"https:\/\/esledprofile.com\/pt\/wp-json\/wp\/v2\/media\/771"}],"wp:attachment":[{"href":"https:\/\/esledprofile.com\/pt\/wp-json\/wp\/v2\/media?parent=770"}],"wp:term":[{"taxonomy":"product_brand","embeddable":true,"href":"https:\/\/esledprofile.com\/pt\/wp-json\/wp\/v2\/product_brand?post=770"},{"taxonomy":"product_cat","embeddable":true,"href":"https:\/\/esledprofile.com\/pt\/wp-json\/wp\/v2\/product_cat?post=770"},{"taxonomy":"product_tag","embeddable":true,"href":"https:\/\/esledprofile.com\/pt\/wp-json\/wp\/v2\/product_tag?post=770"}],"curies":[{"name":"wp","href":"https:\/\/api.w.org\/{rel}","templated":true}]}}