{"id":820,"date":"2023-11-24T14:16:16","date_gmt":"2023-11-24T14:16:16","guid":{"rendered":"https:\/\/esledprofile.com\/?post_type=product&#038;p=820"},"modified":"2023-12-06T10:43:47","modified_gmt":"2023-12-06T10:43:47","slug":"es-1107","status":"publish","type":"product","link":"https:\/\/esledprofile.com\/pt\/produto\/es-1107\/","title":{"rendered":"ES-1107"},"content":{"rendered":"","protected":false},"excerpt":{"rendered":"<table width=\"288\">\n<tbody>\n<tr>\n<td width=\"143\">Material<\/td>\n<td width=\"145\">Alu 6063-T5<\/td>\n<\/tr>\n<tr>\n<td>Tratamento de superf\u00edcie<\/td>\n<td>Anodizado\/Pintado<\/td>\n<\/tr>\n<tr>\n<td>Material do difusor<\/td>\n<td>PC<\/td>\n<\/tr>\n<tr>\n<td>Candidatar-se a<\/td>\n<td>Aplica\u00e7\u00e3o em interiores<\/td>\n<\/tr>\n<tr>\n<td>MOQ<\/td>\n<td>100 metros\/item<\/td>\n<\/tr>\n<tr>\n<td>Garantia<\/td>\n<td>3 anos<\/td>\n<\/tr>\n<tr>\n<td>Certifica\u00e7\u00e3o<\/td>\n<td>CE,RoHS<\/td>\n<\/tr>\n<\/tbody>\n<\/table>\n<h4 class=\"elementor-heading-title elementor-size-default\"><span style=\"color: #cc0033;\">Caracter\u00edsticas do produto<\/span><\/h4>\n<p>Mini Perfil de Extrus\u00e3o de Fita LED 1107, cujo tamanho \u00e9 12*6.8mm, \u00e9 um perfil MINI montado na superf\u00edcie e ser\u00e1 instalado no teto. Estes perfis de fita LED n\u00e3o s\u00e3o apenas um excelente alojamento para as luzes de fita LED, mas tamb\u00e9m actuam como um dissipador de calor para eles, mantendo a ilumina\u00e7\u00e3o uniforme.<\/p>","protected":false},"featured_media":822,"template":"","meta":{"_kad_post_transparent":"default","_kad_post_title":"hide","_kad_post_layout":"fullwidth","_kad_post_sidebar_id":"","_kad_post_content_style":"unboxed","_kad_post_vertical_padding":"hide","_kad_post_feature":"hide","_kad_post_feature_position":"","_kad_post_header":false,"_kad_post_footer":false,"_kad_post_classname":""},"product_brand":[],"product_cat":[17,19],"product_tag":[100,97,98],"class_list":{"0":"post-820","1":"product","2":"type-product","3":"status-publish","4":"has-post-thumbnail","6":"product_cat-led-profile-light-series","7":"product_cat-mini-series","8":"product_tag-mini-led-aluminum-channel","9":"product_tag-mini-led-profiles","10":"product_tag-mini-led-strip-profiles","12":"first","13":"instock","14":"shipping-taxable","15":"product-type-simple","16":"entry","17":"content-bg","18":"loop-entry"},"yoast_head":"<!-- This site is optimized with the Yoast SEO Premium plugin v24.7 (Yoast SEO v27.4) - https:\/\/yoast.com\/product\/yoast-seo-premium-wordpress\/ -->\n<title>Mini Strip Extrusion Profiles ES-1107 - LED PROFILE Manufacturer<\/title>\n<meta name=\"description\" content=\"Mini Strip Extrusion Profiles 1107, which size is 12*6.8mm, is a surface-mounted MINI profile and will be installed in the ceiling.\" \/>\n<meta name=\"robots\" content=\"index, follow, max-snippet:-1, max-image-preview:large, max-video-preview:-1\" \/>\n<link rel=\"canonical\" href=\"https:\/\/esledprofile.com\/pt\/produto\/es-1107\/\" \/>\n<meta property=\"og:locale\" content=\"pt_PT\" \/>\n<meta property=\"og:type\" content=\"article\" \/>\n<meta property=\"og:title\" content=\"ES-1107\" \/>\n<meta property=\"og:description\" content=\"Mini Strip Extrusion Profiles 1107, which size is 12*6.8mm, is a surface-mounted MINI profile and will be installed in the ceiling.\" \/>\n<meta property=\"og:url\" content=\"https:\/\/esledprofile.com\/pt\/produto\/es-1107\/\" \/>\n<meta property=\"og:site_name\" content=\"LED PROFILE Manufacturer\" \/>\n<meta property=\"article:modified_time\" content=\"2023-12-06T10:43:47+00:00\" \/>\n<meta property=\"og:image\" content=\"https:\/\/esledprofile.com\/wp-content\/uploads\/2023\/11\/LED-profiles-for-flexible-LED-strips-ES-1107.webp\" \/>\n\t<meta property=\"og:image:width\" content=\"800\" \/>\n\t<meta property=\"og:image:height\" content=\"800\" \/>\n\t<meta property=\"og:image:type\" content=\"image\/webp\" \/>\n<meta name=\"twitter:card\" content=\"summary_large_image\" \/>\n<script type=\"application\/ld+json\" class=\"yoast-schema-graph\">{\"@context\":\"https:\\\/\\\/schema.org\",\"@graph\":[{\"@type\":\"WebPage\",\"@id\":\"https:\\\/\\\/esledprofile.com\\\/product\\\/es-1107\\\/\",\"url\":\"https:\\\/\\\/esledprofile.com\\\/product\\\/es-1107\\\/\",\"name\":\"Mini Strip Extrusion Profiles ES-1107 - LED PROFILE Manufacturer\",\"isPartOf\":{\"@id\":\"https:\\\/\\\/esledprofile.com\\\/#website\"},\"primaryImageOfPage\":{\"@id\":\"https:\\\/\\\/esledprofile.com\\\/product\\\/es-1107\\\/#primaryimage\"},\"image\":{\"@id\":\"https:\\\/\\\/esledprofile.com\\\/product\\\/es-1107\\\/#primaryimage\"},\"thumbnailUrl\":\"https:\\\/\\\/esledprofile.com\\\/wp-content\\\/uploads\\\/2023\\\/11\\\/LED-profiles-for-flexible-LED-strips-ES-1107.webp\",\"datePublished\":\"2023-11-24T14:16:16+00:00\",\"dateModified\":\"2023-12-06T10:43:47+00:00\",\"description\":\"Mini Strip Extrusion Profiles 1107, which size is 12*6.8mm, is a surface-mounted MINI profile and will be installed in the ceiling.\",\"breadcrumb\":{\"@id\":\"https:\\\/\\\/esledprofile.com\\\/product\\\/es-1107\\\/#breadcrumb\"},\"inLanguage\":\"pt-PT\",\"potentialAction\":[{\"@type\":\"ReadAction\",\"target\":[\"https:\\\/\\\/esledprofile.com\\\/product\\\/es-1107\\\/\"]}]},{\"@type\":\"ImageObject\",\"inLanguage\":\"pt-PT\",\"@id\":\"https:\\\/\\\/esledprofile.com\\\/product\\\/es-1107\\\/#primaryimage\",\"url\":\"https:\\\/\\\/esledprofile.com\\\/wp-content\\\/uploads\\\/2023\\\/11\\\/LED-profiles-for-flexible-LED-strips-ES-1107.webp\",\"contentUrl\":\"https:\\\/\\\/esledprofile.com\\\/wp-content\\\/uploads\\\/2023\\\/11\\\/LED-profiles-for-flexible-LED-strips-ES-1107.webp\",\"width\":800,\"height\":800,\"caption\":\"LED profiles for flexible LED strips ES-1107\"},{\"@type\":\"BreadcrumbList\",\"@id\":\"https:\\\/\\\/esledprofile.com\\\/product\\\/es-1107\\\/#breadcrumb\",\"itemListElement\":[{\"@type\":\"ListItem\",\"position\":1,\"name\":\"Home\",\"item\":\"https:\\\/\\\/esledprofile.com\\\/\"},{\"@type\":\"ListItem\",\"position\":2,\"name\":\"Product\",\"item\":\"https:\\\/\\\/esledprofile.com\\\/product\\\/\"},{\"@type\":\"ListItem\",\"position\":3,\"name\":\"ES-1107\"}]},{\"@type\":\"WebSite\",\"@id\":\"https:\\\/\\\/esledprofile.com\\\/#website\",\"url\":\"https:\\\/\\\/esledprofile.com\\\/\",\"name\":\"LED PROFILE Manufacturer\",\"description\":\"\",\"publisher\":{\"@id\":\"https:\\\/\\\/esledprofile.com\\\/#organization\"},\"potentialAction\":[{\"@type\":\"SearchAction\",\"target\":{\"@type\":\"EntryPoint\",\"urlTemplate\":\"https:\\\/\\\/esledprofile.com\\\/?s={search_term_string}\"},\"query-input\":{\"@type\":\"PropertyValueSpecification\",\"valueRequired\":true,\"valueName\":\"search_term_string\"}}],\"inLanguage\":\"pt-PT\"},{\"@type\":\"Organization\",\"@id\":\"https:\\\/\\\/esledprofile.com\\\/#organization\",\"name\":\"LED PROFILE Manufacturer\",\"url\":\"https:\\\/\\\/esledprofile.com\\\/\",\"logo\":{\"@type\":\"ImageObject\",\"inLanguage\":\"pt-PT\",\"@id\":\"https:\\\/\\\/esledprofile.com\\\/#\\\/schema\\\/logo\\\/image\\\/\",\"url\":\"https:\\\/\\\/esledprofile.com\\\/wp-content\\\/uploads\\\/2023\\\/11\\\/logo1-removebg-preview.png\",\"contentUrl\":\"https:\\\/\\\/esledprofile.com\\\/wp-content\\\/uploads\\\/2023\\\/11\\\/logo1-removebg-preview.png\",\"width\":350,\"height\":100,\"caption\":\"LED PROFILE Manufacturer\"},\"image\":{\"@id\":\"https:\\\/\\\/esledprofile.com\\\/#\\\/schema\\\/logo\\\/image\\\/\"}}]}<\/script>\n<!-- \/ Yoast SEO Premium plugin. -->","yoast_head_json":{"title":"Mini Strip Extrusion Profiles ES-1107 - LED PROFILE Manufacturer","description":"Mini Strip Extrusion Profiles 1107, cujo tamanho \u00e9 12 * 6,8 mm, \u00e9 um perfil MINI montado na superf\u00edcie e ser\u00e1 instalado no teto.","robots":{"index":"index","follow":"follow","max-snippet":"max-snippet:-1","max-image-preview":"max-image-preview:large","max-video-preview":"max-video-preview:-1"},"canonical":"https:\/\/esledprofile.com\/pt\/produto\/es-1107\/","og_locale":"pt_PT","og_type":"article","og_title":"ES-1107","og_description":"Mini Strip Extrusion Profiles 1107, which size is 12*6.8mm, is a surface-mounted MINI profile and will be installed in the ceiling.","og_url":"https:\/\/esledprofile.com\/pt\/produto\/es-1107\/","og_site_name":"LED PROFILE Manufacturer","article_modified_time":"2023-12-06T10:43:47+00:00","og_image":[{"width":800,"height":800,"url":"https:\/\/esledprofile.com\/wp-content\/uploads\/2023\/11\/LED-profiles-for-flexible-LED-strips-ES-1107.webp","type":"image\/webp"}],"twitter_card":"summary_large_image","schema":{"@context":"https:\/\/schema.org","@graph":[{"@type":"WebPage","@id":"https:\/\/esledprofile.com\/product\/es-1107\/","url":"https:\/\/esledprofile.com\/product\/es-1107\/","name":"Mini Strip Extrusion Profiles ES-1107 - LED PROFILE Manufacturer","isPartOf":{"@id":"https:\/\/esledprofile.com\/#website"},"primaryImageOfPage":{"@id":"https:\/\/esledprofile.com\/product\/es-1107\/#primaryimage"},"image":{"@id":"https:\/\/esledprofile.com\/product\/es-1107\/#primaryimage"},"thumbnailUrl":"https:\/\/esledprofile.com\/wp-content\/uploads\/2023\/11\/LED-profiles-for-flexible-LED-strips-ES-1107.webp","datePublished":"2023-11-24T14:16:16+00:00","dateModified":"2023-12-06T10:43:47+00:00","description":"Mini Strip Extrusion Profiles 1107, cujo tamanho \u00e9 12 * 6,8 mm, \u00e9 um perfil MINI montado na superf\u00edcie e ser\u00e1 instalado no teto.","breadcrumb":{"@id":"https:\/\/esledprofile.com\/product\/es-1107\/#breadcrumb"},"inLanguage":"pt-PT","potentialAction":[{"@type":"ReadAction","target":["https:\/\/esledprofile.com\/product\/es-1107\/"]}]},{"@type":"ImageObject","inLanguage":"pt-PT","@id":"https:\/\/esledprofile.com\/product\/es-1107\/#primaryimage","url":"https:\/\/esledprofile.com\/wp-content\/uploads\/2023\/11\/LED-profiles-for-flexible-LED-strips-ES-1107.webp","contentUrl":"https:\/\/esledprofile.com\/wp-content\/uploads\/2023\/11\/LED-profiles-for-flexible-LED-strips-ES-1107.webp","width":800,"height":800,"caption":"LED profiles for flexible LED strips ES-1107"},{"@type":"BreadcrumbList","@id":"https:\/\/esledprofile.com\/product\/es-1107\/#breadcrumb","itemListElement":[{"@type":"ListItem","position":1,"name":"Home","item":"https:\/\/esledprofile.com\/"},{"@type":"ListItem","position":2,"name":"Product","item":"https:\/\/esledprofile.com\/product\/"},{"@type":"ListItem","position":3,"name":"ES-1107"}]},{"@type":"WebSite","@id":"https:\/\/esledprofile.com\/#website","url":"https:\/\/esledprofile.com\/","name":"PERFIL LED Fabricante","description":"","publisher":{"@id":"https:\/\/esledprofile.com\/#organization"},"potentialAction":[{"@type":"SearchAction","target":{"@type":"EntryPoint","urlTemplate":"https:\/\/esledprofile.com\/?s={search_term_string}"},"query-input":{"@type":"PropertyValueSpecification","valueRequired":true,"valueName":"search_term_string"}}],"inLanguage":"pt-PT"},{"@type":"Organization","@id":"https:\/\/esledprofile.com\/#organization","name":"PERFIL LED Fabricante","url":"https:\/\/esledprofile.com\/","logo":{"@type":"ImageObject","inLanguage":"pt-PT","@id":"https:\/\/esledprofile.com\/#\/schema\/logo\/image\/","url":"https:\/\/esledprofile.com\/wp-content\/uploads\/2023\/11\/logo1-removebg-preview.png","contentUrl":"https:\/\/esledprofile.com\/wp-content\/uploads\/2023\/11\/logo1-removebg-preview.png","width":350,"height":100,"caption":"LED PROFILE Manufacturer"},"image":{"@id":"https:\/\/esledprofile.com\/#\/schema\/logo\/image\/"}}]}},"_links":{"self":[{"href":"https:\/\/esledprofile.com\/pt\/wp-json\/wp\/v2\/product\/820","targetHints":{"allow":["GET"]}}],"collection":[{"href":"https:\/\/esledprofile.com\/pt\/wp-json\/wp\/v2\/product"}],"about":[{"href":"https:\/\/esledprofile.com\/pt\/wp-json\/wp\/v2\/types\/product"}],"version-history":[{"count":0,"href":"https:\/\/esledprofile.com\/pt\/wp-json\/wp\/v2\/product\/820\/revisions"}],"wp:featuredmedia":[{"embeddable":true,"href":"https:\/\/esledprofile.com\/pt\/wp-json\/wp\/v2\/media\/822"}],"wp:attachment":[{"href":"https:\/\/esledprofile.com\/pt\/wp-json\/wp\/v2\/media?parent=820"}],"wp:term":[{"taxonomy":"product_brand","embeddable":true,"href":"https:\/\/esledprofile.com\/pt\/wp-json\/wp\/v2\/product_brand?post=820"},{"taxonomy":"product_cat","embeddable":true,"href":"https:\/\/esledprofile.com\/pt\/wp-json\/wp\/v2\/product_cat?post=820"},{"taxonomy":"product_tag","embeddable":true,"href":"https:\/\/esledprofile.com\/pt\/wp-json\/wp\/v2\/product_tag?post=820"}],"curies":[{"name":"wp","href":"https:\/\/api.w.org\/{rel}","templated":true}]}}