{"id":34,"date":"2023-11-06T02:12:35","date_gmt":"2023-11-06T02:12:35","guid":{"rendered":"https:\/\/esledprofile.com\/?page_id=34"},"modified":"2025-11-24T06:12:47","modified_gmt":"2025-11-24T06:12:47","slug":"tai-xuong","status":"publish","type":"page","link":"https:\/\/esledprofile.com\/vi\/tai-xuong\/","title":{"rendered":"T\u1ea3i xu\u1ed1ng"},"content":{"rendered":"<div data-elementor-type=\"wp-page\" data-elementor-id=\"34\" class=\"elementor elementor-34\" data-elementor-post-type=\"page\">\n\t\t\t\t\t\t<section class=\"elementor-section elementor-top-section elementor-element elementor-element-6f6e188d elementor-section-boxed elementor-section-height-default elementor-section-height-default\" data-id=\"6f6e188d\" data-element_type=\"section\" data-settings=\"{&quot;background_background&quot;:&quot;classic&quot;,&quot;ekit_has_onepagescroll_dot&quot;:&quot;yes&quot;}\">\n\t\t\t\t\t\t<div class=\"elementor-container elementor-column-gap-default\">\n\t\t\t\t\t<div class=\"elementor-column elementor-col-33 elementor-top-column elementor-element elementor-element-6f5a4a33\" data-id=\"6f5a4a33\" data-element_type=\"column\">\n\t\t\t<div class=\"elementor-widget-wrap\">\n\t\t\t\t\t\t\t<\/div>\n\t\t<\/div>\n\t\t\t\t<div class=\"elementor-column elementor-col-33 elementor-top-column elementor-element elementor-element-7750b271\" data-id=\"7750b271\" data-element_type=\"column\">\n\t\t\t<div class=\"elementor-widget-wrap elementor-element-populated\">\n\t\t\t\t\t\t<div class=\"elementor-element elementor-element-441ce093 elementor-widget elementor-widget-elementskit-heading\" data-id=\"441ce093\" data-element_type=\"widget\" data-settings=\"{&quot;ekit_we_effect_on&quot;:&quot;none&quot;}\" data-widget_type=\"elementskit-heading.default\">\n\t\t\t\t<div class=\"elementor-widget-container\">\n\t\t\t\t\t<div class=\"ekit-wid-con\" ><div class=\"ekit-heading elementskit-section-title-wraper center   ekit_heading_tablet-   ekit_heading_mobile-\"><h2 class=\"ekit-heading--title elementskit-section-title\">Nh\u1eadn ngay c\u1ee7a ch\u00fang t\u00f4i <span><span>T\u1ec7p tin<\/span><\/span><\/h2><div class=\"ekit_heading_separetor_wraper ekit_heading_elementskit-border-divider elementskit-style-long\"><div class=\"elementskit-border-divider elementskit-style-long\"><\/div><\/div>\t\t\t\t<div class='ekit-heading__description'>\n\t\t\t\t\t<p>B\u1ea1n c\u00f3 th\u1ec3 t\u1ea3i xu\u1ed1ng catalog c\u1ee7a ch\u00fang t\u00f4i m\u1ed9t c\u00e1ch t\u1ef1 do. Ch\u00fang t\u00f4i hy v\u1ecdng c\u00e1c t\u1ec7p tin n\u00e0y s\u1ebd gi\u00fap b\u1ea1n hi\u1ec3u r\u00f5 h\u01a1n v\u1ec1 c\u00e1c s\u1ea3n ph\u1ea9m c\u1ee7a ch\u00fang t\u00f4i.<\/p>\n\t\t\t\t<\/div>\n\t\t\t<\/div><\/div>\t\t\t\t<\/div>\n\t\t\t\t<\/div>\n\t\t\t\t\t<\/div>\n\t\t<\/div>\n\t\t\t\t<div class=\"elementor-column elementor-col-33 elementor-top-column elementor-element elementor-element-9664776\" data-id=\"9664776\" data-element_type=\"column\">\n\t\t\t<div class=\"elementor-widget-wrap\">\n\t\t\t\t\t\t\t<\/div>\n\t\t<\/div>\n\t\t\t\t\t<\/div>\n\t\t<\/section>\n\t\t<div class=\"elementor-element elementor-element-c739615 e-flex e-con-boxed e-con e-parent\" data-id=\"c739615\" data-element_type=\"container\" data-settings=\"{&quot;ekit_has_onepagescroll_dot&quot;:&quot;yes&quot;}\">\n\t\t\t\t\t<div class=\"e-con-inner\">\n\t\t<div class=\"elementor-element elementor-element-f51025f e-con-full e-flex e-con e-child\" data-id=\"f51025f\" data-element_type=\"container\" data-settings=\"{&quot;ekit_has_onepagescroll_dot&quot;:&quot;yes&quot;}\">\n\t\t\t\t<div class=\"elementor-element elementor-element-e3a5f30 elementor-widget elementor-widget-image\" data-id=\"e3a5f30\" data-element_type=\"widget\" data-settings=\"{&quot;ekit_we_effect_on&quot;:&quot;none&quot;}\" data-widget_type=\"image.default\">\n\t\t\t\t<div class=\"elementor-widget-container\">\n\t\t\t\t\t\t\t\t\t\t\t\t\t\t\t\t<a href=\"https:\/\/esledprofile.com\/wp-content\/uploads\/2025\/11\/LED%20Profile%202026.pdf\" target=\"_blank\">\n\t\t\t\t\t\t\t<img fetchpriority=\"high\" decoding=\"async\" width=\"745\" height=\"1024\" src=\"https:\/\/esledprofile.com\/wp-content\/uploads\/2025\/11\/catalog-745x1024.webp\" class=\"attachment-large size-large wp-image-3033\" alt=\"\" srcset=\"https:\/\/esledprofile.com\/wp-content\/uploads\/2025\/11\/catalog-745x1024.webp 745w, https:\/\/esledprofile.com\/wp-content\/uploads\/2025\/11\/catalog-218x300.webp 218w, https:\/\/esledprofile.com\/wp-content\/uploads\/2025\/11\/catalog-768x1056.webp 768w, https:\/\/esledprofile.com\/wp-content\/uploads\/2025\/11\/catalog-9x12.webp 9w, https:\/\/esledprofile.com\/wp-content\/uploads\/2025\/11\/catalog-600x825.webp 600w, https:\/\/esledprofile.com\/wp-content\/uploads\/2025\/11\/catalog.webp 800w\" sizes=\"(max-width: 745px) 100vw, 745px\" \/>\t\t\t\t\t\t\t\t<\/a>\n\t\t\t\t\t\t\t\t\t\t\t\t\t\t\t<\/div>\n\t\t\t\t<\/div>\n\t\t\t\t<div class=\"elementor-element elementor-element-4d292ce elementor-align-center elementor-widget elementor-widget-button\" data-id=\"4d292ce\" data-element_type=\"widget\" data-settings=\"{&quot;ekit_we_effect_on&quot;:&quot;none&quot;}\" data-widget_type=\"button.default\">\n\t\t\t\t<div class=\"elementor-widget-container\">\n\t\t\t\t\t\t\t\t\t<div class=\"elementor-button-wrapper\">\n\t\t\t\t\t<a class=\"elementor-button elementor-button-link elementor-size-sm\" href=\"https:\/\/esledprofile.com\/wp-content\/uploads\/2025\/11\/LED%20Profile%202026.pdf\" target=\"_blank\">\n\t\t\t\t\t\t<span class=\"elementor-button-content-wrapper\">\n\t\t\t\t\t\t<span class=\"elementor-button-icon\">\n\t\t\t\t<svg aria-hidden=\"true\" class=\"e-font-icon-svg e-fas-file-download\" viewbox=\"0 0 384 512\" xmlns=\"http:\/\/www.w3.org\/2000\/svg\"><path d=\"M224 136V0H24C10.7 0 0 10.7 0 24v464c0 13.3 10.7 24 24 24h336c13.3 0 24-10.7 24-24V160H248c-13.2 0-24-10.8-24-24zm76.45 211.36l-96.42 95.7c-6.65 6.61-17.39 6.61-24.04 0l-96.42-95.7C73.42 337.29 80.54 320 94.82 320H160v-80c0-8.84 7.16-16 16-16h32c8.84 0 16 7.16 16 16v80h65.18c14.28 0 21.4 17.29 11.27 27.36zM377 105L279.1 7c-4.5-4.5-10.6-7-17-7H256v128h128v-6.1c0-6.3-2.5-12.4-7-16.9z\"><\/path><\/svg>\t\t\t<\/span>\n\t\t\t\t\t\t\t\t\t<span class=\"elementor-button-text\">T\u1ea3i xu\u1ed1ng<\/span>\n\t\t\t\t\t<\/span>\n\t\t\t\t\t<\/a>\n\t\t\t\t<\/div>\n\t\t\t\t\t\t\t\t<\/div>\n\t\t\t\t<\/div>\n\t\t\t\t<\/div>\n\t\t<div class=\"elementor-element elementor-element-b8a6151 e-con-full e-flex e-con e-child\" data-id=\"b8a6151\" data-element_type=\"container\" data-settings=\"{&quot;ekit_has_onepagescroll_dot&quot;:&quot;yes&quot;}\">\n\t\t\t\t<div class=\"elementor-element elementor-element-fab9c27 elementor-widget elementor-widget-image\" data-id=\"fab9c27\" data-element_type=\"widget\" data-settings=\"{&quot;ekit_we_effect_on&quot;:&quot;none&quot;}\" data-widget_type=\"image.default\">\n\t\t\t\t<div class=\"elementor-widget-container\">\n\t\t\t\t\t\t\t\t\t\t\t\t\t\t\t\t<a href=\"https:\/\/esledprofile.com\/wp-content\/uploads\/2025\/11\/ESLEDPROFILE-Free-Bending-Series-2026.pdf\" target=\"_blank\">\n\t\t\t\t\t\t\t<img decoding=\"async\" width=\"745\" height=\"1024\" src=\"https:\/\/esledprofile.com\/wp-content\/uploads\/2025\/11\/catalog1-745x1024.webp\" class=\"attachment-large size-large wp-image-3034\" alt=\"\" srcset=\"https:\/\/esledprofile.com\/wp-content\/uploads\/2025\/11\/catalog1-745x1024.webp 745w, https:\/\/esledprofile.com\/wp-content\/uploads\/2025\/11\/catalog1-218x300.webp 218w, https:\/\/esledprofile.com\/wp-content\/uploads\/2025\/11\/catalog1-768x1056.webp 768w, https:\/\/esledprofile.com\/wp-content\/uploads\/2025\/11\/catalog1-9x12.webp 9w, https:\/\/esledprofile.com\/wp-content\/uploads\/2025\/11\/catalog1-600x825.webp 600w, https:\/\/esledprofile.com\/wp-content\/uploads\/2025\/11\/catalog1.webp 800w\" sizes=\"(max-width: 745px) 100vw, 745px\" \/>\t\t\t\t\t\t\t\t<\/a>\n\t\t\t\t\t\t\t\t\t\t\t\t\t\t\t<\/div>\n\t\t\t\t<\/div>\n\t\t\t\t<div class=\"elementor-element elementor-element-286d800 elementor-align-center elementor-widget elementor-widget-button\" data-id=\"286d800\" data-element_type=\"widget\" data-settings=\"{&quot;ekit_we_effect_on&quot;:&quot;none&quot;}\" data-widget_type=\"button.default\">\n\t\t\t\t<div class=\"elementor-widget-container\">\n\t\t\t\t\t\t\t\t\t<div class=\"elementor-button-wrapper\">\n\t\t\t\t\t<a class=\"elementor-button elementor-button-link elementor-size-sm\" href=\"https:\/\/esledprofile.com\/wp-content\/uploads\/2025\/11\/ESLEDPROFILE-Free-Bending-Series-2026.pdf\" target=\"_blank\">\n\t\t\t\t\t\t<span class=\"elementor-button-content-wrapper\">\n\t\t\t\t\t\t<span class=\"elementor-button-icon\">\n\t\t\t\t<svg aria-hidden=\"true\" class=\"e-font-icon-svg e-fas-file-download\" viewbox=\"0 0 384 512\" xmlns=\"http:\/\/www.w3.org\/2000\/svg\"><path d=\"M224 136V0H24C10.7 0 0 10.7 0 24v464c0 13.3 10.7 24 24 24h336c13.3 0 24-10.7 24-24V160H248c-13.2 0-24-10.8-24-24zm76.45 211.36l-96.42 95.7c-6.65 6.61-17.39 6.61-24.04 0l-96.42-95.7C73.42 337.29 80.54 320 94.82 320H160v-80c0-8.84 7.16-16 16-16h32c8.84 0 16 7.16 16 16v80h65.18c14.28 0 21.4 17.29 11.27 27.36zM377 105L279.1 7c-4.5-4.5-10.6-7-17-7H256v128h128v-6.1c0-6.3-2.5-12.4-7-16.9z\"><\/path><\/svg>\t\t\t<\/span>\n\t\t\t\t\t\t\t\t\t<span class=\"elementor-button-text\">T\u1ea3i xu\u1ed1ng<\/span>\n\t\t\t\t\t<\/span>\n\t\t\t\t\t<\/a>\n\t\t\t\t<\/div>\n\t\t\t\t\t\t\t\t<\/div>\n\t\t\t\t<\/div>\n\t\t\t\t<\/div>\n\t\t<div class=\"elementor-element elementor-element-f8073f6 e-con-full e-flex e-con e-child\" data-id=\"f8073f6\" data-element_type=\"container\" data-settings=\"{&quot;ekit_has_onepagescroll_dot&quot;:&quot;yes&quot;}\">\n\t\t\t\t<div class=\"elementor-element elementor-element-3ba2c39 elementor-widget elementor-widget-image\" data-id=\"3ba2c39\" data-element_type=\"widget\" data-settings=\"{&quot;ekit_we_effect_on&quot;:&quot;none&quot;}\" data-widget_type=\"image.default\">\n\t\t\t\t<div class=\"elementor-widget-container\">\n\t\t\t\t\t\t\t\t\t\t\t\t\t\t\t\t<a href=\"https:\/\/esledprofile.com\/wp-content\/uploads\/2025\/11\/Black-Series-2026.pdf\" target=\"_blank\">\n\t\t\t\t\t\t\t<img decoding=\"async\" width=\"745\" height=\"1024\" src=\"https:\/\/esledprofile.com\/wp-content\/uploads\/2025\/11\/catalog2-745x1024.webp\" class=\"attachment-large size-large wp-image-3035\" alt=\"\" srcset=\"https:\/\/esledprofile.com\/wp-content\/uploads\/2025\/11\/catalog2-745x1024.webp 745w, https:\/\/esledprofile.com\/wp-content\/uploads\/2025\/11\/catalog2-218x300.webp 218w, https:\/\/esledprofile.com\/wp-content\/uploads\/2025\/11\/catalog2-768x1056.webp 768w, https:\/\/esledprofile.com\/wp-content\/uploads\/2025\/11\/catalog2-9x12.webp 9w, https:\/\/esledprofile.com\/wp-content\/uploads\/2025\/11\/catalog2-600x825.webp 600w, https:\/\/esledprofile.com\/wp-content\/uploads\/2025\/11\/catalog2.webp 800w\" sizes=\"(max-width: 745px) 100vw, 745px\" \/>\t\t\t\t\t\t\t\t<\/a>\n\t\t\t\t\t\t\t\t\t\t\t\t\t\t\t<\/div>\n\t\t\t\t<\/div>\n\t\t\t\t<div class=\"elementor-element elementor-element-044ac35 elementor-align-center elementor-widget elementor-widget-button\" data-id=\"044ac35\" data-element_type=\"widget\" data-settings=\"{&quot;ekit_we_effect_on&quot;:&quot;none&quot;}\" data-widget_type=\"button.default\">\n\t\t\t\t<div class=\"elementor-widget-container\">\n\t\t\t\t\t\t\t\t\t<div class=\"elementor-button-wrapper\">\n\t\t\t\t\t<a class=\"elementor-button elementor-button-link elementor-size-sm\" href=\"https:\/\/esledprofile.com\/wp-content\/uploads\/2025\/11\/Black-Series-2026.pdf\" target=\"_blank\">\n\t\t\t\t\t\t<span class=\"elementor-button-content-wrapper\">\n\t\t\t\t\t\t<span class=\"elementor-button-icon\">\n\t\t\t\t<svg aria-hidden=\"true\" class=\"e-font-icon-svg e-fas-file-download\" viewbox=\"0 0 384 512\" xmlns=\"http:\/\/www.w3.org\/2000\/svg\"><path d=\"M224 136V0H24C10.7 0 0 10.7 0 24v464c0 13.3 10.7 24 24 24h336c13.3 0 24-10.7 24-24V160H248c-13.2 0-24-10.8-24-24zm76.45 211.36l-96.42 95.7c-6.65 6.61-17.39 6.61-24.04 0l-96.42-95.7C73.42 337.29 80.54 320 94.82 320H160v-80c0-8.84 7.16-16 16-16h32c8.84 0 16 7.16 16 16v80h65.18c14.28 0 21.4 17.29 11.27 27.36zM377 105L279.1 7c-4.5-4.5-10.6-7-17-7H256v128h128v-6.1c0-6.3-2.5-12.4-7-16.9z\"><\/path><\/svg>\t\t\t<\/span>\n\t\t\t\t\t\t\t\t\t<span class=\"elementor-button-text\">T\u1ea3i xu\u1ed1ng<\/span>\n\t\t\t\t\t<\/span>\n\t\t\t\t\t<\/a>\n\t\t\t\t<\/div>\n\t\t\t\t\t\t\t\t<\/div>\n\t\t\t\t<\/div>\n\t\t\t\t<\/div>\n\t\t\t\t\t<\/div>\n\t\t\t\t<\/div>\n\t\t\t\t<\/div>","protected":false},"excerpt":{"rendered":"<p>Get Our Files You can feel free to download our catalog. We hope these files can help you better understand our products. Download Download Download<\/p>","protected":false},"author":1,"featured_media":0,"parent":0,"menu_order":0,"comment_status":"closed","ping_status":"closed","template":"","meta":{"_kad_post_transparent":"","_kad_post_title":"hide","_kad_post_layout":"fullwidth","_kad_post_sidebar_id":"","_kad_post_content_style":"unboxed","_kad_post_vertical_padding":"hide","_kad_post_feature":"hide","_kad_post_feature_position":"","_kad_post_header":false,"_kad_post_footer":false,"_kad_post_classname":"","footnotes":""},"class_list":["post-34","page","type-page","status-publish","hentry"],"yoast_head":"<!-- This site is optimized with the Yoast SEO Premium plugin v24.7 (Yoast SEO v26.7) - https:\/\/yoast.com\/wordpress\/plugins\/seo\/ -->\n<title>Download - LED PROFILE Manufacturer<\/title>\n<meta name=\"description\" content=\"Please download our catalog and new brochure, you will know of all our products. We will update the new products on this page regularly.\" \/>\n<meta name=\"robots\" content=\"index, follow, max-snippet:-1, max-image-preview:large, max-video-preview:-1\" \/>\n<link rel=\"canonical\" href=\"https:\/\/esledprofile.com\/vi\/tai-xuong\/\" \/>\n<meta property=\"og:locale\" content=\"vi_VN\" \/>\n<meta property=\"og:type\" content=\"article\" \/>\n<meta property=\"og:title\" content=\"Download\" \/>\n<meta property=\"og:description\" content=\"Please download our catalog and new brochure, you will know of all our products. We will update the new products on this page regularly.\" \/>\n<meta property=\"og:url\" content=\"https:\/\/esledprofile.com\/vi\/tai-xuong\/\" \/>\n<meta property=\"og:site_name\" content=\"LED PROFILE Manufacturer\" \/>\n<meta property=\"article:modified_time\" content=\"2025-11-24T06:12:47+00:00\" \/>\n<meta property=\"og:image\" content=\"https:\/\/esledprofile.com\/wp-content\/uploads\/2025\/11\/catalog.webp\" \/>\n\t<meta property=\"og:image:width\" content=\"800\" \/>\n\t<meta property=\"og:image:height\" content=\"1100\" \/>\n\t<meta property=\"og:image:type\" content=\"image\/webp\" \/>\n<meta name=\"twitter:card\" content=\"summary_large_image\" \/>\n<meta name=\"twitter:label1\" content=\"\u01af\u1edbc t\u00ednh th\u1eddi gian \u0111\u1ecdc\" \/>\n\t<meta name=\"twitter:data1\" content=\"1 ph\u00fat\" \/>\n<script type=\"application\/ld+json\" class=\"yoast-schema-graph\">{\"@context\":\"https:\/\/schema.org\",\"@graph\":[{\"@type\":\"WebPage\",\"@id\":\"https:\/\/esledprofile.com\/download\/\",\"url\":\"https:\/\/esledprofile.com\/download\/\",\"name\":\"Download - LED PROFILE Manufacturer\",\"isPartOf\":{\"@id\":\"https:\/\/esledprofile.com\/#website\"},\"primaryImageOfPage\":{\"@id\":\"https:\/\/esledprofile.com\/download\/#primaryimage\"},\"image\":{\"@id\":\"https:\/\/esledprofile.com\/download\/#primaryimage\"},\"thumbnailUrl\":\"https:\/\/esledprofile.com\/wp-content\/uploads\/2025\/11\/catalog-745x1024.webp\",\"datePublished\":\"2023-11-06T02:12:35+00:00\",\"dateModified\":\"2025-11-24T06:12:47+00:00\",\"description\":\"Please download our catalog and new brochure, you will know of all our products. We will update the new products on this page regularly.\",\"breadcrumb\":{\"@id\":\"https:\/\/esledprofile.com\/download\/#breadcrumb\"},\"inLanguage\":\"vi\",\"potentialAction\":[{\"@type\":\"ReadAction\",\"target\":[\"https:\/\/esledprofile.com\/download\/\"]}]},{\"@type\":\"ImageObject\",\"inLanguage\":\"vi\",\"@id\":\"https:\/\/esledprofile.com\/download\/#primaryimage\",\"url\":\"https:\/\/esledprofile.com\/wp-content\/uploads\/2025\/11\/catalog-745x1024.webp\",\"contentUrl\":\"https:\/\/esledprofile.com\/wp-content\/uploads\/2025\/11\/catalog-745x1024.webp\"},{\"@type\":\"BreadcrumbList\",\"@id\":\"https:\/\/esledprofile.com\/download\/#breadcrumb\",\"itemListElement\":[{\"@type\":\"ListItem\",\"position\":1,\"name\":\"Home\",\"item\":\"https:\/\/esledprofile.com\/\"},{\"@type\":\"ListItem\",\"position\":2,\"name\":\"Download\"}]},{\"@type\":\"WebSite\",\"@id\":\"https:\/\/esledprofile.com\/#website\",\"url\":\"https:\/\/esledprofile.com\/\",\"name\":\"LED PROFILE Manufacturer\",\"description\":\"\",\"publisher\":{\"@id\":\"https:\/\/esledprofile.com\/#organization\"},\"potentialAction\":[{\"@type\":\"SearchAction\",\"target\":{\"@type\":\"EntryPoint\",\"urlTemplate\":\"https:\/\/esledprofile.com\/?s={search_term_string}\"},\"query-input\":{\"@type\":\"PropertyValueSpecification\",\"valueRequired\":true,\"valueName\":\"search_term_string\"}}],\"inLanguage\":\"vi\"},{\"@type\":\"Organization\",\"@id\":\"https:\/\/esledprofile.com\/#organization\",\"name\":\"LED PROFILE Manufacturer\",\"url\":\"https:\/\/esledprofile.com\/\",\"logo\":{\"@type\":\"ImageObject\",\"inLanguage\":\"vi\",\"@id\":\"https:\/\/esledprofile.com\/#\/schema\/logo\/image\/\",\"url\":\"https:\/\/esledprofile.com\/wp-content\/uploads\/2023\/11\/logo1-removebg-preview.png\",\"contentUrl\":\"https:\/\/esledprofile.com\/wp-content\/uploads\/2023\/11\/logo1-removebg-preview.png\",\"width\":350,\"height\":100,\"caption\":\"LED PROFILE Manufacturer\"},\"image\":{\"@id\":\"https:\/\/esledprofile.com\/#\/schema\/logo\/image\/\"}}]}<\/script>\n<!-- \/ Yoast SEO Premium plugin. -->","yoast_head_json":{"title":"T\u1ea3i xu\u1ed1ng - Nh\u00e0 s\u1ea3n xu\u1ea5t \u0111\u00e8n LED Profile","description":"Vui l\u00f2ng t\u1ea3i xu\u1ed1ng catalog v\u00e0 brochure m\u1edbi c\u1ee7a ch\u00fang t\u00f4i, qu\u00fd kh\u00e1ch s\u1ebd bi\u1ebft \u0111\u01b0\u1ee3c t\u1ea5t c\u1ea3 c\u00e1c s\u1ea3n ph\u1ea9m c\u1ee7a ch\u00fang t\u00f4i. Ch\u00fang t\u00f4i s\u1ebd c\u1eadp nh\u1eadt c\u00e1c s\u1ea3n ph\u1ea9m m\u1edbi tr\u00ean trang n\u00e0y th\u01b0\u1eddng xuy\u00ean.","robots":{"index":"index","follow":"follow","max-snippet":"max-snippet:-1","max-image-preview":"max-image-preview:large","max-video-preview":"max-video-preview:-1"},"canonical":"https:\/\/esledprofile.com\/vi\/tai-xuong\/","og_locale":"vi_VN","og_type":"article","og_title":"Download","og_description":"Please download our catalog and new brochure, you will know of all our products. We will update the new products on this page regularly.","og_url":"https:\/\/esledprofile.com\/vi\/tai-xuong\/","og_site_name":"LED PROFILE Manufacturer","article_modified_time":"2025-11-24T06:12:47+00:00","og_image":[{"width":800,"height":1100,"url":"https:\/\/esledprofile.com\/wp-content\/uploads\/2025\/11\/catalog.webp","type":"image\/webp"}],"twitter_card":"summary_large_image","twitter_misc":{"\u01af\u1edbc t\u00ednh th\u1eddi gian \u0111\u1ecdc":"1 ph\u00fat"},"schema":{"@context":"https:\/\/schema.org","@graph":[{"@type":"WebPage","@id":"https:\/\/esledprofile.com\/download\/","url":"https:\/\/esledprofile.com\/download\/","name":"T\u1ea3i xu\u1ed1ng - Nh\u00e0 s\u1ea3n xu\u1ea5t \u0111\u00e8n LED Profile","isPartOf":{"@id":"https:\/\/esledprofile.com\/#website"},"primaryImageOfPage":{"@id":"https:\/\/esledprofile.com\/download\/#primaryimage"},"image":{"@id":"https:\/\/esledprofile.com\/download\/#primaryimage"},"thumbnailUrl":"https:\/\/esledprofile.com\/wp-content\/uploads\/2025\/11\/catalog-745x1024.webp","datePublished":"2023-11-06T02:12:35+00:00","dateModified":"2025-11-24T06:12:47+00:00","description":"Vui l\u00f2ng t\u1ea3i xu\u1ed1ng catalog v\u00e0 brochure m\u1edbi c\u1ee7a ch\u00fang t\u00f4i, qu\u00fd kh\u00e1ch s\u1ebd bi\u1ebft \u0111\u01b0\u1ee3c t\u1ea5t c\u1ea3 c\u00e1c s\u1ea3n ph\u1ea9m c\u1ee7a ch\u00fang t\u00f4i. Ch\u00fang t\u00f4i s\u1ebd c\u1eadp nh\u1eadt c\u00e1c s\u1ea3n ph\u1ea9m m\u1edbi tr\u00ean trang n\u00e0y th\u01b0\u1eddng xuy\u00ean.","breadcrumb":{"@id":"https:\/\/esledprofile.com\/download\/#breadcrumb"},"inLanguage":"vi","potentialAction":[{"@type":"ReadAction","target":["https:\/\/esledprofile.com\/download\/"]}]},{"@type":"ImageObject","inLanguage":"vi","@id":"https:\/\/esledprofile.com\/download\/#primaryimage","url":"https:\/\/esledprofile.com\/wp-content\/uploads\/2025\/11\/catalog-745x1024.webp","contentUrl":"https:\/\/esledprofile.com\/wp-content\/uploads\/2025\/11\/catalog-745x1024.webp"},{"@type":"BreadcrumbList","@id":"https:\/\/esledprofile.com\/download\/#breadcrumb","itemListElement":[{"@type":"ListItem","position":1,"name":"Home","item":"https:\/\/esledprofile.com\/"},{"@type":"ListItem","position":2,"name":"Download"}]},{"@type":"WebSite","@id":"https:\/\/esledprofile.com\/#website","url":"https:\/\/esledprofile.com\/","name":"Nh\u00e0 s\u1ea3n xu\u1ea5t \u0111\u00e8n LED Profile","description":"","publisher":{"@id":"https:\/\/esledprofile.com\/#organization"},"potentialAction":[{"@type":"SearchAction","target":{"@type":"EntryPoint","urlTemplate":"https:\/\/esledprofile.com\/?s={search_term_string}"},"query-input":{"@type":"PropertyValueSpecification","valueRequired":true,"valueName":"search_term_string"}}],"inLanguage":"vi"},{"@type":"Organization","@id":"https:\/\/esledprofile.com\/#organization","name":"Nh\u00e0 s\u1ea3n xu\u1ea5t \u0111\u00e8n LED Profile","url":"https:\/\/esledprofile.com\/","logo":{"@type":"ImageObject","inLanguage":"vi","@id":"https:\/\/esledprofile.com\/#\/schema\/logo\/image\/","url":"https:\/\/esledprofile.com\/wp-content\/uploads\/2023\/11\/logo1-removebg-preview.png","contentUrl":"https:\/\/esledprofile.com\/wp-content\/uploads\/2023\/11\/logo1-removebg-preview.png","width":350,"height":100,"caption":"LED PROFILE Manufacturer"},"image":{"@id":"https:\/\/esledprofile.com\/#\/schema\/logo\/image\/"}}]}},"_links":{"self":[{"href":"https:\/\/esledprofile.com\/vi\/wp-json\/wp\/v2\/pages\/34","targetHints":{"allow":["GET"]}}],"collection":[{"href":"https:\/\/esledprofile.com\/vi\/wp-json\/wp\/v2\/pages"}],"about":[{"href":"https:\/\/esledprofile.com\/vi\/wp-json\/wp\/v2\/types\/page"}],"author":[{"embeddable":true,"href":"https:\/\/esledprofile.com\/vi\/wp-json\/wp\/v2\/users\/1"}],"replies":[{"embeddable":true,"href":"https:\/\/esledprofile.com\/vi\/wp-json\/wp\/v2\/comments?post=34"}],"version-history":[{"count":12,"href":"https:\/\/esledprofile.com\/vi\/wp-json\/wp\/v2\/pages\/34\/revisions"}],"predecessor-version":[{"id":3048,"href":"https:\/\/esledprofile.com\/vi\/wp-json\/wp\/v2\/pages\/34\/revisions\/3048"}],"wp:attachment":[{"href":"https:\/\/esledprofile.com\/vi\/wp-json\/wp\/v2\/media?parent=34"}],"curies":[{"name":"wp","href":"https:\/\/api.w.org\/{rel}","templated":true}]}}