{"id":1832,"date":"2023-11-30T03:08:34","date_gmt":"2023-11-30T03:08:34","guid":{"rendered":"https:\/\/esledprofile.com\/?post_type=product&#038;p=1832"},"modified":"2023-12-18T08:14:10","modified_gmt":"2023-12-18T08:14:10","slug":"es-1412c","status":"publish","type":"product","link":"https:\/\/esledprofile.com\/vi\/san-pham\/es-1412c\/","title":{"rendered":"ES-1412C"},"content":{"rendered":"","protected":false},"excerpt":{"rendered":"<table width=\"288\">\n<tbody>\n<tr>\n<td width=\"143\">V\u1eadt li\u1ec7u<\/td>\n<td width=\"145\">Nh\u00f4m 6063-T5<\/td>\n<\/tr>\n<tr>\n<td>X\u1eed l\u00fd b\u1ec1 m\u1eb7t<\/td>\n<td>Anodized\/S\u01a1n<\/td>\n<\/tr>\n<tr>\n<td>V\u1eadt li\u1ec7u khu\u1ebfch t\u00e1n<\/td>\n<td>M\u00e1y t\u00ednh c\u00e1 nh\u00e2n<\/td>\n<\/tr>\n<tr>\n<td>\u0110\u0103ng k\u00fd<\/td>\n<td>\u1ee8ng d\u1ee5ng trong nh\u00e0<\/td>\n<\/tr>\n<tr>\n<td>S\u1ed1 l\u01b0\u1ee3ng \u0111\u1eb7t h\u00e0ng t\u1ed1i thi\u1ec3u<\/td>\n<td>100 m\u00e9t\/m\u00f3n h\u00e0ng<\/td>\n<\/tr>\n<tr>\n<td>B\u1ea3o h\u00e0nh<\/td>\n<td>3 n\u0103m<\/td>\n<\/tr>\n<tr>\n<td>Ch\u1ee9ng nh\u1eadn<\/td>\n<td>CE, RoHS<\/td>\n<\/tr>\n<\/tbody>\n<\/table>\n<h4 class=\"elementor-heading-title elementor-size-default\"><span style=\"color: #cc0033;\">T\u00ednh n\u0103ng s\u1ea3n ph\u1ea9m<\/span><\/h4>\n<p>Cabinet Lighting led aluminum channel model 1412C, the size is 14*13mm, total length is 20mm. This LED aluminum profile is used to stick glass. It is especially suitable for wine cabinets, shoe cabinets, wall panels and desks. Inner size is 8.6mm, you need to choose 6-8mm width LED strip lights.<\/p>","protected":false},"featured_media":1834,"template":"","meta":{"_kad_post_transparent":"default","_kad_post_title":"hide","_kad_post_layout":"fullwidth","_kad_post_sidebar_id":"","_kad_post_content_style":"unboxed","_kad_post_vertical_padding":"hide","_kad_post_feature":"hide","_kad_post_feature_position":"","_kad_post_header":false,"_kad_post_footer":false,"_kad_post_classname":""},"product_brand":[],"product_cat":[58,62],"product_tag":[80,88,89],"class_list":{"0":"post-1832","1":"product","2":"type-product","3":"status-publish","4":"has-post-thumbnail","6":"product_cat-cabinet-series","7":"product_cat-stuck-8mm-glass-series","8":"product_tag-led-extrusions","9":"product_tag-led-profiles","10":"product_tag-led-strip-profiles","12":"first","13":"instock","14":"shipping-taxable","15":"product-type-simple","16":"entry","17":"content-bg","18":"loop-entry"},"yoast_head":"<!-- This site is optimized with the Yoast SEO Premium plugin v24.7 (Yoast SEO v26.7) - https:\/\/yoast.com\/wordpress\/plugins\/seo\/ -->\n<title>Cabinet Lighting LED Aluminum Channel ES-1412C - LED PROFILE Manufacturer<\/title>\n<meta name=\"description\" content=\"Cabinet Lighting led aluminum channel model 1412C, the size is 14*13mm, total length is 20mm. you need to choose 6-8mm width LED strip lights.\" \/>\n<meta name=\"robots\" content=\"index, follow, max-snippet:-1, max-image-preview:large, max-video-preview:-1\" \/>\n<link rel=\"canonical\" href=\"https:\/\/esledprofile.com\/vi\/san-pham\/es-1412c\/\" \/>\n<meta property=\"og:locale\" content=\"vi_VN\" \/>\n<meta property=\"og:type\" content=\"article\" \/>\n<meta property=\"og:title\" content=\"ES-1412C\" \/>\n<meta property=\"og:description\" content=\"Cabinet Lighting led aluminum channel model 1412C, the size is 14*13mm, total length is 20mm. you need to choose 6-8mm width LED strip lights.\" \/>\n<meta property=\"og:url\" content=\"https:\/\/esledprofile.com\/vi\/san-pham\/es-1412c\/\" \/>\n<meta property=\"og:site_name\" content=\"LED PROFILE Manufacturer\" \/>\n<meta property=\"article:modified_time\" content=\"2023-12-18T08:14:10+00:00\" \/>\n<meta property=\"og:image\" content=\"https:\/\/esledprofile.com\/wp-content\/uploads\/2023\/11\/LED-Cabinet-Lights-ES-1412C.webp\" \/>\n\t<meta property=\"og:image:width\" content=\"800\" \/>\n\t<meta property=\"og:image:height\" content=\"800\" \/>\n\t<meta property=\"og:image:type\" content=\"image\/webp\" \/>\n<meta name=\"twitter:card\" content=\"summary_large_image\" \/>\n<meta name=\"twitter:label1\" content=\"\u01af\u1edbc t\u00ednh th\u1eddi gian \u0111\u1ecdc\" \/>\n\t<meta name=\"twitter:data1\" content=\"1 ph\u00fat\" \/>\n<script type=\"application\/ld+json\" class=\"yoast-schema-graph\">{\"@context\":\"https:\/\/schema.org\",\"@graph\":[{\"@type\":\"WebPage\",\"@id\":\"https:\/\/esledprofile.com\/product\/es-1412c\/\",\"url\":\"https:\/\/esledprofile.com\/product\/es-1412c\/\",\"name\":\"Cabinet Lighting LED Aluminum Channel ES-1412C - LED PROFILE Manufacturer\",\"isPartOf\":{\"@id\":\"https:\/\/esledprofile.com\/#website\"},\"primaryImageOfPage\":{\"@id\":\"https:\/\/esledprofile.com\/product\/es-1412c\/#primaryimage\"},\"image\":{\"@id\":\"https:\/\/esledprofile.com\/product\/es-1412c\/#primaryimage\"},\"thumbnailUrl\":\"https:\/\/esledprofile.com\/wp-content\/uploads\/2023\/11\/LED-Cabinet-Lights-ES-1412C.webp\",\"datePublished\":\"2023-11-30T03:08:34+00:00\",\"dateModified\":\"2023-12-18T08:14:10+00:00\",\"description\":\"Cabinet Lighting led aluminum channel model 1412C, the size is 14*13mm, total length is 20mm. you need to choose 6-8mm width LED strip lights.\",\"breadcrumb\":{\"@id\":\"https:\/\/esledprofile.com\/product\/es-1412c\/#breadcrumb\"},\"inLanguage\":\"vi\",\"potentialAction\":[{\"@type\":\"ReadAction\",\"target\":[\"https:\/\/esledprofile.com\/product\/es-1412c\/\"]}]},{\"@type\":\"ImageObject\",\"inLanguage\":\"vi\",\"@id\":\"https:\/\/esledprofile.com\/product\/es-1412c\/#primaryimage\",\"url\":\"https:\/\/esledprofile.com\/wp-content\/uploads\/2023\/11\/LED-Cabinet-Lights-ES-1412C.webp\",\"contentUrl\":\"https:\/\/esledprofile.com\/wp-content\/uploads\/2023\/11\/LED-Cabinet-Lights-ES-1412C.webp\",\"width\":800,\"height\":800,\"caption\":\"LED Cabinet Lights ES-1412C\"},{\"@type\":\"BreadcrumbList\",\"@id\":\"https:\/\/esledprofile.com\/product\/es-1412c\/#breadcrumb\",\"itemListElement\":[{\"@type\":\"ListItem\",\"position\":1,\"name\":\"Home\",\"item\":\"https:\/\/esledprofile.com\/\"},{\"@type\":\"ListItem\",\"position\":2,\"name\":\"Product\",\"item\":\"https:\/\/esledprofile.com\/product\/\"},{\"@type\":\"ListItem\",\"position\":3,\"name\":\"ES-1412C\"}]},{\"@type\":\"WebSite\",\"@id\":\"https:\/\/esledprofile.com\/#website\",\"url\":\"https:\/\/esledprofile.com\/\",\"name\":\"LED PROFILE Manufacturer\",\"description\":\"\",\"publisher\":{\"@id\":\"https:\/\/esledprofile.com\/#organization\"},\"potentialAction\":[{\"@type\":\"SearchAction\",\"target\":{\"@type\":\"EntryPoint\",\"urlTemplate\":\"https:\/\/esledprofile.com\/?s={search_term_string}\"},\"query-input\":{\"@type\":\"PropertyValueSpecification\",\"valueRequired\":true,\"valueName\":\"search_term_string\"}}],\"inLanguage\":\"vi\"},{\"@type\":\"Organization\",\"@id\":\"https:\/\/esledprofile.com\/#organization\",\"name\":\"LED PROFILE Manufacturer\",\"url\":\"https:\/\/esledprofile.com\/\",\"logo\":{\"@type\":\"ImageObject\",\"inLanguage\":\"vi\",\"@id\":\"https:\/\/esledprofile.com\/#\/schema\/logo\/image\/\",\"url\":\"https:\/\/esledprofile.com\/wp-content\/uploads\/2023\/11\/logo1-removebg-preview.png\",\"contentUrl\":\"https:\/\/esledprofile.com\/wp-content\/uploads\/2023\/11\/logo1-removebg-preview.png\",\"width\":350,\"height\":100,\"caption\":\"LED PROFILE Manufacturer\"},\"image\":{\"@id\":\"https:\/\/esledprofile.com\/#\/schema\/logo\/image\/\"}}]}<\/script>\n<!-- \/ Yoast SEO Premium plugin. -->","yoast_head_json":{"title":"Cabinet Lighting LED Aluminum Channel ES-1412C - LED PROFILE Manufacturer","description":"Cabinet Lighting led aluminum channel model 1412C, the size is 14*13mm, total length is 20mm. you need to choose 6-8mm width LED strip lights.","robots":{"index":"index","follow":"follow","max-snippet":"max-snippet:-1","max-image-preview":"max-image-preview:large","max-video-preview":"max-video-preview:-1"},"canonical":"https:\/\/esledprofile.com\/vi\/san-pham\/es-1412c\/","og_locale":"vi_VN","og_type":"article","og_title":"ES-1412C","og_description":"Cabinet Lighting led aluminum channel model 1412C, the size is 14*13mm, total length is 20mm. you need to choose 6-8mm width LED strip lights.","og_url":"https:\/\/esledprofile.com\/vi\/san-pham\/es-1412c\/","og_site_name":"LED PROFILE Manufacturer","article_modified_time":"2023-12-18T08:14:10+00:00","og_image":[{"width":800,"height":800,"url":"https:\/\/esledprofile.com\/wp-content\/uploads\/2023\/11\/LED-Cabinet-Lights-ES-1412C.webp","type":"image\/webp"}],"twitter_card":"summary_large_image","twitter_misc":{"\u01af\u1edbc t\u00ednh th\u1eddi gian \u0111\u1ecdc":"1 ph\u00fat"},"schema":{"@context":"https:\/\/schema.org","@graph":[{"@type":"WebPage","@id":"https:\/\/esledprofile.com\/product\/es-1412c\/","url":"https:\/\/esledprofile.com\/product\/es-1412c\/","name":"Cabinet Lighting LED Aluminum Channel ES-1412C - LED PROFILE Manufacturer","isPartOf":{"@id":"https:\/\/esledprofile.com\/#website"},"primaryImageOfPage":{"@id":"https:\/\/esledprofile.com\/product\/es-1412c\/#primaryimage"},"image":{"@id":"https:\/\/esledprofile.com\/product\/es-1412c\/#primaryimage"},"thumbnailUrl":"https:\/\/esledprofile.com\/wp-content\/uploads\/2023\/11\/LED-Cabinet-Lights-ES-1412C.webp","datePublished":"2023-11-30T03:08:34+00:00","dateModified":"2023-12-18T08:14:10+00:00","description":"Cabinet Lighting led aluminum channel model 1412C, the size is 14*13mm, total length is 20mm. you need to choose 6-8mm width LED strip lights.","breadcrumb":{"@id":"https:\/\/esledprofile.com\/product\/es-1412c\/#breadcrumb"},"inLanguage":"vi","potentialAction":[{"@type":"ReadAction","target":["https:\/\/esledprofile.com\/product\/es-1412c\/"]}]},{"@type":"ImageObject","inLanguage":"vi","@id":"https:\/\/esledprofile.com\/product\/es-1412c\/#primaryimage","url":"https:\/\/esledprofile.com\/wp-content\/uploads\/2023\/11\/LED-Cabinet-Lights-ES-1412C.webp","contentUrl":"https:\/\/esledprofile.com\/wp-content\/uploads\/2023\/11\/LED-Cabinet-Lights-ES-1412C.webp","width":800,"height":800,"caption":"LED Cabinet Lights ES-1412C"},{"@type":"BreadcrumbList","@id":"https:\/\/esledprofile.com\/product\/es-1412c\/#breadcrumb","itemListElement":[{"@type":"ListItem","position":1,"name":"Home","item":"https:\/\/esledprofile.com\/"},{"@type":"ListItem","position":2,"name":"Product","item":"https:\/\/esledprofile.com\/product\/"},{"@type":"ListItem","position":3,"name":"ES-1412C"}]},{"@type":"WebSite","@id":"https:\/\/esledprofile.com\/#website","url":"https:\/\/esledprofile.com\/","name":"Nh\u00e0 s\u1ea3n xu\u1ea5t \u0111\u00e8n LED Profile","description":"","publisher":{"@id":"https:\/\/esledprofile.com\/#organization"},"potentialAction":[{"@type":"SearchAction","target":{"@type":"EntryPoint","urlTemplate":"https:\/\/esledprofile.com\/?s={search_term_string}"},"query-input":{"@type":"PropertyValueSpecification","valueRequired":true,"valueName":"search_term_string"}}],"inLanguage":"vi"},{"@type":"Organization","@id":"https:\/\/esledprofile.com\/#organization","name":"Nh\u00e0 s\u1ea3n xu\u1ea5t \u0111\u00e8n LED Profile","url":"https:\/\/esledprofile.com\/","logo":{"@type":"ImageObject","inLanguage":"vi","@id":"https:\/\/esledprofile.com\/#\/schema\/logo\/image\/","url":"https:\/\/esledprofile.com\/wp-content\/uploads\/2023\/11\/logo1-removebg-preview.png","contentUrl":"https:\/\/esledprofile.com\/wp-content\/uploads\/2023\/11\/logo1-removebg-preview.png","width":350,"height":100,"caption":"LED PROFILE Manufacturer"},"image":{"@id":"https:\/\/esledprofile.com\/#\/schema\/logo\/image\/"}}]}},"_links":{"self":[{"href":"https:\/\/esledprofile.com\/vi\/wp-json\/wp\/v2\/product\/1832","targetHints":{"allow":["GET"]}}],"collection":[{"href":"https:\/\/esledprofile.com\/vi\/wp-json\/wp\/v2\/product"}],"about":[{"href":"https:\/\/esledprofile.com\/vi\/wp-json\/wp\/v2\/types\/product"}],"version-history":[{"count":0,"href":"https:\/\/esledprofile.com\/vi\/wp-json\/wp\/v2\/product\/1832\/revisions"}],"wp:featuredmedia":[{"embeddable":true,"href":"https:\/\/esledprofile.com\/vi\/wp-json\/wp\/v2\/media\/1834"}],"wp:attachment":[{"href":"https:\/\/esledprofile.com\/vi\/wp-json\/wp\/v2\/media?parent=1832"}],"wp:term":[{"taxonomy":"product_brand","embeddable":true,"href":"https:\/\/esledprofile.com\/vi\/wp-json\/wp\/v2\/product_brand?post=1832"},{"taxonomy":"product_cat","embeddable":true,"href":"https:\/\/esledprofile.com\/vi\/wp-json\/wp\/v2\/product_cat?post=1832"},{"taxonomy":"product_tag","embeddable":true,"href":"https:\/\/esledprofile.com\/vi\/wp-json\/wp\/v2\/product_tag?post=1832"}],"curies":[{"name":"wp","href":"https:\/\/api.w.org\/{rel}","templated":true}]}}