{"id":568,"date":"2023-11-15T11:06:40","date_gmt":"2023-11-15T11:06:40","guid":{"rendered":"https:\/\/esledprofile.com\/?post_type=product&#038;p=568"},"modified":"2023-12-05T03:25:28","modified_gmt":"2023-12-05T03:25:28","slug":"es-1506","status":"publish","type":"product","link":"https:\/\/esledprofile.com\/vi\/san-pham\/es-1506\/","title":{"rendered":"ES-1506"},"content":{"rendered":"","protected":false},"excerpt":{"rendered":"<table width=\"288\">\n<tbody>\n<tr>\n<td width=\"143\">V\u1eadt li\u1ec7u<\/td>\n<td width=\"145\">Nh\u00f4m 6063-T5<\/td>\n<\/tr>\n<tr>\n<td>X\u1eed l\u00fd b\u1ec1 m\u1eb7t<\/td>\n<td>Anodized\/S\u01a1n<\/td>\n<\/tr>\n<tr>\n<td>V\u1eadt li\u1ec7u khu\u1ebfch t\u00e1n<\/td>\n<td>M\u00e1y t\u00ednh c\u00e1 nh\u00e2n<\/td>\n<\/tr>\n<tr>\n<td>\u0110\u0103ng k\u00fd<\/td>\n<td>\u1ee8ng d\u1ee5ng trong nh\u00e0<\/td>\n<\/tr>\n<tr>\n<td>S\u1ed1 l\u01b0\u1ee3ng \u0111\u1eb7t h\u00e0ng t\u1ed1i thi\u1ec3u<\/td>\n<td>100 m\u00e9t\/m\u00f3n h\u00e0ng<\/td>\n<\/tr>\n<tr>\n<td>B\u1ea3o h\u00e0nh<\/td>\n<td>3 n\u0103m<\/td>\n<\/tr>\n<tr>\n<td>Ch\u1ee9ng nh\u1eadn<\/td>\n<td>CE, RoHS<\/td>\n<\/tr>\n<\/tbody>\n<\/table>\n<h4 class=\"elementor-heading-title elementor-size-default\"><span style=\"color: #cc0033;\">T\u00ednh n\u0103ng s\u1ea3n ph\u1ea9m<\/span><\/h4>\n<p>Profil nh\u00f4m LED k\u00edch th\u01b0\u1edbc mini 15x06mm, \u0111i k\u00e8m v\u1ecf nh\u00f4m\/PC v\u00e0 n\u1eafp \u0111\u1ea7u, \u0111\u01b0\u1ee3c thi\u1ebft k\u1ebf \u0111\u1eb7c bi\u1ec7t \u0111\u1ec3 t\u01b0\u01a1ng th\u00edch v\u1edbi c\u00e1c d\u1ea3i LED linh ho\u1ea1t kh\u00e1c nhau. \u0110\u00e2y l\u00e0 s\u1ea3n ph\u1ea9m b\u00e1n ch\u1ea1y, l\u00fd t\u01b0\u1edfng \u0111\u1ec3 l\u1eafp \u0111\u1eb7t tr\u00ean t\u01b0\u1eddng v\u00e0 b\u1ec1 m\u1eb7t n\u1ed9i th\u1ea5t.<\/p>","protected":false},"featured_media":570,"template":"","meta":{"_kad_post_transparent":"default","_kad_post_title":"hide","_kad_post_layout":"fullwidth","_kad_post_sidebar_id":"","_kad_post_content_style":"unboxed","_kad_post_vertical_padding":"hide","_kad_post_feature":"hide","_kad_post_feature_position":"","_kad_post_header":false,"_kad_post_footer":false,"_kad_post_classname":""},"product_brand":[],"product_cat":[18,17],"product_tag":[74,75,73],"class_list":{"0":"post-568","1":"product","2":"type-product","3":"status-publish","4":"has-post-thumbnail","6":"product_cat-hot-sale-series","7":"product_cat-led-profile-light-series","8":"product_tag-led-strip-mini-profiles","9":"product_tag-mini-led-aluminum-profile","10":"product_tag-mini-led-profile","12":"first","13":"instock","14":"shipping-taxable","15":"product-type-simple","16":"entry","17":"content-bg","18":"loop-entry"},"yoast_head":"<!-- This site is optimized with the Yoast SEO Premium plugin v24.7 (Yoast SEO v26.7) - https:\/\/yoast.com\/wordpress\/plugins\/seo\/ -->\n<title>Distributor of LED Channels ES-1506 - LED PROFILE Manufacturer<\/title>\n<meta name=\"description\" content=\"Distributor of LED Channels 15*06mm for LED strip lighting also called LED Profile\/LED extrusion\/LED Strip Channel, suitable for narrow places.\" \/>\n<meta name=\"robots\" content=\"index, follow, max-snippet:-1, max-image-preview:large, max-video-preview:-1\" \/>\n<link rel=\"canonical\" href=\"https:\/\/esledprofile.com\/vi\/san-pham\/es-1506\/\" \/>\n<meta property=\"og:locale\" content=\"vi_VN\" \/>\n<meta property=\"og:type\" content=\"article\" \/>\n<meta property=\"og:title\" content=\"ES-1506\" \/>\n<meta property=\"og:description\" content=\"Distributor of LED Channels 15*06mm for LED strip lighting also called LED Profile\/LED extrusion\/LED Strip Channel, suitable for narrow places.\" \/>\n<meta property=\"og:url\" content=\"https:\/\/esledprofile.com\/vi\/san-pham\/es-1506\/\" \/>\n<meta property=\"og:site_name\" content=\"LED PROFILE Manufacturer\" \/>\n<meta property=\"article:modified_time\" content=\"2023-12-05T03:25:28+00:00\" \/>\n<meta property=\"og:image\" content=\"https:\/\/esledprofile.com\/wp-content\/uploads\/2023\/11\/LED-EXTRUSIONS-ES-1506.webp\" \/>\n\t<meta property=\"og:image:width\" content=\"800\" \/>\n\t<meta property=\"og:image:height\" content=\"800\" \/>\n\t<meta property=\"og:image:type\" content=\"image\/webp\" \/>\n<meta name=\"twitter:card\" content=\"summary_large_image\" \/>\n<script type=\"application\/ld+json\" class=\"yoast-schema-graph\">{\"@context\":\"https:\/\/schema.org\",\"@graph\":[{\"@type\":\"WebPage\",\"@id\":\"https:\/\/esledprofile.com\/product\/es-1506\/\",\"url\":\"https:\/\/esledprofile.com\/product\/es-1506\/\",\"name\":\"Distributor of LED Channels ES-1506 - LED PROFILE Manufacturer\",\"isPartOf\":{\"@id\":\"https:\/\/esledprofile.com\/#website\"},\"primaryImageOfPage\":{\"@id\":\"https:\/\/esledprofile.com\/product\/es-1506\/#primaryimage\"},\"image\":{\"@id\":\"https:\/\/esledprofile.com\/product\/es-1506\/#primaryimage\"},\"thumbnailUrl\":\"https:\/\/esledprofile.com\/wp-content\/uploads\/2023\/11\/LED-EXTRUSIONS-ES-1506.webp\",\"datePublished\":\"2023-11-15T11:06:40+00:00\",\"dateModified\":\"2023-12-05T03:25:28+00:00\",\"description\":\"Distributor of LED Channels 15*06mm for LED strip lighting also called LED Profile\/LED extrusion\/LED Strip Channel, suitable for narrow places.\",\"breadcrumb\":{\"@id\":\"https:\/\/esledprofile.com\/product\/es-1506\/#breadcrumb\"},\"inLanguage\":\"vi\",\"potentialAction\":[{\"@type\":\"ReadAction\",\"target\":[\"https:\/\/esledprofile.com\/product\/es-1506\/\"]}]},{\"@type\":\"ImageObject\",\"inLanguage\":\"vi\",\"@id\":\"https:\/\/esledprofile.com\/product\/es-1506\/#primaryimage\",\"url\":\"https:\/\/esledprofile.com\/wp-content\/uploads\/2023\/11\/LED-EXTRUSIONS-ES-1506.webp\",\"contentUrl\":\"https:\/\/esledprofile.com\/wp-content\/uploads\/2023\/11\/LED-EXTRUSIONS-ES-1506.webp\",\"width\":800,\"height\":800,\"caption\":\"LED EXTRUSIONS ES-1506\"},{\"@type\":\"BreadcrumbList\",\"@id\":\"https:\/\/esledprofile.com\/product\/es-1506\/#breadcrumb\",\"itemListElement\":[{\"@type\":\"ListItem\",\"position\":1,\"name\":\"Home\",\"item\":\"https:\/\/esledprofile.com\/\"},{\"@type\":\"ListItem\",\"position\":2,\"name\":\"Product\",\"item\":\"https:\/\/esledprofile.com\/product\/\"},{\"@type\":\"ListItem\",\"position\":3,\"name\":\"ES-1506\"}]},{\"@type\":\"WebSite\",\"@id\":\"https:\/\/esledprofile.com\/#website\",\"url\":\"https:\/\/esledprofile.com\/\",\"name\":\"LED PROFILE Manufacturer\",\"description\":\"\",\"publisher\":{\"@id\":\"https:\/\/esledprofile.com\/#organization\"},\"potentialAction\":[{\"@type\":\"SearchAction\",\"target\":{\"@type\":\"EntryPoint\",\"urlTemplate\":\"https:\/\/esledprofile.com\/?s={search_term_string}\"},\"query-input\":{\"@type\":\"PropertyValueSpecification\",\"valueRequired\":true,\"valueName\":\"search_term_string\"}}],\"inLanguage\":\"vi\"},{\"@type\":\"Organization\",\"@id\":\"https:\/\/esledprofile.com\/#organization\",\"name\":\"LED PROFILE Manufacturer\",\"url\":\"https:\/\/esledprofile.com\/\",\"logo\":{\"@type\":\"ImageObject\",\"inLanguage\":\"vi\",\"@id\":\"https:\/\/esledprofile.com\/#\/schema\/logo\/image\/\",\"url\":\"https:\/\/esledprofile.com\/wp-content\/uploads\/2023\/11\/logo1-removebg-preview.png\",\"contentUrl\":\"https:\/\/esledprofile.com\/wp-content\/uploads\/2023\/11\/logo1-removebg-preview.png\",\"width\":350,\"height\":100,\"caption\":\"LED PROFILE Manufacturer\"},\"image\":{\"@id\":\"https:\/\/esledprofile.com\/#\/schema\/logo\/image\/\"}}]}<\/script>\n<!-- \/ Yoast SEO Premium plugin. -->","yoast_head_json":{"title":"Nh\u00e0 ph\u00e2n ph\u1ed1i k\u00eanh LED ES-1506 - Nh\u00e0 s\u1ea3n xu\u1ea5t profile LED","description":"Nh\u00e0 ph\u00e2n ph\u1ed1i c\u00e1c k\u00eanh LED 15x06mm cho \u0111\u00e8n LED d\u1ea3i, c\u00f2n \u0111\u01b0\u1ee3c g\u1ecdi l\u00e0 k\u00eanh LED, thanh LED ho\u1eb7c k\u00eanh \u0111\u00e8n LED, ph\u00f9 h\u1ee3p cho c\u00e1c kh\u00f4ng gian h\u1eb9p.","robots":{"index":"index","follow":"follow","max-snippet":"max-snippet:-1","max-image-preview":"max-image-preview:large","max-video-preview":"max-video-preview:-1"},"canonical":"https:\/\/esledprofile.com\/vi\/san-pham\/es-1506\/","og_locale":"vi_VN","og_type":"article","og_title":"ES-1506","og_description":"Distributor of LED Channels 15*06mm for LED strip lighting also called LED Profile\/LED extrusion\/LED Strip Channel, suitable for narrow places.","og_url":"https:\/\/esledprofile.com\/vi\/san-pham\/es-1506\/","og_site_name":"LED PROFILE Manufacturer","article_modified_time":"2023-12-05T03:25:28+00:00","og_image":[{"width":800,"height":800,"url":"https:\/\/esledprofile.com\/wp-content\/uploads\/2023\/11\/LED-EXTRUSIONS-ES-1506.webp","type":"image\/webp"}],"twitter_card":"summary_large_image","schema":{"@context":"https:\/\/schema.org","@graph":[{"@type":"WebPage","@id":"https:\/\/esledprofile.com\/product\/es-1506\/","url":"https:\/\/esledprofile.com\/product\/es-1506\/","name":"Nh\u00e0 ph\u00e2n ph\u1ed1i k\u00eanh LED ES-1506 - Nh\u00e0 s\u1ea3n xu\u1ea5t profile LED","isPartOf":{"@id":"https:\/\/esledprofile.com\/#website"},"primaryImageOfPage":{"@id":"https:\/\/esledprofile.com\/product\/es-1506\/#primaryimage"},"image":{"@id":"https:\/\/esledprofile.com\/product\/es-1506\/#primaryimage"},"thumbnailUrl":"https:\/\/esledprofile.com\/wp-content\/uploads\/2023\/11\/LED-EXTRUSIONS-ES-1506.webp","datePublished":"2023-11-15T11:06:40+00:00","dateModified":"2023-12-05T03:25:28+00:00","description":"Nh\u00e0 ph\u00e2n ph\u1ed1i c\u00e1c k\u00eanh LED 15x06mm cho \u0111\u00e8n LED d\u1ea3i, c\u00f2n \u0111\u01b0\u1ee3c g\u1ecdi l\u00e0 k\u00eanh LED, thanh LED ho\u1eb7c k\u00eanh \u0111\u00e8n LED, ph\u00f9 h\u1ee3p cho c\u00e1c kh\u00f4ng gian h\u1eb9p.","breadcrumb":{"@id":"https:\/\/esledprofile.com\/product\/es-1506\/#breadcrumb"},"inLanguage":"vi","potentialAction":[{"@type":"ReadAction","target":["https:\/\/esledprofile.com\/product\/es-1506\/"]}]},{"@type":"ImageObject","inLanguage":"vi","@id":"https:\/\/esledprofile.com\/product\/es-1506\/#primaryimage","url":"https:\/\/esledprofile.com\/wp-content\/uploads\/2023\/11\/LED-EXTRUSIONS-ES-1506.webp","contentUrl":"https:\/\/esledprofile.com\/wp-content\/uploads\/2023\/11\/LED-EXTRUSIONS-ES-1506.webp","width":800,"height":800,"caption":"LED EXTRUSIONS ES-1506"},{"@type":"BreadcrumbList","@id":"https:\/\/esledprofile.com\/product\/es-1506\/#breadcrumb","itemListElement":[{"@type":"ListItem","position":1,"name":"Home","item":"https:\/\/esledprofile.com\/"},{"@type":"ListItem","position":2,"name":"Product","item":"https:\/\/esledprofile.com\/product\/"},{"@type":"ListItem","position":3,"name":"ES-1506"}]},{"@type":"WebSite","@id":"https:\/\/esledprofile.com\/#website","url":"https:\/\/esledprofile.com\/","name":"Nh\u00e0 s\u1ea3n xu\u1ea5t \u0111\u00e8n LED Profile","description":"","publisher":{"@id":"https:\/\/esledprofile.com\/#organization"},"potentialAction":[{"@type":"SearchAction","target":{"@type":"EntryPoint","urlTemplate":"https:\/\/esledprofile.com\/?s={search_term_string}"},"query-input":{"@type":"PropertyValueSpecification","valueRequired":true,"valueName":"search_term_string"}}],"inLanguage":"vi"},{"@type":"Organization","@id":"https:\/\/esledprofile.com\/#organization","name":"Nh\u00e0 s\u1ea3n xu\u1ea5t \u0111\u00e8n LED Profile","url":"https:\/\/esledprofile.com\/","logo":{"@type":"ImageObject","inLanguage":"vi","@id":"https:\/\/esledprofile.com\/#\/schema\/logo\/image\/","url":"https:\/\/esledprofile.com\/wp-content\/uploads\/2023\/11\/logo1-removebg-preview.png","contentUrl":"https:\/\/esledprofile.com\/wp-content\/uploads\/2023\/11\/logo1-removebg-preview.png","width":350,"height":100,"caption":"LED PROFILE Manufacturer"},"image":{"@id":"https:\/\/esledprofile.com\/#\/schema\/logo\/image\/"}}]}},"_links":{"self":[{"href":"https:\/\/esledprofile.com\/vi\/wp-json\/wp\/v2\/product\/568","targetHints":{"allow":["GET"]}}],"collection":[{"href":"https:\/\/esledprofile.com\/vi\/wp-json\/wp\/v2\/product"}],"about":[{"href":"https:\/\/esledprofile.com\/vi\/wp-json\/wp\/v2\/types\/product"}],"version-history":[{"count":0,"href":"https:\/\/esledprofile.com\/vi\/wp-json\/wp\/v2\/product\/568\/revisions"}],"wp:featuredmedia":[{"embeddable":true,"href":"https:\/\/esledprofile.com\/vi\/wp-json\/wp\/v2\/media\/570"}],"wp:attachment":[{"href":"https:\/\/esledprofile.com\/vi\/wp-json\/wp\/v2\/media?parent=568"}],"wp:term":[{"taxonomy":"product_brand","embeddable":true,"href":"https:\/\/esledprofile.com\/vi\/wp-json\/wp\/v2\/product_brand?post=568"},{"taxonomy":"product_cat","embeddable":true,"href":"https:\/\/esledprofile.com\/vi\/wp-json\/wp\/v2\/product_cat?post=568"},{"taxonomy":"product_tag","embeddable":true,"href":"https:\/\/esledprofile.com\/vi\/wp-json\/wp\/v2\/product_tag?post=568"}],"curies":[{"name":"wp","href":"https:\/\/api.w.org\/{rel}","templated":true}]}}